{"id":123486,"date":"2026-04-08T00:00:00","date_gmt":"2026-04-08T05:00:00","guid":{"rendered":"https:\/\/gpl-love.com\/es\/producto\/publishpress-blocks-pro\/"},"modified":"2026-04-10T11:22:26","modified_gmt":"2026-04-10T16:22:26","slug":"publishpress-blocks-pro","status":"publish","type":"product","link":"https:\/\/gpl-love.com\/es\/producto\/publishpress-blocks-pro\/","title":{"rendered":"PublishPress Blocks Pro 3.7.0"},"content":{"rendered":"<h3>PublishPress Blocks Pro Caracteristicas<\/h3>\n<p>PublishPress Blocks Pro es un complemento de WordPress incre\u00edblemente robusto y poderoso, dise\u00f1ado para simplificar la creaci\u00f3n de contenido para las personas que poseen sitios web y desarrolladores que trabajan con la plataforma. Al complementar el editor predeterminado de WordPress con una variedad de bloques invaluables, este complemento faculta a los usuarios crear dise\u00f1os y dise\u00f1os intrincados sin esfuerzo. Adem\u00e1s, PublishPress Blocks Pro ofrece una impresionante variedad de plantillas y temas preconstruidos, cada una totalmente personalizable para alinearse perfectamente con las necesidades y deseos espec\u00edficos del usuario. Con esta herramienta excepcional a su disposici\u00f3n, los usuarios pueden incorporar sin problemas contenido din\u00e1mico, como formularios, tablas de precios y galer\u00edas multimedia, en sus p\u00e1ginas web y publicaciones de blog. Adem\u00e1s de estas caracter\u00edsticas notables, el complemento tambi\u00e9n incluye funcionalidad avanzada que atiende espec\u00edficamente a los desarrolladores, otorg\u00e1ndoles la capacidad de modelar sus propios bloques y extensiones personalizadas que pueden integrarse perfectamente en cualquier sitio de WordPress. En conclusi\u00f3n, PublishPress Blocks Pro no solo posee una versatilidad extensa, sino que tambi\u00e9n cuenta con una interfaz notablemente f\u00e1cil de usar, que finalmente sirve para optimizar y mejorar el proceso de creaci\u00f3n de contenido dentro del entorno de WordPress.<\/p>\n<ul>\n<li>Un complemento de WordPress que mejora el editor de bloques con caracter\u00edsticas avanzadas<\/li>\n<li>Permite a los usuarios crear dise\u00f1os y dise\u00f1os profesionales sin habilidades de codificaci\u00f3n.<\/li>\n<li>Proporciona m\u00e1s de 50 bloques nuevos para agregar tipos de contenido personalizados, como tablas, gr\u00e1ficos y tablas de precios.<\/li>\n<li>Permite a los usuarios restringir y administrar el acceso a bloques espec\u00edficos o p\u00e1ginas completas para diferentes roles de usuario<\/li>\n<li>Permite a los usuarios crear plantillas de bloques personalizadas y reutilizarlas en varias p\u00e1ginas para un dise\u00f1o y dise\u00f1o consistentes.<\/li>\n<li>Proporciona una interfaz poderosa para agregar campos y metadatos personalizados a bloques para una mayor personalizaci\u00f3n y funcionalidad<\/li>\n<li>Incluye dise\u00f1os y plantillas de bloques preconstruidos para un desarrollo de sitios web m\u00e1s r\u00e1pido y m\u00e1s f\u00e1cil<\/li>\n<li>Ofrece actualizaciones frecuentes y soporte de primer nivel de un equipo de expertos en WordPress.<\/li>\n<\/ul>\n","protected":false},"excerpt":{"rendered":"<p>PublishPress Blocks Pro es un complemento de WordPress excepcional y formidable que sirve para optimizar el proceso de creaci\u00f3n de contenido al otorgar a los usuarios la capacidad de generar bloques, plantillas y dise\u00f1os personalizados sin esfuerzo. Este notable complemento ofrece una variedad diversa de bloques preexistentes al tiempo que brinda a los usuarios la oportunidad de cultivar sus propios bloques de contenido distintos desde cero, lo que lo convierte en un recurso invaluable para las personas que provienen de diversas disciplinas, como dise\u00f1adores, desarrolladores y vendedores. . Con la incorporaci\u00f3n de PublishPress Blocks Pro en su sitio web de WordPress, podr\u00e1 optimizar y acelerar su proceso de creaci\u00f3n de contenido mientras aumenta simult\u00e1neamente el atractivo est\u00e9tico y la apariencia general de su plataforma digital. Permita que su creatividad florezca, aumente la eficiencia de su flujo de trabajo editorial y eleve su encuentro de dise\u00f1o a un escal\u00f3n de excelencia sin precedentes. \u00a1No dude en adquirir su propio PublishPress Blocks Pro hoy!<\/p>\n","protected":false},"featured_media":167282,"comment_status":"open","ping_status":"open","template":"","meta":[],"product_brand":[2541],"product_cat":[1214,1206,1211],"product_tag":[2135],"class_list":{"0":"post-123486","1":"product","2":"type-product","3":"status-publish","4":"has-post-thumbnail","6":"product_brand-publishpress","7":"product_cat-personalizacion","8":"product_cat-plugins","9":"product_cat-wordpress-plugins","10":"product_tag-publishpress","11":"member-discount","12":"discount-restricted","14":"first","15":"instock","16":"sale","17":"downloadable","18":"virtual","19":"sold-individually","20":"purchasable","21":"product-type-simple"},"_links":{"self":[{"href":"https:\/\/gpl-love.com\/es\/wp-json\/wp\/v2\/product\/123486","targetHints":{"allow":["GET"]}}],"collection":[{"href":"https:\/\/gpl-love.com\/es\/wp-json\/wp\/v2\/product"}],"about":[{"href":"https:\/\/gpl-love.com\/es\/wp-json\/wp\/v2\/types\/product"}],"replies":[{"embeddable":true,"href":"https:\/\/gpl-love.com\/es\/wp-json\/wp\/v2\/comments?post=123486"}],"wp:featuredmedia":[{"embeddable":true,"href":"https:\/\/gpl-love.com\/es\/wp-json\/wp\/v2\/media\/167282"}],"wp:attachment":[{"href":"https:\/\/gpl-love.com\/es\/wp-json\/wp\/v2\/media?parent=123486"}],"wp:term":[{"taxonomy":"product_brand","embeddable":true,"href":"https:\/\/gpl-love.com\/es\/wp-json\/wp\/v2\/product_brand?post=123486"},{"taxonomy":"product_cat","embeddable":true,"href":"https:\/\/gpl-love.com\/es\/wp-json\/wp\/v2\/product_cat?post=123486"},{"taxonomy":"product_tag","embeddable":true,"href":"https:\/\/gpl-love.com\/es\/wp-json\/wp\/v2\/product_tag?post=123486"}],"curies":[{"name":"wp","href":"https:\/\/api.w.org\/{rel}","templated":true}]}}