{"id":123484,"date":"2025-10-29T00:00:00","date_gmt":"2025-10-29T05:00:00","guid":{"rendered":"https:\/\/gpl-love.com\/es\/producto\/woocommerce-refund-y-exchange-with-rma\/"},"modified":"2026-03-09T08:24:55","modified_gmt":"2026-03-09T13:24:55","slug":"woocommerce-refund-y-exchange-with-rma","status":"publish","type":"product","link":"https:\/\/gpl-love.com\/es\/producto\/woocommerce-refund-y-exchange-with-rma\/","title":{"rendered":"WooCommerce Refund y Exchange With RMA 3.2.8"},"content":{"rendered":"<h3>WooCommerce Refund y Exchange With RMA Caracteristicas<\/h3>\n<p>Al operar una tienda en l\u00ednea utilizando WooCommerce, uno debe reconocer la inevitable necesidad de reembolsos e intercambios. Sin embargo, hay una soluci\u00f3n que simplifica este proceso en gran medida: el reembolso de WooCommerce e intercambio con el complemento RMA. Este complemento permite a los clientes iniciar solicitudes de devoluci\u00f3n o cambio directamente a trav\u00e9s de su sitio web, al tiempo que le permite administrar de manera eficiente tales solicitudes. Adem\u00e1s, el complemento incorpora un sistema RMA robusto (autorizaci\u00f3n de mercanc\u00edas de retorno), que ayuda a monitorear las devoluciones y garantizar un proceso suave y simplificado tanto para usted como para sus clientes. Independientemente de si encuentra un n\u00famero menor de devoluciones o una abrumadora afluencia de solicitudes, el reembolso e intercambio de WooCommerce con el complemento RMA es una herramienta indispensable para cualquier minorista en l\u00ednea.<\/p>\n<ul>\n<li>Sin esfuerzo procesar reembolsos e intercambios para su tienda WooCommerce<\/li>\n<li>Agilice su servicio al cliente manejando devoluciones e intercambios con facilidad<\/li>\n<li>Rastrear f\u00e1cilmente los elementos devueltos con n\u00fameros RMA (autorizaci\u00f3n de mercanc\u00eda de retorno)<\/li>\n<li>Personalice su formulario RMA para adaptarse a las necesidades espec\u00edficas de su tienda<\/li>\n<li>Reduzca la carga de trabajo con notificaciones de correo electr\u00f3nico automatizadas tanto para clientes como para administradores de tiendas<\/li>\n<li>Administre convenientemente todos los elementos devueltos con la pesta\u00f1a de solicitudes de reembolso en su tablero WooCommerce<\/li>\n<li>Procese reembolsos e intercambios de manera r\u00e1pida y eficiente con una molestia m\u00ednima tanto para usted como para sus clientes.<\/li>\n<\/ul>\n","protected":false},"excerpt":{"rendered":"<p>Nuestro reembolso e intercambio de WooCommerce con el complemento RMA ofrece una soluci\u00f3n f\u00e1cil de usar que permite a los clientes iniciar sin esfuerzo solicitud, reembolso o intercambio de solicitudes de sus compras. A trav\u00e9s de una interfaz altamente intuitiva y directa, los clientes tienen la conveniencia de generar un n\u00famero de autorizaci\u00f3n de mercanc\u00edas (RMA) de devoluci\u00f3n, eligiendo el motivo espec\u00edfico de su regreso y monitorear convenientemente el progreso de su solicitud. Adem\u00e1s, nuestro complemento se integra perfectamente con su tienda WooCommerce existente, lo que le permite administrar sin esfuerzo las solicitudes de RMA, procesar eficientemente los reembolsos o intercambios, y realizar otras tareas administrativas. Al aprovechar las capacidades de esta herramienta robusta, no solo mejorar\u00e1 su capacidad de proporcionar un servicio al cliente excepcional, sino que tambi\u00e9n agilizar sus operaciones comerciales generales.<\/p>\n","protected":false},"featured_media":168244,"comment_status":"open","ping_status":"open","template":"","meta":[],"product_brand":[2339],"product_cat":[1208,1207,1206],"product_tag":[1256],"class_list":{"0":"post-123484","1":"product","2":"type-product","3":"status-publish","4":"has-post-thumbnail","6":"product_brand-codecanyon","7":"product_cat-administracion","8":"product_cat-comercio-electronico-plugins","9":"product_cat-plugins","10":"product_tag-codecanyon","11":"member-discount","12":"discount-restricted","14":"first","15":"instock","16":"sale","17":"downloadable","18":"virtual","19":"sold-individually","20":"purchasable","21":"product-type-simple"},"_links":{"self":[{"href":"https:\/\/gpl-love.com\/es\/wp-json\/wp\/v2\/product\/123484","targetHints":{"allow":["GET"]}}],"collection":[{"href":"https:\/\/gpl-love.com\/es\/wp-json\/wp\/v2\/product"}],"about":[{"href":"https:\/\/gpl-love.com\/es\/wp-json\/wp\/v2\/types\/product"}],"replies":[{"embeddable":true,"href":"https:\/\/gpl-love.com\/es\/wp-json\/wp\/v2\/comments?post=123484"}],"wp:featuredmedia":[{"embeddable":true,"href":"https:\/\/gpl-love.com\/es\/wp-json\/wp\/v2\/media\/168244"}],"wp:attachment":[{"href":"https:\/\/gpl-love.com\/es\/wp-json\/wp\/v2\/media?parent=123484"}],"wp:term":[{"taxonomy":"product_brand","embeddable":true,"href":"https:\/\/gpl-love.com\/es\/wp-json\/wp\/v2\/product_brand?post=123484"},{"taxonomy":"product_cat","embeddable":true,"href":"https:\/\/gpl-love.com\/es\/wp-json\/wp\/v2\/product_cat?post=123484"},{"taxonomy":"product_tag","embeddable":true,"href":"https:\/\/gpl-love.com\/es\/wp-json\/wp\/v2\/product_tag?post=123484"}],"curies":[{"name":"wp","href":"https:\/\/api.w.org\/{rel}","templated":true}]}}