{"id":123480,"date":"2024-10-19T00:00:00","date_gmt":"2024-10-19T05:00:00","guid":{"rendered":"https:\/\/gpl-love.com\/es\/producto\/themify-builder-maps-pro\/"},"modified":"2026-03-09T08:13:06","modified_gmt":"2026-03-09T13:13:06","slug":"themify-builder-maps-pro","status":"publish","type":"product","link":"https:\/\/gpl-love.com\/es\/producto\/themify-builder-maps-pro\/","title":{"rendered":"Themify Builder Maps Pro 3.5.5"},"content":{"rendered":"<h3>Themify Builder Maps Pro Caracteristicas<\/h3>\n<p>The Themify Builder Maps Pro es una herramienta excepcionalmente potente que demuestra ser invaluable para los constructores de sitios web que necesitan urgentemente incorporar mapas elaborados e interactivos en sus p\u00e1ginas web. Al utilizar este complemento notable, puede crear mapas a medida sin esfuerzo que cuenten con una variedad de estilos, marcadores y superposiciones. Ya sea que anhele exhibir la ubicaci\u00f3n precisa de su negocio o arrojar luz sobre puntos de referencia cruciales, tenga la seguridad de que el Builder mapas mapas atiende a todas sus necesidades. Este complemento, en particular, posee una naturaleza inmensamente flexible, ya que proporciona una variedad de opciones relacionadas con los niveles de zoom, los tipos de mapas e innumerables otras caracter\u00edsticas. Adem\u00e1s, se integra perfectamente con la plataforma Themify Builder, que le otorga efectivamente la capacidad de agregar mapas sin esfuerzo a cualquier p\u00e1gina o publicaci\u00f3n. Independientemente de si est\u00e1 construyendo un sitio web para fines personales o para un cliente, es un imperativo absoluto que se equipe con el notable Themify Builder Maps Pro, que sirve inequ\u00edvocamente como una herramienta indispensable para curar contenido que es din\u00e1mico y cautivador .<\/p>\n<ul>\n<li>Integraci\u00f3n avanzada de Google Maps para el dise\u00f1o de su sitio web<\/li>\n<li>Marcadores de mapa personalizables e informaci\u00f3n emergente Windows<\/li>\n<li>Compatible con cualquier tema o complemento de Themify Builder<\/li>\n<li>Interfaz de arrastrar y soltar f\u00e1ciles de usar para la creaci\u00f3n de mapas<\/li>\n<li>Elija entre m\u00faltiples estilos de mapa y temas<\/li>\n<li>Personalice el nivel de zoom y la ubicaci\u00f3n predeterminada de sus mapas<\/li>\n<li>Muestra mapas con superposiciones satelitales, tr\u00e1fico o terreno<\/li>\n<li>Agregue marcadores ilimitados e info Windows a sus mapas<\/li>\n<li>Dise\u00f1o receptivo m\u00f3vil para una visualizaci\u00f3n perfecta en todos los dispositivos<\/li>\n<li>Se integra a la perfecci\u00f3n con otros m\u00f3dulos y complementos Themify Builder.<\/li>\n<\/ul>\n","protected":false},"excerpt":{"rendered":"<p>Themify Builder Maps Pro es una herramienta excepcionalmente robusta que ofrece la capacidad de generar mapas visualmente impresionantes y altamente interactivos directamente en su sitio web. Al utilizar la funcionalidad de arrastre y ca\u00edda conveniente y f\u00e1cil de usar, puede incorporar sin esfuerzo marcadores, rutas y formas en su mapa, al tiempo que los personaliza simult\u00e1neamente con sus colores e \u00edconos preferidos. Adem\u00e1s, este complemento excepcional le otorga la oportunidad de mostrar contenido personalizado dentro de las ventanas emergentes que aparecer\u00e1n cuando los usuarios hagan clic en elementos espec\u00edficos del mapa. Esta caracter\u00edstica es particularmente ventajosa para las personas que buscan resaltar las ubicaciones de sus negocios, lugares para eventos o destinos de viajes favorecidos. Adem\u00e1s, al incorporar la compatibilidad nativa con Google Maps y OpenStreetMap, puede asegurarse de que sus mapas sigan siendo precisos y constantemente actualizados, lo que mejora a\u00fan m\u00e1s la experiencia general del usuario.<\/p>\n","protected":false},"featured_media":167746,"comment_status":"open","ping_status":"open","template":"","meta":[],"product_brand":[2578],"product_cat":[1214,1206,1211],"product_tag":[1400],"class_list":{"0":"post-123480","1":"product","2":"type-product","3":"status-publish","4":"has-post-thumbnail","6":"product_brand-themify","7":"product_cat-personalizacion","8":"product_cat-plugins","9":"product_cat-wordpress-plugins","10":"product_tag-themify","11":"member-discount","12":"discount-restricted","14":"first","15":"instock","16":"sale","17":"downloadable","18":"virtual","19":"sold-individually","20":"purchasable","21":"product-type-simple"},"_links":{"self":[{"href":"https:\/\/gpl-love.com\/es\/wp-json\/wp\/v2\/product\/123480","targetHints":{"allow":["GET"]}}],"collection":[{"href":"https:\/\/gpl-love.com\/es\/wp-json\/wp\/v2\/product"}],"about":[{"href":"https:\/\/gpl-love.com\/es\/wp-json\/wp\/v2\/types\/product"}],"replies":[{"embeddable":true,"href":"https:\/\/gpl-love.com\/es\/wp-json\/wp\/v2\/comments?post=123480"}],"wp:featuredmedia":[{"embeddable":true,"href":"https:\/\/gpl-love.com\/es\/wp-json\/wp\/v2\/media\/167746"}],"wp:attachment":[{"href":"https:\/\/gpl-love.com\/es\/wp-json\/wp\/v2\/media?parent=123480"}],"wp:term":[{"taxonomy":"product_brand","embeddable":true,"href":"https:\/\/gpl-love.com\/es\/wp-json\/wp\/v2\/product_brand?post=123480"},{"taxonomy":"product_cat","embeddable":true,"href":"https:\/\/gpl-love.com\/es\/wp-json\/wp\/v2\/product_cat?post=123480"},{"taxonomy":"product_tag","embeddable":true,"href":"https:\/\/gpl-love.com\/es\/wp-json\/wp\/v2\/product_tag?post=123480"}],"curies":[{"name":"wp","href":"https:\/\/api.w.org\/{rel}","templated":true}]}}