{"id":123478,"date":"2022-12-25T00:00:00","date_gmt":"2022-12-25T05:00:00","guid":{"rendered":"https:\/\/gpl-love.com\/es\/producto\/themify-builder-fittext\/"},"modified":"2026-03-09T08:13:00","modified_gmt":"2026-03-09T13:13:00","slug":"themify-builder-fittext","status":"publish","type":"product","link":"https:\/\/gpl-love.com\/es\/producto\/themify-builder-fittext\/","title":{"rendered":"Themify Builder FitText 3.0.1"},"content":{"rendered":"<h3>Themify Builder FitText Caracteristicas<\/h3>\n<p>Themify Builder FitText es una herramienta incre\u00edblemente potente y eficaz que se ha desarrollado meticulosamente para ayudarlo a fabricar sitios web absolutamente impresionantes, repleto de tipograf\u00eda que es realmente incomparable. Al incorporar este complemento ejemplar en sus dise\u00f1os, se le otorgar\u00e1 la capacidad de calibrar sin esfuerzo el tama\u00f1o de su contenido textual para adaptarse sin problemas y acomodar armoniosamente cualquier dimensi\u00f3n de pantalla o dispositivo electr\u00f3nico, asegurando as\u00ed que su valioso y convincente y convincente La informaci\u00f3n exhibe perpetuamente una apariencia altamente pulida y excepcionalmente legible. Ya sea que sea un dise\u00f1ador web experto y experimentado o un emprendedor visionario, es inequ\u00edvocamente imperativo que adopte de todo coraz\u00f3n Itmify Builder FitText como un elemento indispensable e integral dentro de su arsenal de dise\u00f1o web contempor\u00e1neo. Por lo tanto, \u00bfpor qu\u00e9 retrasar m\u00e1s? \u00a1Emp\u00e1rate en tu viaje hoy y comience el proceso de elaboraci\u00f3n de sitios web extraordinarios y receptivos que sin duda cautivar\u00e1n y asombrar\u00e1n a tu p\u00fablico objetivo, todo mientras impulsan tus empresas hacia adelante hacia un \u00e9xito y un crecimiento sin precedentes!<\/p>\n<ul>\n<li>Themify Builder FitText es una herramienta poderosa dise\u00f1ada para ayudar a crear dise\u00f1os receptivos para su sitio web.<\/li>\n<li>Con su ayuda, puede asegurarse de que el texto en su sitio web se vea muy bien en cualquier dispositivo, sin importar el tama\u00f1o de la pantalla.<\/li>\n<li>El constructor ofrece m\u00faltiples tama\u00f1os de fuente, e incluso puede ajustar el tama\u00f1o del texto en funci\u00f3n del ancho del contenedor en el que se encuentra.<\/li>\n<li>Esta caracter\u00edstica asegura que su texto se vea proporcional y atractivo, ya que se adapta a las dimensiones del dispositivo o navegador.<\/li>\n<li>El uso de FitText garantiza que su sitio web sea atractivo y f\u00e1cil de leer, aumentando la participaci\u00f3n del usuario y mejorando las clasificaciones de motores de b\u00fasqueda.<\/li>\n<li>FitText es totalmente personalizable, por lo que puede controlar cada aspecto del texto de su sitio, desde el tama\u00f1o hasta el peso de la fuente hasta el espacio de la letra.<\/li>\n<li>Es compatible con todos los principales temas de Themify y se puede usar directamente de la caja.<\/li>\n<li>El constructor tambi\u00e9n se actualiza regularmente, asegurando que permanezca compatible con las \u00faltimas versiones de WordPress y Temas de Temify.<\/li>\n<li>Es incre\u00edblemente f\u00e1cil de usar y no requiere conocimientos de codificaci\u00f3n ni habilidades t\u00e9cnicas.<\/li>\n<li>Themify Builder FitText es la herramienta perfecta para cualquier persona que busque una soluci\u00f3n asequible y de alta calidad para sus necesidades de tipograf\u00eda receptivas.<\/li>\n<\/ul>\n","protected":false},"excerpt":{"rendered":"<p>El complemento Themify Builder FitText ofrece a los usuarios la capacidad de generar una tipograf\u00eda receptiva que se adapta de manera inteligente a las dimensiones de la pantalla en la que se est\u00e1 viendo. Al aprovechar el poder del ajuste de ajuste, los individuos pueden producir titulares cautivadores sin esfuerzo que se ajustan sin esfuerzo a cualquier tama\u00f1o de pantalla, lo que garantiza un encuentro de visualizaci\u00f3n impecable e ininterrumpido para su p\u00fablico objetivo. Esta soluci\u00f3n es particularmente ideal para las personas que desean mejorar la calidad general de la tipograf\u00eda de su sitio web, todo al tiempo que elimina la necesidad de cambiar el tama\u00f1o manual o los esfuerzos de escala.<\/p>\n","protected":false},"featured_media":167742,"comment_status":"open","ping_status":"open","template":"","meta":[],"product_brand":[2578],"product_cat":[1214,1206,1211],"product_tag":[1400],"class_list":{"0":"post-123478","1":"product","2":"type-product","3":"status-publish","4":"has-post-thumbnail","6":"product_brand-themify","7":"product_cat-personalizacion","8":"product_cat-plugins","9":"product_cat-wordpress-plugins","10":"product_tag-themify","11":"member-discount","12":"discount-restricted","14":"first","15":"instock","16":"sale","17":"downloadable","18":"virtual","19":"sold-individually","20":"purchasable","21":"product-type-simple"},"_links":{"self":[{"href":"https:\/\/gpl-love.com\/es\/wp-json\/wp\/v2\/product\/123478","targetHints":{"allow":["GET"]}}],"collection":[{"href":"https:\/\/gpl-love.com\/es\/wp-json\/wp\/v2\/product"}],"about":[{"href":"https:\/\/gpl-love.com\/es\/wp-json\/wp\/v2\/types\/product"}],"replies":[{"embeddable":true,"href":"https:\/\/gpl-love.com\/es\/wp-json\/wp\/v2\/comments?post=123478"}],"wp:featuredmedia":[{"embeddable":true,"href":"https:\/\/gpl-love.com\/es\/wp-json\/wp\/v2\/media\/167742"}],"wp:attachment":[{"href":"https:\/\/gpl-love.com\/es\/wp-json\/wp\/v2\/media?parent=123478"}],"wp:term":[{"taxonomy":"product_brand","embeddable":true,"href":"https:\/\/gpl-love.com\/es\/wp-json\/wp\/v2\/product_brand?post=123478"},{"taxonomy":"product_cat","embeddable":true,"href":"https:\/\/gpl-love.com\/es\/wp-json\/wp\/v2\/product_cat?post=123478"},{"taxonomy":"product_tag","embeddable":true,"href":"https:\/\/gpl-love.com\/es\/wp-json\/wp\/v2\/product_tag?post=123478"}],"curies":[{"name":"wp","href":"https:\/\/api.w.org\/{rel}","templated":true}]}}