{"id":123476,"date":"2025-05-06T00:00:00","date_gmt":"2025-05-06T05:00:00","guid":{"rendered":"https:\/\/gpl-love.com\/es\/producto\/themify-builder-counter\/"},"modified":"2026-04-10T11:27:48","modified_gmt":"2026-04-10T16:27:48","slug":"themify-builder-counter","status":"publish","type":"product","link":"https:\/\/gpl-love.com\/es\/producto\/themify-builder-counter\/","title":{"rendered":"Themify Builder Counter 3.5.6"},"content":{"rendered":"<h3>Themify Builder Counter Caracteristicas<\/h3>\n<p>Themify Builder Counter es una herramienta incre\u00edblemente robusta que capacita a los propietarios de sitios web con la capacidad de crear mostradores visualmente llamativos y atractivos, que sirve como una plataforma para exhibir sus productos o servicios a su p\u00fablico objetivo espec\u00edfico. La interfaz f\u00e1cil de usar que se presenta dentro de este complemento ha revolucionado el proceso de creaci\u00f3n de contadores, proporcionando una experiencia sin esfuerzo y sin problemas. Esta oferta excepcional abarca una extensa variedad de plantillas y opciones de dise\u00f1o, lo que brinda a los usuarios la oportunidad de personalizar sus contadores de una manera que se alinee perfectamente con la identidad distinta de su marca. Desde estilos de contadores circulares a lineales y radiales, las posibilidades son realmente infinitas, a medida que las opciones de personalizaci\u00f3n se extienden a colores, fuentes y animaciones, lo que permite un control creativo completo. El contador del constructor Themify indudablemente representa la soluci\u00f3n incomparable para construir contadores impresionantes que no solo capturan la atenci\u00f3n indivisa de su audiencia, sino que tambi\u00e9n elevan su sitio web m\u00e1s all\u00e1 de la competencia existente.<\/p>\n<ul>\n<li>El contador del constructor de Themify agrega contadores visualmente atractivos a su sitio web<\/li>\n<li>Personalice el dise\u00f1o y la animaci\u00f3n de sus contadores para que coincidan con la est\u00e9tica de su sitio web<\/li>\n<li>Elija entre una variedad de tipos de contadores, que incluyen porcentaje, n\u00famero y barra de progreso<\/li>\n<li>Establezca valores de inicio y finalizaci\u00f3n, duraci\u00f3n y opciones de alquiler para sus contadores<\/li>\n<li>Use el m\u00f3dulo de contador de constructor Themify en cualquier p\u00e1gina o publique en su sitio web<\/li>\n<li>Impulse la participaci\u00f3n del usuario con contadores din\u00e1micos e interactivos que muestran los logros y estad\u00edsticas de su sitio web<\/li>\n<li>Disfrute de una interfaz f\u00e1cil de usar que sea f\u00e1cil crear y personalizar sus contadores<\/li>\n<li>Beneficiarse de las actualizaciones regulares y el apoyo de Themify, una empresa de desarrollo de WordPress de confianza.<\/li>\n<\/ul>\n","protected":false},"excerpt":{"rendered":"<p>Temify Builder Counter, una herramienta multifac\u00e9tica y f\u00e1cil de usar, le permite la capacidad de incorporar sin esfuerzo contadores, temporizadores y barras de progreso en sus dise\u00f1os. Poseiendo una extensa gama de opciones de personalizaci\u00f3n, esta herramienta le permite crear pantallas visualmente llamativas y cautivadoras que atrapar\u00e1n y cautivar\u00e1n a sus visitantes. Independientemente de si su objetivo es subrayar sus logros, acentuar sus promociones m\u00e1s recientes o infundir su p\u00e1gina web con Visual Allure, Themify Builder Counter surge como la soluci\u00f3n ideal y conveniente para acelerar y optimizar el logro de sus objetivos.<\/p>\n","protected":false},"featured_media":167741,"comment_status":"open","ping_status":"open","template":"","meta":[],"product_brand":[2578],"product_cat":[1214,1206,1211],"product_tag":[1400],"class_list":{"0":"post-123476","1":"product","2":"type-product","3":"status-publish","4":"has-post-thumbnail","6":"product_brand-themify","7":"product_cat-personalizacion","8":"product_cat-plugins","9":"product_cat-wordpress-plugins","10":"product_tag-themify","11":"member-discount","12":"discount-restricted","14":"first","15":"instock","16":"sale","17":"downloadable","18":"virtual","19":"sold-individually","20":"purchasable","21":"product-type-simple"},"_links":{"self":[{"href":"https:\/\/gpl-love.com\/es\/wp-json\/wp\/v2\/product\/123476","targetHints":{"allow":["GET"]}}],"collection":[{"href":"https:\/\/gpl-love.com\/es\/wp-json\/wp\/v2\/product"}],"about":[{"href":"https:\/\/gpl-love.com\/es\/wp-json\/wp\/v2\/types\/product"}],"replies":[{"embeddable":true,"href":"https:\/\/gpl-love.com\/es\/wp-json\/wp\/v2\/comments?post=123476"}],"wp:featuredmedia":[{"embeddable":true,"href":"https:\/\/gpl-love.com\/es\/wp-json\/wp\/v2\/media\/167741"}],"wp:attachment":[{"href":"https:\/\/gpl-love.com\/es\/wp-json\/wp\/v2\/media?parent=123476"}],"wp:term":[{"taxonomy":"product_brand","embeddable":true,"href":"https:\/\/gpl-love.com\/es\/wp-json\/wp\/v2\/product_brand?post=123476"},{"taxonomy":"product_cat","embeddable":true,"href":"https:\/\/gpl-love.com\/es\/wp-json\/wp\/v2\/product_cat?post=123476"},{"taxonomy":"product_tag","embeddable":true,"href":"https:\/\/gpl-love.com\/es\/wp-json\/wp\/v2\/product_tag?post=123476"}],"curies":[{"name":"wp","href":"https:\/\/api.w.org\/{rel}","templated":true}]}}