{"id":123474,"date":"2022-02-15T00:00:00","date_gmt":"2022-02-15T05:00:00","guid":{"rendered":"https:\/\/gpl-love.com\/es\/producto\/studiopress-outreach-pro-genesis-wordpress-theme\/"},"modified":"2026-04-10T11:26:26","modified_gmt":"2026-04-10T16:26:26","slug":"studiopress-outreach-pro-genesis-wordpress-theme","status":"publish","type":"product","link":"https:\/\/gpl-love.com\/es\/producto\/studiopress-outreach-pro-genesis-wordpress-theme\/","title":{"rendered":"StudioPress Outreach Pro Genesis WordPress Theme 3.1.2"},"content":{"rendered":"<h3>StudioPress Outreach Pro Genesis WordPress Theme Caracteristicas<\/h3>\n<p>El tema de WordPress de SudioPress Outreach Pro Genesis, conocido por su cautivador atractivo visual y su dise\u00f1o receptivo, sirve como una herramienta excepcional para bloggers y empresas con el objetivo de establecer una presencia digital altamente profesional. Con un dise\u00f1o inmaculado y contempor\u00e1neo, este tema demuestra ser una plataforma ideal para mostrar una variedad de contenido, como publicaciones de blog, carteras y productos. Sorprendentemente, f\u00e1cil de usar, el tema ofrece una amplia gama de opciones de personalizaci\u00f3n, que abarca widgets personalizables, un encabezado personalizable y una selecci\u00f3n diversa de colores. Adem\u00e1s, el tema de WordPress de Outreach Pro Genesis de StudioPress est\u00e1 optimizado diligentemente para los motores de b\u00fasqueda, asegurando la capacidad de descubrimiento sin esfuerzo de su contenido entre su p\u00fablico objetivo previsto. Independientemente de si opera como blogger, emprendedor o propietario de peque\u00f1as empresas, el tema StudioPress Outreach Pro Genesis WordPress se presenta como la soluci\u00f3n definitiva para construir una presencia en l\u00ednea dominante.<\/p>\n<ul>\n<li>Dise\u00f1o elegante y moderno<\/li>\n<li>Receptivo m\u00f3vil para una visualizaci\u00f3n \u00f3ptima en todos los dispositivos<\/li>\n<li>Construido sobre el poderoso marco de Genesis<\/li>\n<li>\u00c1reas de widget de p\u00e1gina de inicio personalizables<\/li>\n<li>Varias opciones de dise\u00f1o diferentes para p\u00e1ginas de blogs<\/li>\n<li>Se integra a la perfecci\u00f3n con varias plataformas de redes sociales<\/li>\n<li>Incluye un encabezado y pie de p\u00e1gina personalizable<\/li>\n<li>Incluye varias plantillas de p\u00e1gina prefabricadas para una f\u00e1cil creaci\u00f3n de sitios web<\/li>\n<li>Optimizado para la optimizaci\u00f3n de motores de b\u00fasqueda (SEO)<\/li>\n<li>Seguro y confiable para la tranquilidad.<\/li>\n<\/ul>\n","protected":false},"excerpt":{"rendered":"<p>El tema de WordPress de STUDIOPRESS Outreach Pro Genesis, realmente un instrumento exquisito y formidable, sirve como un recurso fundamental para los bloggers y los especialistas en marketing en l\u00ednea que se esfuerzan por crear un sitio web que no solo exude la profesionalidad, sino que tambi\u00e9n cautiva a los visitantes. Este tema cuenta con una gran cantidad de elementos de dise\u00f1o pr\u00edstinos y contempor\u00e1neos, todo al tiempo que garantiza que la optimizaci\u00f3n de motores de b\u00fasqueda est\u00e9 a la vanguardia de su funcionalidad. Adem\u00e1s, la confiabilidad del marco de G\u00e9nesis sobre el que se construye solidifica a\u00fan m\u00e1s su valor. Su personalizaci\u00f3n inigualable se extiende a widgets y \u00e1reas de widgets, im\u00e1genes y secciones de contenido destacadas, otorgando a los usuarios la capacidad de adaptar su sitio web a sus especificaciones precisas. Por \u00faltimo, el panel administrativo intuitivo hace que el tema de WordPress de extensi\u00f3n de extensi\u00f3n de Extensi\u00f3n sea una opci\u00f3n inigualable para las personas que buscan elevar su presencia en l\u00ednea a alturas sin precedentes.<\/p>\n","protected":false},"featured_media":167625,"comment_status":"open","ping_status":"open","template":"","meta":[],"product_brand":[2358],"product_cat":[1245,1237,1238],"product_tag":[1383],"class_list":{"0":"post-123474","1":"product","2":"type-product","3":"status-publish","4":"has-post-thumbnail","6":"product_brand-studiopress","7":"product_cat-blog-revista","8":"product_cat-temas","9":"product_cat-wordpress-temas","10":"product_tag-studiopress","11":"member-discount","12":"discount-restricted","14":"first","15":"instock","16":"sale","17":"downloadable","18":"virtual","19":"sold-individually","20":"purchasable","21":"product-type-simple"},"_links":{"self":[{"href":"https:\/\/gpl-love.com\/es\/wp-json\/wp\/v2\/product\/123474","targetHints":{"allow":["GET"]}}],"collection":[{"href":"https:\/\/gpl-love.com\/es\/wp-json\/wp\/v2\/product"}],"about":[{"href":"https:\/\/gpl-love.com\/es\/wp-json\/wp\/v2\/types\/product"}],"replies":[{"embeddable":true,"href":"https:\/\/gpl-love.com\/es\/wp-json\/wp\/v2\/comments?post=123474"}],"wp:featuredmedia":[{"embeddable":true,"href":"https:\/\/gpl-love.com\/es\/wp-json\/wp\/v2\/media\/167625"}],"wp:attachment":[{"href":"https:\/\/gpl-love.com\/es\/wp-json\/wp\/v2\/media?parent=123474"}],"wp:term":[{"taxonomy":"product_brand","embeddable":true,"href":"https:\/\/gpl-love.com\/es\/wp-json\/wp\/v2\/product_brand?post=123474"},{"taxonomy":"product_cat","embeddable":true,"href":"https:\/\/gpl-love.com\/es\/wp-json\/wp\/v2\/product_cat?post=123474"},{"taxonomy":"product_tag","embeddable":true,"href":"https:\/\/gpl-love.com\/es\/wp-json\/wp\/v2\/product_tag?post=123474"}],"curies":[{"name":"wp","href":"https:\/\/api.w.org\/{rel}","templated":true}]}}