{"id":123472,"date":"2021-02-09T00:00:00","date_gmt":"2021-02-09T05:00:00","guid":{"rendered":"https:\/\/gpl-love.com\/es\/producto\/studiopress-niche-pro-genesis-wordpress-theme\/"},"modified":"2026-04-10T11:26:25","modified_gmt":"2026-04-10T16:26:25","slug":"studiopress-niche-pro-genesis-wordpress-theme","status":"publish","type":"product","link":"https:\/\/gpl-love.com\/es\/producto\/studiopress-niche-pro-genesis-wordpress-theme\/","title":{"rendered":"StudioPress Niche Pro Genesis WordPress Theme 1.0.0"},"content":{"rendered":"<h3>StudioPress Niche Pro Genesis WordPress Theme Caracteristicas<\/h3>\n<p>El tema de WordPress de Niche Pro Genesis de StudioPress es una opci\u00f3n extraordinaria para individuos o empresas que buscan construir un sitio web profesional, ya que presenta una variedad de caracter\u00edsticas ventajosas. Este tema es particularmente adecuado para aquellos que desean establecer un sitio web espec\u00edfico de nicho, ya que proporciona opciones de personalizaci\u00f3n sin esfuerzo que atienden a cualquier industria. Su base se encuentra en el altamente estimado Marco de Genesis, que garantiza una plataforma segura y confiable para su sitio. El dise\u00f1o est\u00e9tico exuda una sensaci\u00f3n de sofisticaci\u00f3n y contemporaneidad, con un dise\u00f1o receptivo que se adapta perfectamente a todos los dispositivos. El tema Nicho Pro est\u00e1 equipado con caracter\u00edsticas incorporadas que aumentan la optimizaci\u00f3n de motores de b\u00fasqueda y la velocidad de la p\u00e1gina, asegurando as\u00ed que su sitio alcance una clasificaci\u00f3n encomiable en los resultados de b\u00fasqueda. En virtud de sus numerosas plantillas de p\u00e1gina y \u00e1reas de widgets, est\u00e1 facultado para crear un sitio web distintivo que se alinee perfectamente con sus requisitos espec\u00edficos. Sin lugar a dudas, el tema de WordPress del nicho de Niche PRO G\u00e9nesis de StudioPress representa una inversi\u00f3n que vale la pena que elevar\u00e1 significativamente la profesionalidad de su sitio web.<\/p>\n<ul>\n<li>Tema de WordPress altamente personalizable dise\u00f1ado para nicho de mercado<\/li>\n<li>Construido sobre el marco de g\u00e9nesis seguro y confiable para un rendimiento \u00f3ptimo<\/li>\n<li>Incluye una gama de plantillas de p\u00e1gina predise\u00f1adas, que incluyen p\u00e1ginas de destino y dise\u00f1os de blogs<\/li>\n<li>Interfaz de backend f\u00e1cil de usar para personalizar el dise\u00f1o, el dise\u00f1o y la funcionalidad<\/li>\n<li>Optimizado para la optimizaci\u00f3n de motores de b\u00fasqueda (SEO) para mejorar la visibilidad de su sitio web<\/li>\n<li>El dise\u00f1o receptivo garantiza que su sitio web se vea muy bien en todos los dispositivos, incluidos las computadoras de escritorio, las tabletas y los tel\u00e9fonos inteligentes.<\/li>\n<li>Integraci\u00f3n perfecta con complementos populares de WordPress, incluido WooCommerce para la funcionalidad de comercio electr\u00f3nico<\/li>\n<li>Incluye documentaci\u00f3n detallada y acceso a los foros de soporte de StudioPress para obtener ayuda con cualquier problema o pregunta.<\/li>\n<\/ul>\n","protected":false},"excerpt":{"rendered":"<p>El tema de WordPress de Niche Pro Genesis de StudioPress, con su impresionante gama de capacidades y naturaleza adaptable, demuestra ser una soluci\u00f3n excepcional y vers\u00e1til para construir sitios web y blogs y blogs visualmente cautivadores y atractivos adaptados para cualquier mercado especializado. Su extensa gama de caracter\u00edsticas potentes, junto con su interfaz f\u00e1cil de usar, le otorga la capacidad de personalizar y personalizar sin esfuerzo su sitio web, asegurando que armonice sin problemas con la identidad y el estilo distintivo de su marca. Con un dise\u00f1o est\u00e9ticamente optimizado que ha sido meticulosamente optimizado tanto para la rapidez como para la funcionalidad, este tema sirve como la opci\u00f3n ideal para empresas, empresarios y bloggers que aspiran a establecer una presencia en l\u00ednea pulida y sofisticada. Ya sea que est\u00e9 buscando lanzar un nuevo producto innovador, generar una mayor visibilidad para sus servicios, o compartir de todo coraz\u00f3n su fervor y celo con la comunidad global en general, tenga la seguridad de que el tema de WordPress de nicho pro genesis de StudioPress est\u00e1 equipado con todas las herramientas indispensables y Caracter\u00edsticas necesarias para transformar sus aspiraciones visionarias en realidad tangible.<\/p>\n","protected":false},"featured_media":167624,"comment_status":"open","ping_status":"open","template":"","meta":[],"product_brand":[2358],"product_cat":[1245,1237,1238],"product_tag":[1383],"class_list":{"0":"post-123472","1":"product","2":"type-product","3":"status-publish","4":"has-post-thumbnail","6":"product_brand-studiopress","7":"product_cat-blog-revista","8":"product_cat-temas","9":"product_cat-wordpress-temas","10":"product_tag-studiopress","11":"member-discount","12":"discount-restricted","14":"first","15":"instock","16":"sale","17":"downloadable","18":"virtual","19":"sold-individually","20":"purchasable","21":"product-type-simple"},"_links":{"self":[{"href":"https:\/\/gpl-love.com\/es\/wp-json\/wp\/v2\/product\/123472","targetHints":{"allow":["GET"]}}],"collection":[{"href":"https:\/\/gpl-love.com\/es\/wp-json\/wp\/v2\/product"}],"about":[{"href":"https:\/\/gpl-love.com\/es\/wp-json\/wp\/v2\/types\/product"}],"replies":[{"embeddable":true,"href":"https:\/\/gpl-love.com\/es\/wp-json\/wp\/v2\/comments?post=123472"}],"wp:featuredmedia":[{"embeddable":true,"href":"https:\/\/gpl-love.com\/es\/wp-json\/wp\/v2\/media\/167624"}],"wp:attachment":[{"href":"https:\/\/gpl-love.com\/es\/wp-json\/wp\/v2\/media?parent=123472"}],"wp:term":[{"taxonomy":"product_brand","embeddable":true,"href":"https:\/\/gpl-love.com\/es\/wp-json\/wp\/v2\/product_brand?post=123472"},{"taxonomy":"product_cat","embeddable":true,"href":"https:\/\/gpl-love.com\/es\/wp-json\/wp\/v2\/product_cat?post=123472"},{"taxonomy":"product_tag","embeddable":true,"href":"https:\/\/gpl-love.com\/es\/wp-json\/wp\/v2\/product_tag?post=123472"}],"curies":[{"name":"wp","href":"https:\/\/api.w.org\/{rel}","templated":true}]}}