{"id":123470,"date":"2021-02-09T00:00:00","date_gmt":"2021-02-09T05:00:00","guid":{"rendered":"https:\/\/gpl-love.com\/es\/producto\/studiopress-news-pro-genesis-wordpress-theme\/"},"modified":"2026-04-10T11:26:25","modified_gmt":"2026-04-10T16:26:25","slug":"studiopress-news-pro-genesis-wordpress-theme","status":"publish","type":"product","link":"https:\/\/gpl-love.com\/es\/producto\/studiopress-news-pro-genesis-wordpress-theme\/","title":{"rendered":"StudioPress News Pro Genesis WordPress Theme 3.3.0"},"content":{"rendered":"<h3>StudioPress News Pro Genesis WordPress Theme Caracteristicas<\/h3>\n<p>El tema de WordPress de StudioPress News Pro Genesis, con su dise\u00f1o elegante y moderno, surge como una elecci\u00f3n \u00f3ptima para los sitios web de noticias o medios que buscan establecer una presencia formidable en l\u00ednea. Cumpliendo con los principios de respuesta, este tema asegura que su contenido parezca espl\u00e9ndidamente en todos los dispositivos. Adem\u00e1s, su p\u00e1gina de inicio altamente personalizable le permite acentuar sus principales historias y contenido destacado. Adem\u00e1s de estas caracter\u00edsticas, el tema abarca una gran cantidad de opciones de personalizaci\u00f3n, que van desde plantillas de p\u00e1gina personalizadas hasta \u00e1reas de widgets. En consecuencia, tiene la flexibilidad de ajustar su sitio web de acuerdo con sus requisitos espec\u00edficos. Con una est\u00e9tica limpia y profesional, el tema de StudioPress News Pro Genesis WordPress surge inequ\u00edvocamente como una excelente opci\u00f3n para organizaciones de noticias o medios de comunicaci\u00f3n con el objetivo de forjar una identidad en l\u00ednea distinguida.<\/p>\n<ul>\n<li>Dise\u00f1o elegante y moderno perfecto para sitios web de noticias y revistas<\/li>\n<li>Responsable m\u00f3vil y optimizado para todos los dispositivos<\/li>\n<li>Opciones personalizables de encabezado y pie de p\u00e1gina<\/li>\n<li>Opciones de dise\u00f1o m\u00faltiples para publicaciones y p\u00e1ginas<\/li>\n<li>Espacios publicitarios incorporados para la monetizaci\u00f3n<\/li>\n<li>Integraci\u00f3n con complementos populares como WooCommerce y MailChimp<\/li>\n<li>F\u00e1cil de usar y personalizar con un conocimiento de codificaci\u00f3n m\u00ednimo requerido<\/li>\n<li>Construido en el marco de g\u00e9nesis para la fiabilidad y la velocidad<\/li>\n<li>Soporte dedicado y actualizaciones frecuentes del equipo de StudioPress<\/li>\n<li>Compatible con el editor de Gutenberg para una f\u00e1cil creaci\u00f3n de contenido.<\/li>\n<\/ul>\n","protected":false},"excerpt":{"rendered":"<p>El tema de WordPress de StudioPress News Pro Genesis, con sus caracter\u00edsticas din\u00e1micas y modernas, ha sido complejo para facilitar la creaci\u00f3n de una plataforma en l\u00ednea profesional y cautivadora. Su dise\u00f1o elegante y sofisticado lo convierte en una opci\u00f3n impecable para sitios web de noticias, revistas y blogs que cuentan con una gran cantidad de contenido atractivo. Ofreciendo widgets de p\u00e1gina de inicio personalizables, un men\u00fa de navegaci\u00f3n flexible y una variedad de opciones de tema, este tema le permite dise\u00f1ar una est\u00e9tica verdaderamente \u00fanica para su sitio web. Adem\u00e1s, su base en el poderoso marco de Genesis asegura no solo un entorno digital seguro sino tambi\u00e9n optimizado. Al utilizar StudioPress News Pro, sin duda podr\u00e1 presentar su contenido un estilo incomparable y distinguirse sin esfuerzo de las masas.<\/p>\n","protected":false},"featured_media":167623,"comment_status":"open","ping_status":"open","template":"","meta":[],"product_brand":[2358],"product_cat":[1245,1237,1238],"product_tag":[1383],"class_list":{"0":"post-123470","1":"product","2":"type-product","3":"status-publish","4":"has-post-thumbnail","6":"product_brand-studiopress","7":"product_cat-blog-revista","8":"product_cat-temas","9":"product_cat-wordpress-temas","10":"product_tag-studiopress","11":"member-discount","12":"discount-restricted","14":"first","15":"instock","16":"sale","17":"downloadable","18":"virtual","19":"sold-individually","20":"purchasable","21":"product-type-simple"},"_links":{"self":[{"href":"https:\/\/gpl-love.com\/es\/wp-json\/wp\/v2\/product\/123470","targetHints":{"allow":["GET"]}}],"collection":[{"href":"https:\/\/gpl-love.com\/es\/wp-json\/wp\/v2\/product"}],"about":[{"href":"https:\/\/gpl-love.com\/es\/wp-json\/wp\/v2\/types\/product"}],"replies":[{"embeddable":true,"href":"https:\/\/gpl-love.com\/es\/wp-json\/wp\/v2\/comments?post=123470"}],"wp:featuredmedia":[{"embeddable":true,"href":"https:\/\/gpl-love.com\/es\/wp-json\/wp\/v2\/media\/167623"}],"wp:attachment":[{"href":"https:\/\/gpl-love.com\/es\/wp-json\/wp\/v2\/media?parent=123470"}],"wp:term":[{"taxonomy":"product_brand","embeddable":true,"href":"https:\/\/gpl-love.com\/es\/wp-json\/wp\/v2\/product_brand?post=123470"},{"taxonomy":"product_cat","embeddable":true,"href":"https:\/\/gpl-love.com\/es\/wp-json\/wp\/v2\/product_cat?post=123470"},{"taxonomy":"product_tag","embeddable":true,"href":"https:\/\/gpl-love.com\/es\/wp-json\/wp\/v2\/product_tag?post=123470"}],"curies":[{"name":"wp","href":"https:\/\/api.w.org\/{rel}","templated":true}]}}