{"id":123468,"date":"2025-06-05T00:00:00","date_gmt":"2025-06-05T05:00:00","guid":{"rendered":"https:\/\/gpl-love.com\/es\/producto\/studiopress-monochrome-pro-genesis-wordpress-theme\/"},"modified":"2026-04-10T11:26:23","modified_gmt":"2026-04-10T16:26:23","slug":"studiopress-monochrome-pro-genesis-wordpress-theme","status":"publish","type":"product","link":"https:\/\/gpl-love.com\/es\/producto\/studiopress-monochrome-pro-genesis-wordpress-theme\/","title":{"rendered":"StudioPress Monochrome Pro Genesis WordPress Theme 1.6.2"},"content":{"rendered":"<h3>StudioPress Monochrome Pro Genesis WordPress Theme Caracteristicas<\/h3>\n<p>El tema de WordPress de Monocrom\u00e9 de StudioPress Pro Genesis, con su est\u00e9tica elegante y moderna, se presenta como una opci\u00f3n viable para las personas en busca de un dise\u00f1o minimalista. Este tema muestra un dise\u00f1o que es limpio y n\u00edtido, lo que pone \u00e9nfasis con \u00e9xito en la importancia de la tipograf\u00eda e im\u00e1genes. Adem\u00e1s, cuenta con una gran cantidad de caracter\u00edsticas personalizables que permiten a los usuarios adaptar sin esfuerzo su sitio web para alinearse con sus distintas preferencias de marca y est\u00e9tica. Adem\u00e1s, ofrece elementos de dise\u00f1o receptivos que aseguran experiencias de visualizaci\u00f3n \u00f3ptimas en varios dispositivos m\u00f3viles. Vale la pena se\u00f1alar que Monocrome Pro tambi\u00e9n abarca una variedad de funcionalidades incorporadas, incluidas, entre otros, secciones de encabezado y pie de p\u00e1gina personalizables, \u00e1reas de widgets m\u00faltiples e integraci\u00f3n perfecta con WooCommerce, facilitando as\u00ed las capacidades de comercio electr\u00f3nico. Para resumir, el tema de WordPress de Monocrome Pro Genesis es una excelente opci\u00f3n para las personas que buscan un dise\u00f1o de sitios web que personifica la limpieza, la modernidad y la personalizaci\u00f3n.<\/p>\n<ul>\n<li>Dise\u00f1o elegante y moderno con una paleta de colores en blanco y negro<\/li>\n<li>Construido sobre el poderoso y confiable marco de G\u00e9nesis<\/li>\n<li>Totalmente receptivo y amigable para los dispositivos m\u00f3viles, asegurando que su sitio web se vea muy bien en todos los dispositivos<\/li>\n<li>Opciones de personalizaci\u00f3n f\u00e1cil, incluidas las opciones de fuente y color, para hacer que el tema sea suyo<\/li>\n<li>Dise\u00f1ado espec\u00edficamente para bloggers, fot\u00f3grafos y creatividades<\/li>\n<li>Incluye plantillas de p\u00e1gina preconstruidas para blog, cartera y p\u00e1ginas de destino<\/li>\n<li>Optimizado para SEO para ayudar a su sitio web a clasificar m\u00e1s alto en los motores de b\u00fasqueda<\/li>\n<li>Incluye el complemento de Genesis Enews y actualizaciones para una f\u00e1cil construcci\u00f3n y gesti\u00f3n de la lista de correo electr\u00f3nico<\/li>\n<li>Compatible con complementos populares de WordPress, como Formularios de WooCommerce y Gravity<\/li>\n<li>Incluye un a\u00f1o de soporte y actualizaciones de StudioPress.<\/li>\n<\/ul>\n","protected":false},"excerpt":{"rendered":"<p>El tema de WordPress de Monocromo Pro Genesis de StudioPress, reconocido por su est\u00e9tica elegante y moderna, presenta una opci\u00f3n ideal para las personas que buscan establecer una presencia digital dentro de los \u00e1mbitos de la creatividad o los negocios. Con un dise\u00f1o minimalista y desenfrenado, este tema dirige efectivamente la atenci\u00f3n del espectador hacia el punto focal del sitio web: su contenido. Adem\u00e1s, el tema Monocrome Pro otorga a los usuarios la capacidad de adaptar sin esfuerzo su sitio para alinearse con su identidad de marca, asegurando as\u00ed una experiencia en l\u00ednea cohesiva y visualmente cautivadora para los visitantes.<\/p>\n","protected":false},"featured_media":167621,"comment_status":"open","ping_status":"open","template":"","meta":[],"product_brand":[2358],"product_cat":[1267,1237,1238],"product_tag":[1383],"class_list":{"0":"post-123468","1":"product","2":"type-product","3":"status-publish","4":"has-post-thumbnail","6":"product_brand-studiopress","7":"product_cat-creativo","8":"product_cat-temas","9":"product_cat-wordpress-temas","10":"product_tag-studiopress","11":"member-discount","12":"discount-restricted","14":"first","15":"instock","16":"sale","17":"downloadable","18":"virtual","19":"sold-individually","20":"purchasable","21":"product-type-simple"},"_links":{"self":[{"href":"https:\/\/gpl-love.com\/es\/wp-json\/wp\/v2\/product\/123468","targetHints":{"allow":["GET"]}}],"collection":[{"href":"https:\/\/gpl-love.com\/es\/wp-json\/wp\/v2\/product"}],"about":[{"href":"https:\/\/gpl-love.com\/es\/wp-json\/wp\/v2\/types\/product"}],"replies":[{"embeddable":true,"href":"https:\/\/gpl-love.com\/es\/wp-json\/wp\/v2\/comments?post=123468"}],"wp:featuredmedia":[{"embeddable":true,"href":"https:\/\/gpl-love.com\/es\/wp-json\/wp\/v2\/media\/167621"}],"wp:attachment":[{"href":"https:\/\/gpl-love.com\/es\/wp-json\/wp\/v2\/media?parent=123468"}],"wp:term":[{"taxonomy":"product_brand","embeddable":true,"href":"https:\/\/gpl-love.com\/es\/wp-json\/wp\/v2\/product_brand?post=123468"},{"taxonomy":"product_cat","embeddable":true,"href":"https:\/\/gpl-love.com\/es\/wp-json\/wp\/v2\/product_cat?post=123468"},{"taxonomy":"product_tag","embeddable":true,"href":"https:\/\/gpl-love.com\/es\/wp-json\/wp\/v2\/product_tag?post=123468"}],"curies":[{"name":"wp","href":"https:\/\/api.w.org\/{rel}","templated":true}]}}