{"id":123466,"date":"2021-02-09T00:00:00","date_gmt":"2021-02-09T05:00:00","guid":{"rendered":"https:\/\/gpl-love.com\/es\/producto\/studiopress-milan-pro-genesis-wordpress-theme\/"},"modified":"2026-04-10T11:26:22","modified_gmt":"2026-04-10T16:26:22","slug":"studiopress-milan-pro-genesis-wordpress-theme","status":"publish","type":"product","link":"https:\/\/gpl-love.com\/es\/producto\/studiopress-milan-pro-genesis-wordpress-theme\/","title":{"rendered":"StudioPress Milan Pro Genesis WordPress Theme 1.1.0"},"content":{"rendered":"<h3>StudioPress Milan Pro Genesis WordPress Theme Caracteristicas<\/h3>\n<p>El tema de WordPress de StudioPress Milan Pro Genesis se presenta como una alternativa elegante y contempor\u00e1nea para las personas en busca de dise\u00f1ar un sitio web sofisticado que exude profesionalismo. Con un \u00e9nfasis en la optimizaci\u00f3n de la velocidad y el rendimiento, este tema garantiza una experiencia de navegaci\u00f3n perfecta y expedita para los usuarios. Su caracter\u00edstica distintiva se encuentra en la provisi\u00f3n de una p\u00e1gina de inicio personalizable que acomoda m\u00faltiples \u00e1reas de widgets, lo que permite una personalizaci\u00f3n y adaptabilidad sin esfuerzo. Adem\u00e1s, Milan Pro se enorgullece de su dise\u00f1o de respuesta m\u00f3vil, asegurando que su sitio web mantenga su atractivo visual en todos los dispositivos. Con l\u00edneas limpias, tipograf\u00eda refinada y atenci\u00f3n meticulosa al detalle, este tema surge como una opci\u00f3n superior para blogueros, creativos y empresas que se esfuerzan por crear una presencia en l\u00ednea pulida y simplificada.<\/p>\n<ul>\n<li>Dise\u00f1o elegante y moderno con elementos minimalistas<\/li>\n<li>Dise\u00f1o de respuesta m\u00f3vil para una visualizaci\u00f3n \u00f3ptima en todos los dispositivos<\/li>\n<li>Construido sobre el poderoso marco de g\u00e9nesis para el c\u00f3digo s\u00f3lido y la funcionalidad<\/li>\n<li>Personalizaci\u00f3n f\u00e1cil con widgets y opciones de temas preconstruidos<\/li>\n<li>Optimizado para SEO para mejorar las clasificaciones de los motores de b\u00fasqueda<\/li>\n<li>Soporte incorporado para la funcionalidad de comercio electr\u00f3nico<\/li>\n<li>Incluye varias plantillas de p\u00e1gina para diferentes tipos de contenido.<\/li>\n<li>Se integra a la perfecci\u00f3n con varios complementos populares para una funcionalidad adicional<\/li>\n<li>Tiempos de carga r\u00e1pida para una experiencia de usuario \u00f3ptima<\/li>\n<li>Excelente servicio al cliente y documentaci\u00f3n incluida con la compra<\/li>\n<\/ul>\n","protected":false},"excerpt":{"rendered":"<p>El tema de WordPress de StudioPress Milan Pro Genesis, con su dise\u00f1o elegante y elegante, satisface las necesidades de los bloggers de estilo de vida y moda, proporcion\u00e1ndoles la plataforma perfecta para expresar su creatividad y mostrar su contenido. Ofreciendo una p\u00e1gina de inicio personalizable y una multitud de opciones de dise\u00f1o, este tema permite a los blogueros presentar su trabajo de una manera que es visualmente atractiva y exuda profesionalismo. Adem\u00e1s, este tema premium excepcional cuenta con caracter\u00edsticas avanzadas, incluida la capacidad de personalizar los colores y la tipograf\u00eda, una p\u00e1gina de cartera integrada y un dise\u00f1o receptivo que garantiza una experiencia de usuario \u00f3ptima en varios dispositivos. Al aprovechar estos atributos notables, el tema StudioPress Milan Pro Genesis WordPress demuestra ser una opci\u00f3n impecable para las personas que buscan elaborar un sitio web atractivo y f\u00e1cil de usar.<\/p>\n","protected":false},"featured_media":167620,"comment_status":"open","ping_status":"open","template":"","meta":[],"product_brand":[2358],"product_cat":[1267,1237,1238],"product_tag":[1383],"class_list":{"0":"post-123466","1":"product","2":"type-product","3":"status-publish","4":"has-post-thumbnail","6":"product_brand-studiopress","7":"product_cat-creativo","8":"product_cat-temas","9":"product_cat-wordpress-temas","10":"product_tag-studiopress","11":"member-discount","12":"discount-restricted","14":"first","15":"instock","16":"sale","17":"downloadable","18":"virtual","19":"sold-individually","20":"purchasable","21":"product-type-simple"},"_links":{"self":[{"href":"https:\/\/gpl-love.com\/es\/wp-json\/wp\/v2\/product\/123466","targetHints":{"allow":["GET"]}}],"collection":[{"href":"https:\/\/gpl-love.com\/es\/wp-json\/wp\/v2\/product"}],"about":[{"href":"https:\/\/gpl-love.com\/es\/wp-json\/wp\/v2\/types\/product"}],"replies":[{"embeddable":true,"href":"https:\/\/gpl-love.com\/es\/wp-json\/wp\/v2\/comments?post=123466"}],"wp:featuredmedia":[{"embeddable":true,"href":"https:\/\/gpl-love.com\/es\/wp-json\/wp\/v2\/media\/167620"}],"wp:attachment":[{"href":"https:\/\/gpl-love.com\/es\/wp-json\/wp\/v2\/media?parent=123466"}],"wp:term":[{"taxonomy":"product_brand","embeddable":true,"href":"https:\/\/gpl-love.com\/es\/wp-json\/wp\/v2\/product_brand?post=123466"},{"taxonomy":"product_cat","embeddable":true,"href":"https:\/\/gpl-love.com\/es\/wp-json\/wp\/v2\/product_cat?post=123466"},{"taxonomy":"product_tag","embeddable":true,"href":"https:\/\/gpl-love.com\/es\/wp-json\/wp\/v2\/product_tag?post=123466"}],"curies":[{"name":"wp","href":"https:\/\/api.w.org\/{rel}","templated":true}]}}