{"id":123464,"date":"2021-02-09T00:00:00","date_gmt":"2021-02-09T05:00:00","guid":{"rendered":"https:\/\/gpl-love.com\/es\/producto\/studiopress-metro-pro-genesis-wordpress-theme\/"},"modified":"2026-04-10T11:26:21","modified_gmt":"2026-04-10T16:26:21","slug":"studiopress-metro-pro-genesis-wordpress-theme","status":"publish","type":"product","link":"https:\/\/gpl-love.com\/es\/producto\/studiopress-metro-pro-genesis-wordpress-theme\/","title":{"rendered":"StudioPress Metro Pro Genesis WordPress Theme 2.2.2"},"content":{"rendered":"<h3>StudioPress Metro Pro Genesis WordPress Theme Caracteristicas<\/h3>\n<p>StudioPress Metro Pro es un tema de Genesis de WordPress excepcionalmente elegante e innegablemente moderno que se adapta espec\u00edficamente a mostrar sin esfuerzo su cartera creativa o servicios profesionales. Su dise\u00f1o inmaculado y desenfrenado, junto con su dise\u00f1o altamente intuitivo y f\u00e1cil de usar, lo hace asombrosamente sin esfuerzo para adaptar y utilizar. La belleza radica en su dise\u00f1o de forma responsable, garantizando que su sitio web irradiar\u00e1 la elegancia y la delicadeza en cualquier dispositivo determinado. Con una impresionante variedad de caracter\u00edsticas formidables, que incluyen, entre otros, widgets personalizables, una amplia variedad de opciones de temas y un dise\u00f1o de p\u00e1gina de inicio incre\u00edblemente vers\u00e1til, Metro Pro realmente simplifica el proceso de establecer una presencia en l\u00ednea pulida y cautivadora que lo distingue inequ\u00edvocamente de La multitud en constante expansi\u00f3n. Ya sea que se identifique como un virtuoso independiente, un esp\u00edritu de palabras erudito o incluso un emprendedor visionario, Metro Pro es inequ\u00edvocamente el tema por excelencia para cumplir sus aspiraciones de elaborar un sitio web exquisitamente cautivador y sin problemas en una fracci\u00f3n del tiempo que generalmente toma.<\/p>\n<ul>\n<li>Un tema de WordPress altamente personalizable y bien dise\u00f1ado adecuado para bloggers y creadores de contenido.<\/li>\n<li>Cuenta con un dise\u00f1o elegante y moderno con un enfoque en la tipograf\u00eda y el atractivo visual.<\/li>\n<li>Incluye un encabezado personalizable y una serie de \u00e1reas de widgets para una organizaci\u00f3n de contenido f\u00e1cil.<\/li>\n<li>Admite m\u00faltiples formatos de publicaci\u00f3n, que incluyen audio, video, galer\u00eda y m\u00e1s.<\/li>\n<li>Viene con varias plantillas de p\u00e1gina predise\u00f1adas, incluida una plantilla de p\u00e1gina de destino y una plantilla de p\u00e1gina de ancho completo.<\/li>\n<li>Compatible con el editor de bloques de Gutenberg y otros complementos populares de WordPress.<\/li>\n<li>Construido en el marco Genesis, que garantiza tiempos de carga r\u00e1pidas y un rendimiento confiable.<\/li>\n<li>El tema es sensible a los dispositivos m\u00f3viles y se ve muy bien en todos los dispositivos.<\/li>\n<li>Incluye una serie de widgets personalizados, incluido un widget de publicaci\u00f3n destacado y un widget de redes sociales.<\/li>\n<li>Viene con opciones de temas f\u00e1ciles de usar que permiten una f\u00e1cil personalizaci\u00f3n de colores, fuentes y otros elementos estil\u00edsticos.<\/li>\n<\/ul>\n","protected":false},"excerpt":{"rendered":"<p>El tema de WordPress de Metro Pro Genesis de StudioPress es un tema exquisitamente elaborado que cuenta con un alto grado de personalizaci\u00f3n, lo que lo hace ideal tanto para entidades corporativas como para personas que buscan presentar su contenido de manera profesional y pulida. Descansando un dise\u00f1o contempor\u00e1neo y simplificado, este tema realmente resuena con blogueros, fot\u00f3grafos e innovadores que aspiran a tener un profundo impacto con su presencia en l\u00ednea. Complementando su fachada est\u00e9ticamente agradable, el tema proporciona una variedad de opciones de personalizaci\u00f3n, lo que le brinda la capacidad de adaptar meticulosamente el dise\u00f1o a sus especificaciones precisas. Estas opciones de personalizaci\u00f3n abarcan una variedad de esquemas de color, alternativas de dise\u00f1o y \u00e1reas de widgets posicionadas estrat\u00e9gicamente. Adem\u00e1s, el dise\u00f1o receptivo de \u00faltima generaci\u00f3n del tema garantiza que su sitio web exude la magnificencia en cualquier dispositivo que adorna, ya sea una escritorio, tableta o tel\u00e9fono inteligente. Adem\u00e1s, la inclusi\u00f3n de las caracter\u00edsticas de SEO integradas sirve para aumentar la visibilidad y la prominencia de su sitio web en los resultados de los motores de b\u00fasqueda. Al aprovechar el tema de WordPress Metro Pro Genesis de StudioPress, posee el poder de dise\u00f1ar un sitio web que no solo cautiva con su belleza, sino que tambi\u00e9n funciona sin problemas, consolidando tanto la forma como la utilidad en una obra maestra digital armoniosa.<\/p>\n","protected":false},"featured_media":167619,"comment_status":"open","ping_status":"open","template":"","meta":[],"product_brand":[2358],"product_cat":[1245,1237,1238],"product_tag":[1383],"class_list":{"0":"post-123464","1":"product","2":"type-product","3":"status-publish","4":"has-post-thumbnail","6":"product_brand-studiopress","7":"product_cat-blog-revista","8":"product_cat-temas","9":"product_cat-wordpress-temas","10":"product_tag-studiopress","11":"member-discount","12":"discount-restricted","14":"first","15":"instock","16":"sale","17":"downloadable","18":"virtual","19":"sold-individually","20":"purchasable","21":"product-type-simple"},"_links":{"self":[{"href":"https:\/\/gpl-love.com\/es\/wp-json\/wp\/v2\/product\/123464","targetHints":{"allow":["GET"]}}],"collection":[{"href":"https:\/\/gpl-love.com\/es\/wp-json\/wp\/v2\/product"}],"about":[{"href":"https:\/\/gpl-love.com\/es\/wp-json\/wp\/v2\/types\/product"}],"replies":[{"embeddable":true,"href":"https:\/\/gpl-love.com\/es\/wp-json\/wp\/v2\/comments?post=123464"}],"wp:featuredmedia":[{"embeddable":true,"href":"https:\/\/gpl-love.com\/es\/wp-json\/wp\/v2\/media\/167619"}],"wp:attachment":[{"href":"https:\/\/gpl-love.com\/es\/wp-json\/wp\/v2\/media?parent=123464"}],"wp:term":[{"taxonomy":"product_brand","embeddable":true,"href":"https:\/\/gpl-love.com\/es\/wp-json\/wp\/v2\/product_brand?post=123464"},{"taxonomy":"product_cat","embeddable":true,"href":"https:\/\/gpl-love.com\/es\/wp-json\/wp\/v2\/product_cat?post=123464"},{"taxonomy":"product_tag","embeddable":true,"href":"https:\/\/gpl-love.com\/es\/wp-json\/wp\/v2\/product_tag?post=123464"}],"curies":[{"name":"wp","href":"https:\/\/api.w.org\/{rel}","templated":true}]}}