{"id":123462,"date":"2022-02-15T00:00:00","date_gmt":"2022-02-15T05:00:00","guid":{"rendered":"https:\/\/gpl-love.com\/es\/producto\/studiopress-market-pro-genesis-wordpress-theme\/"},"modified":"2026-04-10T11:26:20","modified_gmt":"2026-04-10T16:26:20","slug":"studiopress-market-pro-genesis-wordpress-theme","status":"publish","type":"product","link":"https:\/\/gpl-love.com\/es\/producto\/studiopress-market-pro-genesis-wordpress-theme\/","title":{"rendered":"StudioPress Market Pro Genesis WordPress Theme 1.1.0"},"content":{"rendered":"<h3>StudioPress Market Pro Genesis WordPress Theme Caracteristicas<\/h3>\n<p>El tema de WordPress de StudioPress Market Pro Genesis, con un nivel excepcional de calidad, sirve como una opci\u00f3n ideal para las personas en busca de un mercado en l\u00ednea sorprendente. Con un dise\u00f1o pulido y no esclarado, este tema permite a los usuarios mostrar efectivamente sus productos y servicios de la manera m\u00e1s \u00f3ptima posible. Ofreciendo una variedad de funcionalidades avanzadas, como encabezados personalizables, \u00e1reas de widgets m\u00faltiples y un dise\u00f1o receptivo que garantiza una experiencia de usuario sobresaliente en todos los dispositivos, tenga la seguridad de que este tema elevar\u00e1 su sitio web a nuevas alturas. Adem\u00e1s, obtener acceso a una multitud de sitios de demostraci\u00f3n listos para usar proporciona a los usuarios una ventaja en sus esfuerzos de construcci\u00f3n de sitios web. Con el tema de WordPress de StudioPress Market Pro Genesis a su disposici\u00f3n, puede embarcarse con confianza en la creaci\u00f3n de un mercado en l\u00ednea que realmente se distingue de la competencia.<\/p>\n<ul>\n<li>Un tema de WordPress profesional y moderno dise\u00f1ado para empresas y especialistas en marketing<\/li>\n<li>Construido sobre el poderoso marco de Genesis, asegurando la velocidad, la estabilidad y la seguridad<\/li>\n<li>Dise\u00f1o de respuesta m\u00f3vil que se ve muy bien en cualquier dispositivo<\/li>\n<li>Dise\u00f1o de la p\u00e1gina de inicio limpia y personalizable con m\u00faltiples \u00e1reas de widgets<\/li>\n<li>Opciones flexibles de encabezado y navegaci\u00f3n, incluido un encabezado pegajoso<\/li>\n<li>Panel de opciones de temas f\u00e1ciles de usar para personalizaci\u00f3n sin codificar<\/li>\n<li>WooCommerce Compatible para una f\u00e1cil integraci\u00f3n de tiendas en l\u00ednea<\/li>\n<li>Varias plantillas y estilos de p\u00e1gina para publicaciones de blog, p\u00e1ginas de destino y m\u00e1s<\/li>\n<li>La importaci\u00f3n de demostraci\u00f3n de un solo clic para configurar r\u00e1pidamente su sitio con contenido predise\u00f1ado<\/li>\n<li>Actualizaciones gratuitas de por vida y soporte de StudioPress.<\/li>\n<\/ul>\n","protected":false},"excerpt":{"rendered":"<p>El tema de WordPress de StudioPress Market Pro Genesis, con su dise\u00f1o de sitio web elegante y moderno, atiende perfectamente a las necesidades de las empresas y empresarios en l\u00ednea. Con una gran cantidad de caracter\u00edsticas potentes y opciones personalizables, este tema est\u00e1 espec\u00edficamente dise\u00f1ado para ayudarlo a mostrar sus productos y servicios de una manera exquisitamente elegante y profesional. Equipado con una variedad de plantillas de p\u00e1gina incorporadas, widgets personalizados y un encabezado totalmente personalizable, elaborando un sitio web impresionante que representa sin problemas su marca se convierte en una tarea sin esfuerzo. Adem\u00e1s, este notable tema se basa en el marco de G\u00e9nesis confiable, asegurando que no solo sea amigable para la optimizaci\u00f3n del motor de b\u00fasqueda, sino que tambi\u00e9n se optimiza para un rendimiento superior. \u00a1Emb\u00e1rcate en tu viaje hacia el establecimiento de una presencia en l\u00ednea de buena reputaci\u00f3n hoy adquiriendo el tema excepcional del mercado profesional!<\/p>\n","protected":false},"featured_media":167618,"comment_status":"open","ping_status":"open","template":"","meta":[],"product_brand":[2358],"product_cat":[1267,1237,1238],"product_tag":[1383],"class_list":{"0":"post-123462","1":"product","2":"type-product","3":"status-publish","4":"has-post-thumbnail","6":"product_brand-studiopress","7":"product_cat-creativo","8":"product_cat-temas","9":"product_cat-wordpress-temas","10":"product_tag-studiopress","11":"member-discount","12":"discount-restricted","14":"first","15":"instock","16":"sale","17":"downloadable","18":"virtual","19":"sold-individually","20":"purchasable","21":"product-type-simple"},"_links":{"self":[{"href":"https:\/\/gpl-love.com\/es\/wp-json\/wp\/v2\/product\/123462","targetHints":{"allow":["GET"]}}],"collection":[{"href":"https:\/\/gpl-love.com\/es\/wp-json\/wp\/v2\/product"}],"about":[{"href":"https:\/\/gpl-love.com\/es\/wp-json\/wp\/v2\/types\/product"}],"replies":[{"embeddable":true,"href":"https:\/\/gpl-love.com\/es\/wp-json\/wp\/v2\/comments?post=123462"}],"wp:featuredmedia":[{"embeddable":true,"href":"https:\/\/gpl-love.com\/es\/wp-json\/wp\/v2\/media\/167618"}],"wp:attachment":[{"href":"https:\/\/gpl-love.com\/es\/wp-json\/wp\/v2\/media?parent=123462"}],"wp:term":[{"taxonomy":"product_brand","embeddable":true,"href":"https:\/\/gpl-love.com\/es\/wp-json\/wp\/v2\/product_brand?post=123462"},{"taxonomy":"product_cat","embeddable":true,"href":"https:\/\/gpl-love.com\/es\/wp-json\/wp\/v2\/product_cat?post=123462"},{"taxonomy":"product_tag","embeddable":true,"href":"https:\/\/gpl-love.com\/es\/wp-json\/wp\/v2\/product_tag?post=123462"}],"curies":[{"name":"wp","href":"https:\/\/api.w.org\/{rel}","templated":true}]}}