{"id":123460,"date":"2021-02-09T00:00:00","date_gmt":"2021-02-09T05:00:00","guid":{"rendered":"https:\/\/gpl-love.com\/es\/producto\/studiopress-maker-pro-genesis-wordpress-theme\/"},"modified":"2026-04-10T11:26:19","modified_gmt":"2026-04-10T16:26:19","slug":"studiopress-maker-pro-genesis-wordpress-theme","status":"publish","type":"product","link":"https:\/\/gpl-love.com\/es\/producto\/studiopress-maker-pro-genesis-wordpress-theme\/","title":{"rendered":"StudioPress Maker Pro Genesis WordPress Theme 1.0.1"},"content":{"rendered":"<h3>StudioPress Maker Pro Genesis WordPress Theme Caracteristicas<\/h3>\n<p>El tema de WordPress de StudioPress Maker Pro Genesis, con su versatilidad y estilo, surge como una opci\u00f3n encantadora para las personas que buscan dise\u00f1ar un sitio web imbuido de profesionalismo. Este tema cuenta con una personalizaci\u00f3n completa, lo que hace que el proceso de elaboraci\u00f3n de un sitio web que refleje su marca o estilo personal un esfuerzo sin esfuerzo. Adem\u00e1s, el tema Maker Pro se elabora meticulosamente utilizando el formidable marco de g\u00e9nesis, dot\u00e1ndolo con la optimizaci\u00f3n del motor de b\u00fasqueda y la capacidad de respuesta completa, lo que garantiza que su sitio exude excelencia en cualquier dispositivo. Con su dise\u00f1o elegante, opciones de personalizaci\u00f3n avanzada y soporte inquebrantable para complementos ampliamente utilizados, el tema de WordPress de StudioPress Pro Genesis WordPress reina como una opci\u00f3n impecable para aquellos que desean establecer un sitio web de calidad y profesionalismo inigualables.<\/p>\n<ul>\n<li>Dise\u00f1o de tema totalmente personalizable para un sitio web profesional pulido<\/li>\n<li>Construido sobre el poderoso marco de g\u00e9nesis para la estabilidad y la seguridad<\/li>\n<li>El dise\u00f1o que responde a dispositivos m\u00f3viles garantiza que su sitio se vea genial en todos los dispositivos<\/li>\n<li>Incluye m\u00faltiples dise\u00f1os de p\u00e1gina y \u00e1reas de widgets para la m\u00e1xima flexibilidad<\/li>\n<li>Compatibilidad integrada de comercio electr\u00f3nico para vender productos y servicios<\/li>\n<li>Amplia gama de opciones de personalizaci\u00f3n para marca y estilo<\/li>\n<li>Configuraci\u00f3n de tema de un solo clic y documentaci\u00f3n completa para usar f\u00e1cilmente<\/li>\n<li>Actualizaciones continuas y soporte del equipo de StudioPress.<\/li>\n<\/ul>\n","protected":false},"excerpt":{"rendered":"<p>El tema de WordPress de StudioPress Maker Pro Genesis cuenta con una est\u00e9tica elegante y elegante que es especialmente adecuada para la exhibici\u00f3n y la promoci\u00f3n de esfuerzos y productos creativos. Su dise\u00f1o minimalista y sus caracter\u00edsticas personalizables brindan a los usuarios la oportunidad de cultivar sin esfuerzo un sitio web \u00fanico y sofisticado que refleje impecablemente su marca. Adem\u00e1s, la velocidad de carga r\u00e1pida de este tema y el dise\u00f1o receptivo garantizan que su sitio web aparecer\u00e1 inmaculado en todos los dispositivos, sirviendo as\u00ed para atraer una clientela m\u00e1s grande a su negocio. Adem\u00e1s, StudioPress Maker Pro est\u00e1 equipado con una multitud de plantillas y widgets de p\u00e1gina preconstruidos, simplificando as\u00ed el proceso de dise\u00f1o de sus p\u00e1ginas e incorporando la funcionalidad deseada, todo al tiempo que elude la necesidad de cualquier conocimiento de codificaci\u00f3n. Tome ese primer paso decisivo hoy y forje un sitio web extraordinario con la ayuda del tema de WordPress de WordPress pro Genesis de StudioPress.<\/p>\n","protected":false},"featured_media":167617,"comment_status":"open","ping_status":"open","template":"","meta":[],"product_brand":[2358],"product_cat":[1267,1237,1238],"product_tag":[1383],"class_list":{"0":"post-123460","1":"product","2":"type-product","3":"status-publish","4":"has-post-thumbnail","6":"product_brand-studiopress","7":"product_cat-creativo","8":"product_cat-temas","9":"product_cat-wordpress-temas","10":"product_tag-studiopress","11":"member-discount","12":"discount-restricted","14":"first","15":"instock","16":"sale","17":"downloadable","18":"virtual","19":"sold-individually","20":"purchasable","21":"product-type-simple"},"_links":{"self":[{"href":"https:\/\/gpl-love.com\/es\/wp-json\/wp\/v2\/product\/123460","targetHints":{"allow":["GET"]}}],"collection":[{"href":"https:\/\/gpl-love.com\/es\/wp-json\/wp\/v2\/product"}],"about":[{"href":"https:\/\/gpl-love.com\/es\/wp-json\/wp\/v2\/types\/product"}],"replies":[{"embeddable":true,"href":"https:\/\/gpl-love.com\/es\/wp-json\/wp\/v2\/comments?post=123460"}],"wp:featuredmedia":[{"embeddable":true,"href":"https:\/\/gpl-love.com\/es\/wp-json\/wp\/v2\/media\/167617"}],"wp:attachment":[{"href":"https:\/\/gpl-love.com\/es\/wp-json\/wp\/v2\/media?parent=123460"}],"wp:term":[{"taxonomy":"product_brand","embeddable":true,"href":"https:\/\/gpl-love.com\/es\/wp-json\/wp\/v2\/product_brand?post=123460"},{"taxonomy":"product_cat","embeddable":true,"href":"https:\/\/gpl-love.com\/es\/wp-json\/wp\/v2\/product_cat?post=123460"},{"taxonomy":"product_tag","embeddable":true,"href":"https:\/\/gpl-love.com\/es\/wp-json\/wp\/v2\/product_tag?post=123460"}],"curies":[{"name":"wp","href":"https:\/\/api.w.org\/{rel}","templated":true}]}}