{"id":123458,"date":"2022-02-15T00:00:00","date_gmt":"2022-02-15T05:00:00","guid":{"rendered":"https:\/\/gpl-love.com\/es\/producto\/studiopress-mai-lifestyle-pro-genesis-wordpress-theme\/"},"modified":"2026-04-10T11:26:19","modified_gmt":"2026-04-10T16:26:19","slug":"studiopress-mai-lifestyle-pro-genesis-wordpress-theme","status":"publish","type":"product","link":"https:\/\/gpl-love.com\/es\/producto\/studiopress-mai-lifestyle-pro-genesis-wordpress-theme\/","title":{"rendered":"StudioPress Mai Lifestyle Pro Genesis WordPress Theme 1.3.0"},"content":{"rendered":"<h3>StudioPress Mai Lifestyle Pro Genesis WordPress Theme Caracteristicas<\/h3>\n<p>El tema de WordPress de estilo de vida de StudioPress Mai Genesis cuenta con un dise\u00f1o elegante y contempor\u00e1neo, lo que lo convierte en la mejor opci\u00f3n tanto para los bloggers como para los due\u00f1os de negocios que buscan exhibir su contenido de una manera pr\u00edstina y sofisticada. Este tema excepcional est\u00e1 lleno de una variedad de caracter\u00edsticas extraordinarias que facilitan sin esfuerzo la personalizaci\u00f3n, como una p\u00e1gina de inicio de arrastrar y soltar f\u00e1cilmente, una amplia selecci\u00f3n de opciones de dise\u00f1o para elegir, as\u00ed como la capacidad de personalizar los colores y las fuentes. se adapte a sus preferencias. Adem\u00e1s, este tema muestra su notable adaptabilidad al responder completamente en todos los dispositivos m\u00f3viles, garantizando una experiencia visual perfecta para su audiencia. Adem\u00e1s, se ha optimizado meticulosamente para los motores de b\u00fasqueda, mejorando as\u00ed la visibilidad en l\u00ednea de su sitio web. Con el tema de WordPress Pro Genesis de StudioPress Mai Lifestyle a su disposici\u00f3n, puede dise\u00f1ar sin esfuerzo un sitio web que exude la esencia de su marca y cautive a su audiencia, todo, al tiempo que elude la necesidad de invertir una gran cantidad de tiempo y dinero en los intrincados esfuerzos de dise\u00f1o.<\/p>\n<ul>\n<li>Dise\u00f1o receptivo y amigable para m\u00f3viles<\/li>\n<li>P\u00e1gina de inicio personalizable con m\u00faltiples opciones de dise\u00f1o<\/li>\n<li>Widgets personalizados incorporados para una funcionalidad adicional<\/li>\n<li>Integraci\u00f3n con WooCommerce para una f\u00e1cil configuraci\u00f3n de comercio electr\u00f3nico<\/li>\n<li>Carga r\u00e1pida y optimizado para motores de b\u00fasqueda<\/li>\n<li>Personalizaci\u00f3n f\u00e1cil con personalizador de temas en vivo<\/li>\n<li>Incluye acceso a los foros y tutoriales de StudioPress Community<\/li>\n<li>Actualizaciones y soporte regulares del equipo de StudioPress<\/li>\n<li>Compatible con la \u00faltima versi\u00f3n de WordPress<\/li>\n<li>Dise\u00f1o accesible y f\u00e1cil de usar para todos los usuarios<\/li>\n<\/ul>\n","protected":false},"excerpt":{"rendered":"<p>El tema de WordPress Pro Genesis de StudioPress Mai Lifestyle es una selecci\u00f3n excepcional para bloggers y sitios web con un enfoque en el estilo de vida. Con un dise\u00f1o elegante y contempor\u00e1neo, este tema presenta una mir\u00edada de opciones de personalizaci\u00f3n para ayudar en la creaci\u00f3n de una identidad en l\u00ednea distinta. Construido en el s\u00f3lido marco de Genesis, el tema MAI Lifestyle Pro es totalmente receptivo y compatible con los dispositivos m\u00f3viles, lo que garantiza que su contenido sea visualmente atractivo en todas las pantallas. Adem\u00e1s, este tema abarca la optimizaci\u00f3n integrada de SEO, agilizando el proceso de los motores de b\u00fasqueda para descubrir y clasificar su sitio web. Independientemente de si posee una amplia experiencia en blogs o se est\u00e1 embarcando en este viaje, el tema de WordPress de WordPress de Estudio de Lifestyle de StudioPress es una opci\u00f3n incomparable para establecer una presencia en l\u00ednea sofisticada y cautivadora.<\/p>\n","protected":false},"featured_media":167616,"comment_status":"open","ping_status":"open","template":"","meta":[],"product_brand":[2358],"product_cat":[1267,1237,1238],"product_tag":[1383],"class_list":{"0":"post-123458","1":"product","2":"type-product","3":"status-publish","4":"has-post-thumbnail","6":"product_brand-studiopress","7":"product_cat-creativo","8":"product_cat-temas","9":"product_cat-wordpress-temas","10":"product_tag-studiopress","11":"member-discount","12":"discount-restricted","14":"first","15":"instock","16":"sale","17":"downloadable","18":"virtual","19":"sold-individually","20":"purchasable","21":"product-type-simple"},"_links":{"self":[{"href":"https:\/\/gpl-love.com\/es\/wp-json\/wp\/v2\/product\/123458","targetHints":{"allow":["GET"]}}],"collection":[{"href":"https:\/\/gpl-love.com\/es\/wp-json\/wp\/v2\/product"}],"about":[{"href":"https:\/\/gpl-love.com\/es\/wp-json\/wp\/v2\/types\/product"}],"replies":[{"embeddable":true,"href":"https:\/\/gpl-love.com\/es\/wp-json\/wp\/v2\/comments?post=123458"}],"wp:featuredmedia":[{"embeddable":true,"href":"https:\/\/gpl-love.com\/es\/wp-json\/wp\/v2\/media\/167616"}],"wp:attachment":[{"href":"https:\/\/gpl-love.com\/es\/wp-json\/wp\/v2\/media?parent=123458"}],"wp:term":[{"taxonomy":"product_brand","embeddable":true,"href":"https:\/\/gpl-love.com\/es\/wp-json\/wp\/v2\/product_brand?post=123458"},{"taxonomy":"product_cat","embeddable":true,"href":"https:\/\/gpl-love.com\/es\/wp-json\/wp\/v2\/product_cat?post=123458"},{"taxonomy":"product_tag","embeddable":true,"href":"https:\/\/gpl-love.com\/es\/wp-json\/wp\/v2\/product_tag?post=123458"}],"curies":[{"name":"wp","href":"https:\/\/api.w.org\/{rel}","templated":true}]}}