{"id":123456,"date":"2021-02-09T00:00:00","date_gmt":"2021-02-09T05:00:00","guid":{"rendered":"https:\/\/gpl-love.com\/es\/producto\/studiopress-mai-law-pro-genesis-wordpress-theme\/"},"modified":"2026-04-10T11:26:18","modified_gmt":"2026-04-10T16:26:18","slug":"studiopress-mai-law-pro-genesis-wordpress-theme","status":"publish","type":"product","link":"https:\/\/gpl-love.com\/es\/producto\/studiopress-mai-law-pro-genesis-wordpress-theme\/","title":{"rendered":"StudioPress Mai Law Pro Genesis WordPress Theme 1.3.0"},"content":{"rendered":"<h3>StudioPress Mai Law Pro Genesis WordPress Theme Caracteristicas<\/h3>\n<p>El tema StudioPress Mai Law Pro Genesis WordPress se presenta como una soluci\u00f3n sofisticada y pulida para firmas de abogados y abogados que buscan establecer una presencia formidable en l\u00ednea. Cuenta con un dise\u00f1o que es profesional y simplificado, atiende espec\u00edficamente a las necesidades de esta industria en particular. El dise\u00f1o limpio y minimalista del tema no solo mejora su atractivo visual, sino que tambi\u00e9n contribuye a una interfaz f\u00e1cil de usar que gu\u00eda sin esfuerzo a los visitantes a trav\u00e9s del sitio web, lo que finalmente resulta en una experiencia del usuario absorbente y satisfactoria.<\/p>\n<p>Lo que distingue al tema de WordPress de la Ley de StudioPress Mai Pro G\u00e9nesis son su multitud de caracter\u00edsticas, cuidadosamente adaptadas para satisfacer las demandas de firmas de abogados y abogados. La inclusi\u00f3n de widgets personalizables permite a los usuarios personalizar sus sitios web y hacerlos verdaderamente \u00fanicos, mientras que las plantillas predise\u00f1adas ofrecen conveniencia y facilidad de uso, ahorrando tiempo y esfuerzo valiosos. Adem\u00e1s, la integraci\u00f3n perfecta con complementos populares como WooCommerce y los formularios de gravedad garantiza una experiencia de usuario perfecta y eficiente, facilitando transacciones suaves e interacci\u00f3n entre el sitio web y sus usuarios.<\/p>\n<p>Adem\u00e1s, el tema de WordPress de SudioPress Mai Law Pro Genesis va m\u00e1s all\u00e1 al priorizar la optimizaci\u00f3n de los motores de b\u00fasqueda y la accesibilidad m\u00f3vil. Al implementar estrategias de SEO efectivas, el tema optimiza su sitio web para los motores de b\u00fasqueda, aumentando su visibilidad y garantizar que los clientes potenciales puedan encontrarlo f\u00e1cilmente en l\u00ednea. Adem\u00e1s, en esta era de conectividad constante, es esencial que los sitios web sean accesibles en varios dispositivos. El tema MAI Law Pro reconoce esta necesidad y garantiza que su sitio web sea totalmente receptivo y compatible con los dispositivos m\u00f3viles, lo que permite a los clientes potenciales acceder a su sitio web sin esfuerzo, independientemente de su ubicaci\u00f3n.<\/p>\n<p>En conclusi\u00f3n, el tema de WordPress de SudioPress Mai Law Pro Genesis surge como una opci\u00f3n de primer nivel para las firmas de abogados que buscan establecer una presencia en l\u00ednea robusta y atraer a un mayor n\u00famero de clientes. Su dise\u00f1o profesional y elegante, junto con una interfaz f\u00e1cil de usar, prepara el escenario para una experiencia de usuario atractiva y perfecta. Adem\u00e1s, la amplia gama de caracter\u00edsticas del tema, incluidos widgets personalizables, plantillas predise\u00f1adas e integraci\u00f3n con complementos populares, mejoran a\u00fan m\u00e1s su funcionalidad y versatilidad. Por \u00faltimo, su compromiso con la optimizaci\u00f3n de motores de b\u00fasqueda y la accesibilidad m\u00f3vil asegura que su sitio web permanezca accesible y visible para clientes potenciales, independientemente de sus preferencias de b\u00fasqueda o uso de dispositivos.<\/p>\n<ul>\n<li>Dise\u00f1o profesional y limpio perfecto para firmas de abogados, abogados y profesionales legales<\/li>\n<li>Construido sobre el potente y personalizable marco de G\u00e9nesis<\/li>\n<li>Constructor de p\u00e1gina f\u00e1cil de usar para personalizar dise\u00f1os<\/li>\n<li>El dise\u00f1o receptivo m\u00f3vil asegura que su sitio web se vea muy bien en cualquier dispositivo<\/li>\n<li>Las opciones de temas avanzados permiten una f\u00e1cil personalizaci\u00f3n de colores, fuentes y m\u00e1s<\/li>\n<li>Viene con plantillas predise\u00f1adas para p\u00e1ginas com\u00fanmente utilizadas como About Us, nuestro equipo y contacto<\/li>\n<li>Compatible con complementos populares como WooCommerce y Formularios de gravedad para el comercio electr\u00f3nico y la funcionalidad de construcci\u00f3n de formularios<\/li>\n<li>Incluye acceso a soporte y actualizaciones del equipo StudioPress.<\/li>\n<\/ul>\n","protected":false},"excerpt":{"rendered":"<p>El tema de WordPress de SudioPress Mai Law Pro Genesis, que es una herramienta de dise\u00f1o web altamente sofisticada y multifac\u00e9tica, demuestra ser una opci\u00f3n impecable para firmas de abogados, abogados y otros profesionales legales que buscan establecer una fuerte presencia en l\u00ednea. Con su dise\u00f1o notablemente limpio y contempor\u00e1neo, junto con la capacidad de personalizar dise\u00f1os y explotar caracter\u00edsticas avanzadas, el tema de la ley de la ley de Mai se integra sin esfuerzo con el marco Genesis, que ofrece una amplia gama de componentes preinstalados como widgets a medida, opciones de tipograf\u00eda elegante y adaptabilidad a dispositivos m\u00f3viles. Al emplear este tema, puede exhibir sin esfuerzo sus servicios legales de una manera impecablemente pulida e informativa, todo mientras obtiene los beneficios de la optimizaci\u00f3n del motor de b\u00fasqueda y un sistema de navegaci\u00f3n f\u00e1cil de usar para mejorar su visibilidad en el vasto paisaje en l\u00ednea e impulsar un aumento de la afluencia de visitantes de su sitio web.<\/p>\n","protected":false},"featured_media":167615,"comment_status":"open","ping_status":"open","template":"","meta":[],"product_brand":[2358],"product_cat":[1307,1237,1238],"product_tag":[1383],"class_list":{"0":"post-123456","1":"product","2":"type-product","3":"status-publish","4":"has-post-thumbnail","6":"product_brand-studiopress","7":"product_cat-negocio-wordpress-temas","8":"product_cat-temas","9":"product_cat-wordpress-temas","10":"product_tag-studiopress","11":"member-discount","12":"discount-restricted","14":"first","15":"instock","16":"sale","17":"downloadable","18":"virtual","19":"sold-individually","20":"purchasable","21":"product-type-simple"},"_links":{"self":[{"href":"https:\/\/gpl-love.com\/es\/wp-json\/wp\/v2\/product\/123456","targetHints":{"allow":["GET"]}}],"collection":[{"href":"https:\/\/gpl-love.com\/es\/wp-json\/wp\/v2\/product"}],"about":[{"href":"https:\/\/gpl-love.com\/es\/wp-json\/wp\/v2\/types\/product"}],"replies":[{"embeddable":true,"href":"https:\/\/gpl-love.com\/es\/wp-json\/wp\/v2\/comments?post=123456"}],"wp:featuredmedia":[{"embeddable":true,"href":"https:\/\/gpl-love.com\/es\/wp-json\/wp\/v2\/media\/167615"}],"wp:attachment":[{"href":"https:\/\/gpl-love.com\/es\/wp-json\/wp\/v2\/media?parent=123456"}],"wp:term":[{"taxonomy":"product_brand","embeddable":true,"href":"https:\/\/gpl-love.com\/es\/wp-json\/wp\/v2\/product_brand?post=123456"},{"taxonomy":"product_cat","embeddable":true,"href":"https:\/\/gpl-love.com\/es\/wp-json\/wp\/v2\/product_cat?post=123456"},{"taxonomy":"product_tag","embeddable":true,"href":"https:\/\/gpl-love.com\/es\/wp-json\/wp\/v2\/product_tag?post=123456"}],"curies":[{"name":"wp","href":"https:\/\/api.w.org\/{rel}","templated":true}]}}