{"id":123454,"date":"2023-01-24T00:00:00","date_gmt":"2023-01-24T05:00:00","guid":{"rendered":"https:\/\/gpl-love.com\/es\/producto\/studiopress-magazine-pro-genesis-wordpress-theme\/"},"modified":"2026-04-10T11:26:17","modified_gmt":"2026-04-10T16:26:17","slug":"studiopress-magazine-pro-genesis-wordpress-theme","status":"publish","type":"product","link":"https:\/\/gpl-love.com\/es\/producto\/studiopress-magazine-pro-genesis-wordpress-theme\/","title":{"rendered":"StudioPress Magazine Pro Genesis WordPress Theme 3.7.2"},"content":{"rendered":"<h3>StudioPress Magazine Pro Genesis WordPress Theme Caracteristicas<\/h3>\n<p>El tema de la revista StudioPress Pro Genesis WordPress se presenta como una soluci\u00f3n altamente vers\u00e1til y din\u00e1micamente receptiva, que atiende espec\u00edficamente a aquellas personas que aspiran a establecerse dentro del \u00e1mbito de las revistas o sitios de noticias en l\u00ednea profesionales y cautivadores. Con un dise\u00f1o exquisitamente elegante y contempor\u00e1neo, este tema ofrece una amplia gama de opciones de personalizaci\u00f3n, lo que permite a los usuarios manifestar un sitio web verdaderamente distinto y visualmente llamativo. Adem\u00e1s, es crucial reconocer que este tema se basa en el formidable marco de Genesis, que a su vez garantiza que la plataforma en l\u00ednea de uno no solo permanece impermeable a las posibles violaciones de seguridad, sino que tambi\u00e9n est\u00e1 impecablemente optimizada para los motores de b\u00fasqueda. Adem\u00e1s, Magazine Pro abarca una variedad de diversos dise\u00f1os de p\u00e1ginas y \u00e1reas de widgets, todo mientras se complementa con una variedad de widgets personalizados y un control deslizante de contenido destacado muy codiciado. Adem\u00e1s, uno no debe descuidar para resaltar la capacidad de respuesta inherente del tema, asegurando que el sitio web exude una sensaci\u00f3n de excelencia est\u00e9tica independientemente del dispositivo desde el que se accede. A la luz de estos atributos excepcionales, queda muy claro que si uno est\u00e1 tratando de construir un blog personal o un sitio de noticias a gran escala, el tema de la revista StudioPress Pro es una opci\u00f3n inequ\u00edvocamente principal para los usuarios de WordPress de todos los calibres.<\/p>\n<ul>\n<li>Dise\u00f1o elegante y moderno con opciones personalizadas para la marca<\/li>\n<li>Dise\u00f1o de respuesta m\u00f3vil para una visualizaci\u00f3n \u00f3ptima en todos los dispositivos<\/li>\n<li>Ranuras publicitarias incorporadas para la monetizaci\u00f3n<\/li>\n<li>M\u00faltiples dise\u00f1os de p\u00e1gina y \u00e1reas de widgets para la personalizaci\u00f3n<\/li>\n<li>Integraci\u00f3n con plataformas populares de marketing por correo electr\u00f3nico<\/li>\n<li>Soporte para tipos de publicaci\u00f3n personalizados y taxonom\u00edas<\/li>\n<li>R\u00e1pido y liviano para tiempos de carga de p\u00e1gina \u00f3ptimos<\/li>\n<li>SEO optimizado para clasificaciones de motores de b\u00fasqueda m\u00e1s altos<\/li>\n<li>Acceso a una biblioteca de plantillas predise\u00f1adas para una f\u00e1cil personalizaci\u00f3n<\/li>\n<li>Actualizaciones y soporte regulares del equipo de StudioPress.<\/li>\n<\/ul>\n","protected":false},"excerpt":{"rendered":"<p>El tema de la revista StudioPress Pro Genesis WordPress es un tema altamente sofisticado y est\u00e9ticamente agradable que se ha desarrollado espec\u00edficamente con el fin de atender las necesidades de revistas en l\u00ednea, portales de noticias y blogs que son ricos en contenido. Este tema cuenta con un dise\u00f1o que exuda limpieza y elegancia, ofreci\u00e9ndole la plataforma perfecta para mostrar su contenido de una manera que sea profesional y cautivadora. Lo que distingue a este tema de otros en el mercado es su notable flexibilidad y caracter\u00edsticas personalizables, lo que le permite dise\u00f1ar sin esfuerzo un sitio web o un blog que sea exclusivamente suyo. Adem\u00e1s, este tema es totalmente receptivo, lo que significa que se adapta sin esfuerzo y se muestra impecablemente en todo tipo de dispositivos, asegurando as\u00ed que sus lectores puedan acceder a su contenido con la mayor comodidad. Adem\u00e1s, este tema est\u00e1 dotado de una gran cantidad de caracter\u00edsticas integradas que generalmente no se encuentran en otros temas, lo que le ofrece un conjunto de herramientas m\u00e1s completo y vers\u00e1til para trabajar. Al emplear el tema Pro Magazine Pro de StudioPress, tiene a su disposici\u00f3n los medios para crear una presencia en l\u00ednea que sea realmente sorprendente y efectiva, dejando as\u00ed una impresi\u00f3n duradera en sus lectores y mejorar significativamente su rendimiento general en l\u00ednea.<\/p>\n","protected":false},"featured_media":167614,"comment_status":"open","ping_status":"open","template":"","meta":[],"product_brand":[2358],"product_cat":[1245,1237,1238],"product_tag":[1383],"class_list":{"0":"post-123454","1":"product","2":"type-product","3":"status-publish","4":"has-post-thumbnail","6":"product_brand-studiopress","7":"product_cat-blog-revista","8":"product_cat-temas","9":"product_cat-wordpress-temas","10":"product_tag-studiopress","11":"member-discount","12":"discount-restricted","14":"first","15":"instock","16":"sale","17":"downloadable","18":"virtual","19":"sold-individually","20":"purchasable","21":"product-type-simple"},"_links":{"self":[{"href":"https:\/\/gpl-love.com\/es\/wp-json\/wp\/v2\/product\/123454","targetHints":{"allow":["GET"]}}],"collection":[{"href":"https:\/\/gpl-love.com\/es\/wp-json\/wp\/v2\/product"}],"about":[{"href":"https:\/\/gpl-love.com\/es\/wp-json\/wp\/v2\/types\/product"}],"replies":[{"embeddable":true,"href":"https:\/\/gpl-love.com\/es\/wp-json\/wp\/v2\/comments?post=123454"}],"wp:featuredmedia":[{"embeddable":true,"href":"https:\/\/gpl-love.com\/es\/wp-json\/wp\/v2\/media\/167614"}],"wp:attachment":[{"href":"https:\/\/gpl-love.com\/es\/wp-json\/wp\/v2\/media?parent=123454"}],"wp:term":[{"taxonomy":"product_brand","embeddable":true,"href":"https:\/\/gpl-love.com\/es\/wp-json\/wp\/v2\/product_brand?post=123454"},{"taxonomy":"product_cat","embeddable":true,"href":"https:\/\/gpl-love.com\/es\/wp-json\/wp\/v2\/product_cat?post=123454"},{"taxonomy":"product_tag","embeddable":true,"href":"https:\/\/gpl-love.com\/es\/wp-json\/wp\/v2\/product_tag?post=123454"}],"curies":[{"name":"wp","href":"https:\/\/api.w.org\/{rel}","templated":true}]}}