{"id":123452,"date":"2021-02-09T00:00:00","date_gmt":"2021-02-09T05:00:00","guid":{"rendered":"https:\/\/gpl-love.com\/es\/producto\/studiopress-lifestyle-pro-genesis-wordpress-theme\/"},"modified":"2026-04-10T11:26:16","modified_gmt":"2026-04-10T16:26:16","slug":"studiopress-lifestyle-pro-genesis-wordpress-theme","status":"publish","type":"product","link":"https:\/\/gpl-love.com\/es\/producto\/studiopress-lifestyle-pro-genesis-wordpress-theme\/","title":{"rendered":"StudioPress Lifestyle Pro Genesis WordPress Theme 3.2.4"},"content":{"rendered":"<h3>StudioPress Lifestyle Pro Genesis WordPress Theme Caracteristicas<\/h3>\n<p>El tema de WordPress de estilo de vida de StudioPress Pro Genesis se presenta como un tema din\u00e1mico y moderno, que atiende a las necesidades de los bloggers, empresarios y profesionales que buscan exhibir su contenido de una manera elegante y elegante. Con un dise\u00f1o minimalista y una variedad de opciones personalizables, este tema demuestra ser una opci\u00f3n ideal para aquellos que desean crear un sitio web verdaderamente \u00fanico y personalizado. Adem\u00e1s, el tema de Lifestyle Pro va m\u00e1s all\u00e1 optimiz\u00e1ndose para motores de b\u00fasqueda y dispositivos m\u00f3viles, asegurando as\u00ed un rendimiento \u00f3ptimo en todas las plataformas. Adem\u00e1s, este tema viene equipado con una gran cantidad de caracter\u00edsticas incorporadas, que incluye una p\u00e1gina de inicio personalizable, m\u00faltiples plantillas de p\u00e1ginas y widgets personalizables. Al mostrar una est\u00e9tica limpia y profesional, el tema de estilo de vida de Lifestyle se destaca como una excelente opci\u00f3n para las personas que buscan mejorar su presencia en l\u00ednea.<\/p>\n<ul>\n<li>Un tema de WordPress elegante y moderno dise\u00f1ado para bloggers y sitios web de estilo de vida.<\/li>\n<li>Construido en el poderoso marco de Genesis, proporcionando una mejor seguridad y funcionalidad de SEO.<\/li>\n<li>Proporciona numerosas opciones personalizables para el dise\u00f1o y el dise\u00f1o para que su sitio web se destaque.<\/li>\n<li>El dise\u00f1o m\u00f3vil sensible a los dispositivos m\u00f3viles garantiza que su sitio web se vea genial en cualquier dispositivo.<\/li>\n<li>El panel de opciones de temas integrados permite una f\u00e1cil personalizaci\u00f3n de la configuraci\u00f3n del tema, incluida la tipograf\u00eda y el esquema de color.<\/li>\n<li>Las plantillas y widgets predise\u00f1ados facilitan la creaci\u00f3n de p\u00e1ginas y publicaciones de aspecto profesional.<\/li>\n<li>Incluye soporte incorporado para WooCommerce, lo que facilita la configuraci\u00f3n de una tienda en l\u00ednea.<\/li>\n<li>Totalmente compatible con la \u00faltima versi\u00f3n de WordPress, asegurando la viabilidad y el soporte a largo plazo.<\/li>\n<li>Acceso a un equipo de soporte dedicado y una amplia documentaci\u00f3n para ayudarlo a aprovechar al m\u00e1ximo su tema.<\/li>\n<\/ul>\n","protected":false},"excerpt":{"rendered":"<p>\u00bfEst\u00e1s en busca de un tema de WordPress que no solo exuda elegancia sino que tambi\u00e9n funciona sin problemas? No busque m\u00e1s que el tema de WordPress de WordPress pro Genesis de StudioPress. Este notable tema es hecho a medida para blogueros, empresarios y profesionales creativos, que ofrece una gran cantidad de caracter\u00edsticas y beneficios. Su dise\u00f1o est\u00e1 espec\u00edficamente seleccionado para presentar su contenido de una manera elegante y sofisticada, asegurando que su sitio web se destaque de la competencia. Con widgets personalizables, m\u00faltiples widgets de la p\u00e1gina de inicio y un dise\u00f1o de respuesta m\u00f3vil, el estilo de vida de estilo de vida cubre todas las bases, proporcion\u00e1ndole las herramientas necesarias para mostrar su experiencia profesional o experiencias personales. Lo que distingue a este tema es su capacidad para crear un sitio web moderno y profesional que realmente refleje su estilo y personalidad \u00fanicos. No se conforme con menos cuando pueda crear un sitio web impresionante con el tema de WordPress de WordPress Pro Genesis de StudioPress Lifestyle.<\/p>\n","protected":false},"featured_media":167613,"comment_status":"open","ping_status":"open","template":"","meta":[],"product_brand":[2358],"product_cat":[1245,1237,1238],"product_tag":[1383],"class_list":{"0":"post-123452","1":"product","2":"type-product","3":"status-publish","4":"has-post-thumbnail","6":"product_brand-studiopress","7":"product_cat-blog-revista","8":"product_cat-temas","9":"product_cat-wordpress-temas","10":"product_tag-studiopress","11":"member-discount","12":"discount-restricted","14":"first","15":"instock","16":"sale","17":"downloadable","18":"virtual","19":"sold-individually","20":"purchasable","21":"product-type-simple"},"_links":{"self":[{"href":"https:\/\/gpl-love.com\/es\/wp-json\/wp\/v2\/product\/123452","targetHints":{"allow":["GET"]}}],"collection":[{"href":"https:\/\/gpl-love.com\/es\/wp-json\/wp\/v2\/product"}],"about":[{"href":"https:\/\/gpl-love.com\/es\/wp-json\/wp\/v2\/types\/product"}],"replies":[{"embeddable":true,"href":"https:\/\/gpl-love.com\/es\/wp-json\/wp\/v2\/comments?post=123452"}],"wp:featuredmedia":[{"embeddable":true,"href":"https:\/\/gpl-love.com\/es\/wp-json\/wp\/v2\/media\/167613"}],"wp:attachment":[{"href":"https:\/\/gpl-love.com\/es\/wp-json\/wp\/v2\/media?parent=123452"}],"wp:term":[{"taxonomy":"product_brand","embeddable":true,"href":"https:\/\/gpl-love.com\/es\/wp-json\/wp\/v2\/product_brand?post=123452"},{"taxonomy":"product_cat","embeddable":true,"href":"https:\/\/gpl-love.com\/es\/wp-json\/wp\/v2\/product_cat?post=123452"},{"taxonomy":"product_tag","embeddable":true,"href":"https:\/\/gpl-love.com\/es\/wp-json\/wp\/v2\/product_tag?post=123452"}],"curies":[{"name":"wp","href":"https:\/\/api.w.org\/{rel}","templated":true}]}}