{"id":123450,"date":"2021-02-09T00:00:00","date_gmt":"2021-02-09T05:00:00","guid":{"rendered":"https:\/\/gpl-love.com\/es\/producto\/studiopress-kreativ-pro-genesis-wordpress-theme\/"},"modified":"2026-04-10T11:26:15","modified_gmt":"2026-04-10T16:26:15","slug":"studiopress-kreativ-pro-genesis-wordpress-theme","status":"publish","type":"product","link":"https:\/\/gpl-love.com\/es\/producto\/studiopress-kreativ-pro-genesis-wordpress-theme\/","title":{"rendered":"StudioPress Kreativ Pro Genesis WordPress Theme 1.2.2"},"content":{"rendered":"<h3>StudioPress Kreativ Pro Genesis WordPress Theme Caracteristicas<\/h3>\n<p>El tema de WordPress Kreativ Pro Genesis, reconocido por su eficacia, demuestra ser un activo invaluable para los dise\u00f1adores y desarrolladores de sitios web absortos en el arte de elaborar \u00e1mbitos digitales excepcionales. Exhibiendo una est\u00e9tica pr\u00edstina y una variedad de funcionalidades vers\u00e1tiles, este tema es el ep\u00edtome de la perfecci\u00f3n para aquellos que buscan concebir sitios web profesionales y contempor\u00e1neos. Su flexibilidad innata faculta a los usuarios con una mir\u00edada de opciones de personalizaci\u00f3n, asegurando as\u00ed que el tema se pueda adaptar meticulosamente para satisfacer las necesidades individualistas y provocar un nivel de satisfacci\u00f3n incomparable. Adem\u00e1s, el tema Kreativ Pro Genesis WordPress est\u00e1 equipado con un dise\u00f1o receptivo, meticulosamente optimizado para acomodar a la perfecci\u00f3n varios dispositivos, que finalmente culmin\u00f3 en una experiencia de usuario mejorada para los visitantes. Complementando su est\u00e9tica incomparable y su funcionalidad suprema, la compatibilidad de este tema con el marco de Genesis solidifica a\u00fan m\u00e1s su estado como una opci\u00f3n confiable e inexpugnable para los entusiastas del sitio web. En conclusi\u00f3n, el tema StudioPress Kreativ Pro Genesis WordPress se erige inequ\u00edvocamente como la soluci\u00f3n definitiva para cualquier persona que anhele emprender la creaci\u00f3n de un sitio web que amalgama el estilo y la funcionalidad armoniosamente.<\/p>\n<ul>\n<li>Dise\u00f1o profesional y moderno adecuado para empresas e individuos creativos<\/li>\n<li>Totalmente receptivo y amigable para m\u00f3viles<\/li>\n<li>Gr\u00e1ficos listos para retina para una pantalla de alta calidad en todos los dispositivos<\/li>\n<li>Comercio electr\u00f3nico listo con la integraci\u00f3n de WooCommerce<\/li>\n<li>Opciones de dise\u00f1o de m\u00faltiples p\u00e1ginas de inicio y blog<\/li>\n<li>Encabezado y pie de p\u00e1gina personalizable<\/li>\n<li>Opciones de tema avanzados para el control completo sobre el dise\u00f1o y la funcionalidad<\/li>\n<li>Integraci\u00f3n con complementos populares como formularios de gravedad y formularios ninja<\/li>\n<li>C\u00f3digo amigable con SEO para una mejor visibilidad del motor de b\u00fasqueda<\/li>\n<li>Marco de g\u00e9nesis s\u00f3lido de roca para la optimizaci\u00f3n de seguridad y rendimiento<\/li>\n<\/ul>\n","protected":false},"excerpt":{"rendered":"<p>Perm\u00edtanos presentar el tema StudioPress Kreativ Pro Genesis WordPress, una soluci\u00f3n incre\u00edblemente integral dise\u00f1ada espec\u00edficamente para profesionales creativos que buscan presentar efectivamente su trabajo en el \u00e1mbito digital. Este tema extraordinario cuenta con una multitud de caracter\u00edsticas robustas y un dise\u00f1o contempor\u00e1neo que est\u00e1 garantizado para cautivar y absorber su audiencia prevista. Con el fenomenal StudioPress Kreativ Pro a su disposici\u00f3n, personalice sin esfuerzo su sitio web y construya sin esfuerzo p\u00e1ginas magn\u00edficas a trav\u00e9s de su notable constructor de p\u00e1ginas de arrastrar y soltar de manera intuitiva. Adem\u00e1s, est\u00e1 meticulosamente optimizado para la optimizaci\u00f3n de la r\u00e1pida y el motor de b\u00fasqueda (SEO), lo que garantiza que su presencia en l\u00ednea sea r\u00e1pida y se puede descubrir sin esfuerzo en varios motores de b\u00fasqueda. Ya sea que sea un fot\u00f3grafo consumado, un estimado artista o un innovador dise\u00f1ador, StudioPress Kreativ Pro sirve como el instrumento ideal para exhibir y manifestar su visi\u00f3n creativa \u00fanica dentro del paisaje digital.<\/p>\n","protected":false},"featured_media":167612,"comment_status":"open","ping_status":"open","template":"","meta":[],"product_brand":[2358],"product_cat":[1267,1237,1238],"product_tag":[1383],"class_list":{"0":"post-123450","1":"product","2":"type-product","3":"status-publish","4":"has-post-thumbnail","6":"product_brand-studiopress","7":"product_cat-creativo","8":"product_cat-temas","9":"product_cat-wordpress-temas","10":"product_tag-studiopress","11":"member-discount","12":"discount-restricted","14":"first","15":"instock","16":"sale","17":"downloadable","18":"virtual","19":"sold-individually","20":"purchasable","21":"product-type-simple"},"_links":{"self":[{"href":"https:\/\/gpl-love.com\/es\/wp-json\/wp\/v2\/product\/123450","targetHints":{"allow":["GET"]}}],"collection":[{"href":"https:\/\/gpl-love.com\/es\/wp-json\/wp\/v2\/product"}],"about":[{"href":"https:\/\/gpl-love.com\/es\/wp-json\/wp\/v2\/types\/product"}],"replies":[{"embeddable":true,"href":"https:\/\/gpl-love.com\/es\/wp-json\/wp\/v2\/comments?post=123450"}],"wp:featuredmedia":[{"embeddable":true,"href":"https:\/\/gpl-love.com\/es\/wp-json\/wp\/v2\/media\/167612"}],"wp:attachment":[{"href":"https:\/\/gpl-love.com\/es\/wp-json\/wp\/v2\/media?parent=123450"}],"wp:term":[{"taxonomy":"product_brand","embeddable":true,"href":"https:\/\/gpl-love.com\/es\/wp-json\/wp\/v2\/product_brand?post=123450"},{"taxonomy":"product_cat","embeddable":true,"href":"https:\/\/gpl-love.com\/es\/wp-json\/wp\/v2\/product_cat?post=123450"},{"taxonomy":"product_tag","embeddable":true,"href":"https:\/\/gpl-love.com\/es\/wp-json\/wp\/v2\/product_tag?post=123450"}],"curies":[{"name":"wp","href":"https:\/\/api.w.org\/{rel}","templated":true}]}}