{"id":123448,"date":"2021-02-09T00:00:00","date_gmt":"2021-02-09T05:00:00","guid":{"rendered":"https:\/\/gpl-love.com\/es\/producto\/studiopress-kickstart-pro-genesis-wordpress-theme\/"},"modified":"2026-04-10T11:26:14","modified_gmt":"2026-04-10T16:26:14","slug":"studiopress-kickstart-pro-genesis-wordpress-theme","status":"publish","type":"product","link":"https:\/\/gpl-love.com\/es\/producto\/studiopress-kickstart-pro-genesis-wordpress-theme\/","title":{"rendered":"StudioPress Kickstart Pro Genesis WordPress Theme 1.3.7"},"content":{"rendered":"<h3>StudioPress Kickstart Pro Genesis WordPress Theme Caracteristicas<\/h3>\n<p>El tema de StudioPress Kickstart Pro Genesis WordPress se presenta como un tema influyente y multifac\u00e9tico, que es particularmente ventajoso para las personas que buscan establecer un sitio web con un aura profesional. Este tema abarca un dise\u00f1o elegante y contempor\u00e1neo, lo que lo hace totalmente receptivo y, por lo tanto, garantiza que la apariencia de su sitio web siga siendo impecable en una amplia gama de dispositivos. Con una variedad de opciones personalizables a su disposici\u00f3n, tiene la capacidad de adaptar sin esfuerzo su sitio web para corresponder con precisi\u00f3n con sus distintas necesidades y preferencias, todo el tiempo aprovechando la diversa variedad de caracter\u00edsticas y funcionalidades inherentes que contribuyen a la inmensa destreza del tema. Independientemente de si usted es un blogger, propietario de peque\u00f1as empresas o emprendedor, el tema de StudioPress Kickstart Pro Genesis WordPress sirve como la soluci\u00f3n ideal para la creaci\u00f3n de un sitio web impresionante, lo que le permite diferenciarse de las masas.<\/p>\n<ul>\n<li>Dise\u00f1o de tema totalmente personalizable y flexible para sitios web de WordPress<\/li>\n<li>Construido en el poderoso marco de Genesis para el rendimiento y la seguridad optimizados<\/li>\n<li>Incluye una variedad de plantillas de p\u00e1gina y opciones de dise\u00f1o para una f\u00e1cil personalizaci\u00f3n del sitio web<\/li>\n<li>El dise\u00f1o de respuesta m\u00f3vil garantiza que su sitio web se vea muy bien en cualquier dispositivo<\/li>\n<li>Incluye caracter\u00edsticas de SEO incorporadas para una mejor visibilidad y clasificaciones de motores de b\u00fasqueda<\/li>\n<li>Se integra con complementos populares como WooCommerce para una f\u00e1cil funcionalidad de comercio electr\u00f3nico<\/li>\n<li>Las opciones de personalizaci\u00f3n de temas f\u00e1ciles de usar le permiten cambiar f\u00e1cilmente los colores, las fuentes y otros elementos de dise\u00f1o<\/li>\n<li>Viene con actualizaciones de por vida y soporte para el mantenimiento y la resoluci\u00f3n de problemas de sitios web en curso.<\/li>\n<\/ul>\n","protected":false},"excerpt":{"rendered":"<p>Para las personas que buscan crear sin esfuerzo un sitio web con una apariencia pulida y sofisticada, el tema de StudioPress Kickstart Pro Genesis WordPress presenta una soluci\u00f3n ideal. Con un dise\u00f1o optimizado y contempor\u00e1neo, este tema proporciona una gran cantidad de opciones de personalizaci\u00f3n, lo que le permite adaptar su sitio web a sus requisitos precisos. Su capacidad de respuesta excepcional garantiza la compatibilidad en todos los dispositivos, y su optimizaci\u00f3n de motores de b\u00fasqueda garantiza la capacidad de descubrimiento sin esfuerzo de su sitio web. Con su interfaz de usuario intuitiva y sus funcionalidades robustas, el tema de WordPress de Kickstart de StudioPress Pro Genesis se considera como la mejor opci\u00f3n para aquellos que aspiran a elevar su sitio web a nuevas alturas.<\/p>\n","protected":false},"featured_media":167611,"comment_status":"open","ping_status":"open","template":"","meta":[],"product_brand":[2358],"product_cat":[1307,1237,1238],"product_tag":[1383],"class_list":{"0":"post-123448","1":"product","2":"type-product","3":"status-publish","4":"has-post-thumbnail","6":"product_brand-studiopress","7":"product_cat-negocio-wordpress-temas","8":"product_cat-temas","9":"product_cat-wordpress-temas","10":"product_tag-studiopress","11":"member-discount","12":"discount-restricted","14":"first","15":"instock","16":"sale","17":"downloadable","18":"virtual","19":"sold-individually","20":"purchasable","21":"product-type-simple"},"_links":{"self":[{"href":"https:\/\/gpl-love.com\/es\/wp-json\/wp\/v2\/product\/123448","targetHints":{"allow":["GET"]}}],"collection":[{"href":"https:\/\/gpl-love.com\/es\/wp-json\/wp\/v2\/product"}],"about":[{"href":"https:\/\/gpl-love.com\/es\/wp-json\/wp\/v2\/types\/product"}],"replies":[{"embeddable":true,"href":"https:\/\/gpl-love.com\/es\/wp-json\/wp\/v2\/comments?post=123448"}],"wp:featuredmedia":[{"embeddable":true,"href":"https:\/\/gpl-love.com\/es\/wp-json\/wp\/v2\/media\/167611"}],"wp:attachment":[{"href":"https:\/\/gpl-love.com\/es\/wp-json\/wp\/v2\/media?parent=123448"}],"wp:term":[{"taxonomy":"product_brand","embeddable":true,"href":"https:\/\/gpl-love.com\/es\/wp-json\/wp\/v2\/product_brand?post=123448"},{"taxonomy":"product_cat","embeddable":true,"href":"https:\/\/gpl-love.com\/es\/wp-json\/wp\/v2\/product_cat?post=123448"},{"taxonomy":"product_tag","embeddable":true,"href":"https:\/\/gpl-love.com\/es\/wp-json\/wp\/v2\/product_tag?post=123448"}],"curies":[{"name":"wp","href":"https:\/\/api.w.org\/{rel}","templated":true}]}}