{"id":123317,"date":"2024-11-29T00:00:00","date_gmt":"2024-11-29T05:00:00","guid":{"rendered":"https:\/\/gpl-love.com\/es\/producto\/easy-digital-downloads-wish-lists\/"},"modified":"2026-03-09T07:29:48","modified_gmt":"2026-03-09T12:29:48","slug":"easy-digital-downloads-wish-lists","status":"publish","type":"product","link":"https:\/\/gpl-love.com\/es\/producto\/easy-digital-downloads-wish-lists\/","title":{"rendered":"Easy Digital Downloads Wish Lists 1.2.3"},"content":{"rendered":"<h3>Easy Digital Downloads Wish Lists Caracteristicas<\/h3>\n<p>Easy Digital Downloads Wish Lists es un complemento excepcional que tiene como objetivo mejorar la funcionalidad de la plataforma de comercio electr\u00f3nico f\u00e1cil de descargas f\u00e1ciles y ampliamente utilizadas y ampliamente utilizadas. Al incorporar este complemento en su tienda en l\u00ednea, los clientes est\u00e1n facultados para crear y administrar efectivamente numerosas listas de deseos, otorg\u00e1ndoles la conveniencia de preservar y organizar una gran cantidad de productos que poseen un gran inter\u00e9s en la compra en un momento posterior. El complemento facilita sin problemas la adici\u00f3n sin esfuerzo y la eliminaci\u00f3n de art\u00edculos de estas listas de deseos, lo que brinda a los clientes la mayor facilidad y conveniencia. Adem\u00e1s, los clientes est\u00e1n m\u00e1s dotados de la notable capacidad de compartir de inmediato y sin esfuerzo sus listas de deseos meticulosamente elaborados con sus estimados amigos y familiares queridos a trav\u00e9s del empleo del medio de correo electr\u00f3nico o varias plataformas de redes sociales prevalentes. Adem\u00e1s, este complemento est\u00e1 inherentemente imbuido de un grado de flexibilidad encomiable, ya que puede personalizarse sin esfuerzo para adaptarse a las preferencias y requisitos distintivos de cada tienda en l\u00ednea individual. Esta integraci\u00f3n perfecta con la plataforma f\u00e1cil de descargas digitales hace que el complemento sea una adici\u00f3n realmente invaluable a cualquier tienda en l\u00ednea exigente que aspira a aumentar la participaci\u00f3n del cliente y mejorar los niveles generales de satisfacci\u00f3n del cliente.<\/p>\n<ul>\n<li>Permite a los clientes f\u00e1ciles de descargas digitales (EDD) para crear y administrar m\u00faltiples listas de deseos<\/li>\n<li>Ofrece a los clientes la capacidad de agregar productos a sus listas de deseos directamente desde la p\u00e1gina del producto o en la ventana emergente r\u00e1pida<\/li>\n<li>Permite a los clientes compartir f\u00e1cilmente sus listas de deseos con amigos y familiares a trav\u00e9s de las redes sociales o el correo electr\u00f3nico.<\/li>\n<li>Proporciona una interfaz de usuario simple e intuitiva para que los clientes vean y administren sus listas de deseos<\/li>\n<li>Admite la configuraci\u00f3n de la lista de deseos personalizables, como la configuraci\u00f3n de privacidad y la capacidad de agregar notas personalizadas para cada elemento en la lista<\/li>\n<li>Compatible con la funci\u00f3n de c\u00f3digos de descuento incorporado de EDD, que permite a los clientes aplicar descuentos a los art\u00edculos en su lista de deseos<\/li>\n<li>Integraci\u00f3n perfecta con el software central de EDD, asegurando una experiencia fluida y confiable tanto para los clientes como para los propietarios de las tiendas<\/li>\n<li>Proporciona informaci\u00f3n valiosa para los propietarios de tiendas mediante el seguimiento de la actividad y las tendencias de la lista de deseos, lo que les permite comprender mejor las preferencias y comportamientos de sus clientes.<\/li>\n<\/ul>\n","protected":false},"excerpt":{"rendered":"<p>El complemento de listas de deseos que ofrece descargas digitales f\u00e1ciles demuestra ser una herramienta incre\u00edblemente robusta e influyente, dise\u00f1ada a prop\u00f3sito para capacitar a los compradores en l\u00ednea con la capacidad de curar y mantener listas personalizadas que contienen los productos que desean adquirir. Con la m\u00e1xima facilidad y conveniencia, los clientes tienen la oportunidad de aumentar sin problemas sus listas de deseos al agregar convenientemente los productos deseados, compartiendo posteriormente estas listas meticulosamente ensambladas con sus seres queridos m\u00e1s cercanos. El complemento mejora a\u00fan m\u00e1s la experiencia del usuario al proporcionar notificaciones oportunas que pertenecen a cualquier descuento o promoci\u00f3n en los art\u00edculos codiciados dentro de sus listas de deseos. Por lo tanto, se hace evidente que este complemento indispensable sirve como un activo imperativo para los escaparates digitales que anhelan aumentar la satisfacci\u00f3n del cliente y optimizar su rendimiento general de ventas.<\/p>\n","protected":false},"featured_media":165893,"comment_status":"open","ping_status":"open","template":"","meta":[],"product_brand":[2427],"product_cat":[1207,1248,1206],"product_tag":[1280],"class_list":{"0":"post-123317","1":"product","2":"type-product","3":"status-publish","4":"has-post-thumbnail","6":"product_brand-easy-digital-downloads","7":"product_cat-comercio-electronico-plugins","8":"product_cat-personalizacion-comercio-electronico-plugins","9":"product_cat-plugins","10":"product_tag-easy-digital-downloads","11":"member-discount","12":"discount-restricted","14":"first","15":"instock","16":"sale","17":"downloadable","18":"virtual","19":"sold-individually","20":"purchasable","21":"product-type-simple"},"_links":{"self":[{"href":"https:\/\/gpl-love.com\/es\/wp-json\/wp\/v2\/product\/123317","targetHints":{"allow":["GET"]}}],"collection":[{"href":"https:\/\/gpl-love.com\/es\/wp-json\/wp\/v2\/product"}],"about":[{"href":"https:\/\/gpl-love.com\/es\/wp-json\/wp\/v2\/types\/product"}],"replies":[{"embeddable":true,"href":"https:\/\/gpl-love.com\/es\/wp-json\/wp\/v2\/comments?post=123317"}],"wp:featuredmedia":[{"embeddable":true,"href":"https:\/\/gpl-love.com\/es\/wp-json\/wp\/v2\/media\/165893"}],"wp:attachment":[{"href":"https:\/\/gpl-love.com\/es\/wp-json\/wp\/v2\/media?parent=123317"}],"wp:term":[{"taxonomy":"product_brand","embeddable":true,"href":"https:\/\/gpl-love.com\/es\/wp-json\/wp\/v2\/product_brand?post=123317"},{"taxonomy":"product_cat","embeddable":true,"href":"https:\/\/gpl-love.com\/es\/wp-json\/wp\/v2\/product_cat?post=123317"},{"taxonomy":"product_tag","embeddable":true,"href":"https:\/\/gpl-love.com\/es\/wp-json\/wp\/v2\/product_tag?post=123317"}],"curies":[{"name":"wp","href":"https:\/\/api.w.org\/{rel}","templated":true}]}}