{"id":123315,"date":"2024-04-21T00:00:00","date_gmt":"2024-04-21T05:00:00","guid":{"rendered":"https:\/\/gpl-love.com\/es\/producto\/easy-digital-downloads-sendy\/"},"modified":"2026-03-09T07:29:35","modified_gmt":"2026-03-09T12:29:35","slug":"easy-digital-downloads-sendy","status":"publish","type":"product","link":"https:\/\/gpl-love.com\/es\/producto\/easy-digital-downloads-sendy\/","title":{"rendered":"Easy Digital Downloads Sendy 1.2.0"},"content":{"rendered":"<h3>Easy Digital Downloads Sendy Caracteristicas<\/h3>\n<p>Easy Digital Descargas Sendy es una herramienta de integraci\u00f3n incre\u00edblemente robusta y altamente eficiente que cuenta con la notable capacidad de conectar sin esfuerzo la tienda de descargas digitales f\u00e1ciles de los usuarios con el excepcional software de marketing por correo electr\u00f3nico Sendy. Mediante esta integraci\u00f3n perfecta, los usuarios pueden administrar sin esfuerzo y eficientemente sus listas de correo electr\u00f3nico, despachar efectivamente boletines y correos electr\u00f3nicos promocionales, y monitorear y rastrear meticulosamente el rendimiento de sus campa\u00f1as de correo electr\u00f3nico, todo c\u00f3modo enclavado dentro de los confines de su tablero EDD. Esta integraci\u00f3n ha sido meticulosamente elaborada para exhibir un nivel encomiable de facilidad de uso, y solo requiere un m\u00ednimo de experiencia t\u00e9cnica, lo que lo hace f\u00e1cilmente accesible a cualquier individuo ansioso por capitalizar la gran cantidad de ventajas que el marketing por correo electr\u00f3nico tiene para ofrecer. En general, las descargas digitales f\u00e1ciles de Sendy presenta una soluci\u00f3n notablemente sencilla e inmensamente poderosa para optimizar sus esfuerzos de marketing por correo electr\u00f3nico, mejorando as\u00ed la eficacia de su estrategia general de ventas y marketing.<\/p>\n<ul>\n<li>Integra sin problemas descargas digitales f\u00e1ciles con la plataforma de marketing por correo electr\u00f3nico Sendy<\/li>\n<li>Le permite administrar sus listas de correo electr\u00f3nico, campa\u00f1as y suscriptores dentro de su tablero de WordPress<\/li>\n<li>Le permite enviar boletines espec\u00edficos, correos electr\u00f3nicos promocionales y m\u00e1s a sus clientes o suscriptores<\/li>\n<li>Aumenta sus tasas de conversi\u00f3n y ventas manteniendo a sus clientes informados y comprometidos con su marca<\/li>\n<li>Le ahorra tiempo y dinero en comparaci\u00f3n con el uso de otro servicio de marketing por correo electr\u00f3nico de terceros<\/li>\n<li>Proporciona informes detallados y an\u00e1lisis en campa\u00f1as de correo electr\u00f3nico, lo que le permite rastrear el \u00e9xito y ajustar las estrategias seg\u00fan sea necesario<\/li>\n<li>Ofrece un soporte integral para garantizar una configuraci\u00f3n y uso f\u00e1cil y f\u00e1cil del complemento<\/li>\n<li>Compatible con una variedad de proveedores de servicios de correo electr\u00f3nico y clientes de correo electr\u00f3nico<\/li>\n<li>Ofrece plantillas de correo electr\u00f3nico personalizables y opciones de marca para mantener la consistencia con la imagen de su marca<\/li>\n<li>Aumenta la lealtad y la participaci\u00f3n del cliente a trav\u00e9s de estrategias personalizadas de marketing por correo electr\u00f3nico.<\/li>\n<\/ul>\n","protected":false},"excerpt":{"rendered":"<p>Easy Digital Descargas Sendy, una poderosa herramienta de marketing por correo electr\u00f3nico, est\u00e1 meticulosamente elaborada para fusionar sin problemas con su cuenta f\u00e1cil de descargas digitales (EDD). Al emplear este complemento excepcional, est\u00e1 dotado de la capacidad de enviar correos electr\u00f3nicos personalizados tanto a sus clientes como a suscriptores directamente desde el coraz\u00f3n de su tienda EDD. Este notable complemento sirve como un activo invaluable, lo que le permite racionalizar sus esfuerzos de marketing por correo electr\u00f3nico e involucrar efectivamente a su audiencia deseada a trav\u00e9s de mensajes profundamente espec\u00edficos, dise\u00f1ados meticulosamente para producir conversiones. Con la ayuda de descargas digitales f\u00e1ciles de Sendy, la onerosa tarea de administrar sus campa\u00f1as de marketing por correo electr\u00f3nico se alivia r\u00e1pidamente a trav\u00e9s de la automatizaci\u00f3n, lo que le brinda el lujo de optimizar su tiempo y reforzar sus ingresos, todo mientras fomenta una conexi\u00f3n inquebrantable con su estimada clientela.<\/p>\n","protected":false},"featured_media":165883,"comment_status":"open","ping_status":"open","template":"","meta":[],"product_brand":[2427],"product_cat":[1207,1225,1206],"product_tag":[1280],"class_list":{"0":"post-123315","1":"product","2":"type-product","3":"status-publish","4":"has-post-thumbnail","6":"product_brand-easy-digital-downloads","7":"product_cat-comercio-electronico-plugins","8":"product_cat-marketing","9":"product_cat-plugins","10":"product_tag-easy-digital-downloads","11":"member-discount","12":"discount-restricted","14":"first","15":"instock","16":"sale","17":"downloadable","18":"virtual","19":"sold-individually","20":"purchasable","21":"product-type-simple"},"_links":{"self":[{"href":"https:\/\/gpl-love.com\/es\/wp-json\/wp\/v2\/product\/123315","targetHints":{"allow":["GET"]}}],"collection":[{"href":"https:\/\/gpl-love.com\/es\/wp-json\/wp\/v2\/product"}],"about":[{"href":"https:\/\/gpl-love.com\/es\/wp-json\/wp\/v2\/types\/product"}],"replies":[{"embeddable":true,"href":"https:\/\/gpl-love.com\/es\/wp-json\/wp\/v2\/comments?post=123315"}],"wp:featuredmedia":[{"embeddable":true,"href":"https:\/\/gpl-love.com\/es\/wp-json\/wp\/v2\/media\/165883"}],"wp:attachment":[{"href":"https:\/\/gpl-love.com\/es\/wp-json\/wp\/v2\/media?parent=123315"}],"wp:term":[{"taxonomy":"product_brand","embeddable":true,"href":"https:\/\/gpl-love.com\/es\/wp-json\/wp\/v2\/product_brand?post=123315"},{"taxonomy":"product_cat","embeddable":true,"href":"https:\/\/gpl-love.com\/es\/wp-json\/wp\/v2\/product_cat?post=123315"},{"taxonomy":"product_tag","embeddable":true,"href":"https:\/\/gpl-love.com\/es\/wp-json\/wp\/v2\/product_tag?post=123315"}],"curies":[{"name":"wp","href":"https:\/\/api.w.org\/{rel}","templated":true}]}}