{"id":123313,"date":"2025-09-24T00:00:00","date_gmt":"2025-09-24T05:00:00","guid":{"rendered":"https:\/\/gpl-love.com\/es\/producto\/css-igniter-technico-wordpress-theme\/"},"modified":"2026-03-13T17:18:51","modified_gmt":"2026-03-13T22:18:51","slug":"css-igniter-technico-wordpress-theme","status":"publish","type":"product","link":"https:\/\/gpl-love.com\/es\/producto\/css-igniter-technico-wordpress-theme\/","title":{"rendered":"CSS Igniter Technico WordPress Theme 1.4.2"},"content":{"rendered":"<h3>CSS Igniter Technico WordPress Theme Caracteristicas<\/h3>\n<p>El tema CSS Igniter Technico WordPress, con sus atributos vers\u00e1tiles y modernos, demuestra ser la opci\u00f3n ideal para sitios web con un enfoque en la tecnolog\u00eda. Su dise\u00f1o limpio y m\u00ednimo, junto con una p\u00e1gina de inicio personalizable, permite la presentaci\u00f3n efectiva de contenido y servicios. Adem\u00e1s, este tema es totalmente receptivo, garantizando una apariencia atractiva en todos los dispositivos. Junto con su adaptabilidad, ofrece una amplia gama de opciones de personalizaci\u00f3n, que abarca las opciones de fuente y color. Adem\u00e1s, cuenta con una configuraci\u00f3n y uso f\u00e1cil de usar, atendiendo incluso a aquellos con experiencia t\u00e9cnica limitada. Ya sea que est\u00e9 operando un blog de tecnolog\u00eda, una compa\u00f1\u00eda de software o una startup, el tema CSS Igniter Technico WordPress es una elecci\u00f3n excepcional para elaborar una presencia en l\u00ednea profesional y cautivadora.<\/p>\n<ul>\n<li>Dise\u00f1o profesional y moderno perfecto para sitios web relacionados con la tecnolog\u00eda<\/li>\n<li>Constructor de p\u00e1gina incorporado para una f\u00e1cil personalizaci\u00f3n de dise\u00f1os y contenido<\/li>\n<li>El dise\u00f1o receptivo asegura que el tema se vea genial en todos los dispositivos<\/li>\n<li>Panel de opciones de tema potentes para administrar f\u00e1cilmente la configuraci\u00f3n del sitio<\/li>\n<li>Los m\u00f3dulos de contenido previos a la construcci\u00f3n facilitan agregar funcionalidad a su sitio<\/li>\n<li>Importar demostraci\u00f3n de un solo clic para configurar r\u00e1pidamente su sitio con contenido de demostraci\u00f3n<\/li>\n<li>Dise\u00f1o y c\u00f3digo amigable para SEO para una mejor visibilidad del motor de b\u00fasqueda<\/li>\n<li>Incluye acceso gratuito a futuras actualizaciones y soporte del equipo CSS Igniter<\/li>\n<li>Compatible con complementos populares como WooCommerce, Elementor y m\u00e1s<\/li>\n<li>Documentaci\u00f3n extensa y video tutoriales para una f\u00e1cil configuraci\u00f3n y personalizaci\u00f3n<\/li>\n<\/ul>\n","protected":false},"excerpt":{"rendered":"<p>Descubra el poder del tema CSS Igniter Technico WordPress. Perfectamente elaborado para empresas y profesionales, este tema est\u00e1 enriquecido con caracter\u00edsticas y funcionalidades robustas. Technico es un tema premium de WordPress que ofrece una experiencia de usuario perfecta. Es totalmente receptivo, asegurando una navegaci\u00f3n sin problemas en cualquier dispositivo. Tambi\u00e9n es compatible con los idiomas RTL y est\u00e1 listo para la traducci\u00f3n, lo que lo convierte en una elecci\u00f3n perfecta para sitios web multiling\u00fces.<\/p>\n<p>Con Technico, puede personalizar f\u00e1cilmente su sitio web con el poderoso panel de opciones. Le permite cambiar los colores, las fuentes y el dise\u00f1o para que coincida con la identidad de su marca. Este tema tambi\u00e9n incluye widgets personalizados, como widgets de contenido, redes sociales, Twitter, Instagram y m\u00e1s, para una experiencia de usuario mejorada.<\/p>\n<p>Technico es amigable con SEO, lo que ayuda a su sitio web a clasificar m\u00e1s alto en los resultados de b\u00fasqueda. Tambi\u00e9n viene con documentaci\u00f3n detallada y atenci\u00f3n al cliente excepcional, asegurando que tenga toda la ayuda que necesita para crear y administrar su sitio web. Compre hoy el tema CSS Igniter Technico WordPress y lleve su presencia en l\u00ednea a nuevas alturas.<\/p>\n","protected":false},"featured_media":165730,"comment_status":"open","ping_status":"open","template":"","meta":[],"product_brand":[2403],"product_cat":[1267,1237,1238],"product_tag":[2134],"class_list":{"0":"post-123313","1":"product","2":"type-product","3":"status-publish","4":"has-post-thumbnail","6":"product_brand-css-igniter","7":"product_cat-creativo","8":"product_cat-temas","9":"product_cat-wordpress-temas","10":"product_tag-css-igniter","11":"member-discount","12":"discount-restricted","14":"first","15":"instock","16":"sale","17":"downloadable","18":"virtual","19":"sold-individually","20":"purchasable","21":"product-type-simple"},"_links":{"self":[{"href":"https:\/\/gpl-love.com\/es\/wp-json\/wp\/v2\/product\/123313","targetHints":{"allow":["GET"]}}],"collection":[{"href":"https:\/\/gpl-love.com\/es\/wp-json\/wp\/v2\/product"}],"about":[{"href":"https:\/\/gpl-love.com\/es\/wp-json\/wp\/v2\/types\/product"}],"replies":[{"embeddable":true,"href":"https:\/\/gpl-love.com\/es\/wp-json\/wp\/v2\/comments?post=123313"}],"wp:featuredmedia":[{"embeddable":true,"href":"https:\/\/gpl-love.com\/es\/wp-json\/wp\/v2\/media\/165730"}],"wp:attachment":[{"href":"https:\/\/gpl-love.com\/es\/wp-json\/wp\/v2\/media?parent=123313"}],"wp:term":[{"taxonomy":"product_brand","embeddable":true,"href":"https:\/\/gpl-love.com\/es\/wp-json\/wp\/v2\/product_brand?post=123313"},{"taxonomy":"product_cat","embeddable":true,"href":"https:\/\/gpl-love.com\/es\/wp-json\/wp\/v2\/product_cat?post=123313"},{"taxonomy":"product_tag","embeddable":true,"href":"https:\/\/gpl-love.com\/es\/wp-json\/wp\/v2\/product_tag?post=123313"}],"curies":[{"name":"wp","href":"https:\/\/api.w.org\/{rel}","templated":true}]}}