{"id":123311,"date":"2025-09-24T00:00:00","date_gmt":"2025-09-24T05:00:00","guid":{"rendered":"https:\/\/gpl-love.com\/es\/producto\/css-igniter-struct-wordpress-theme\/"},"modified":"2026-03-13T17:18:50","modified_gmt":"2026-03-13T22:18:50","slug":"css-igniter-struct-wordpress-theme","status":"publish","type":"product","link":"https:\/\/gpl-love.com\/es\/producto\/css-igniter-struct-wordpress-theme\/","title":{"rendered":"CSS Igniter Struct WordPress Theme 1.3.3"},"content":{"rendered":"<h3>CSS Igniter Struct WordPress Theme Caracteristicas<\/h3>\n<p>El tema de WordPress de CSS Igniter Struct, un tema incre\u00edblemente robusto y altamente adaptable, ha sido meticulosamente elaborado para facilitar la creaci\u00f3n sin esfuerzo de un sitio web visualmente llamativo. Con una versatilidad incomparable, este tema es id\u00edlico para las personas que buscan construir un sitio web para su empresa, blog o utilizaci\u00f3n personal. Exudando un aura de sofisticaci\u00f3n y modernidad, el tema de la estructura, a trav\u00e9s de su dise\u00f1o elegante y despejado, otorga un aire de profesionalismo en su reino digital, asegurando que sus visitantes queden completamente impresionados. Adem\u00e1s, el tema est\u00e1 equipado con una extensa variedad de atributos encomiables y opciones de personalizaci\u00f3n, como una multitud de fuentes y colores personalizables, numerosos dise\u00f1os de la p\u00e1gina de inicio y un constructor de p\u00e1ginas de arrastre extremadamente f\u00e1cil de usar. Independientemente de si usted es un novato que se aventura en el \u00e1mbito del dise\u00f1o web o un experto experimentado, el tema CSS Igniter Struct WordPress sirve como una opci\u00f3n impecablemente sabia para su pr\u00f3ximo proyecto.<\/p>\n<ul>\n<li>Un tema premium de WordPress dise\u00f1ado para bloggers y creadores de contenido<\/li>\n<li>Dise\u00f1o estructurado para una f\u00e1cil navegaci\u00f3n y organizaci\u00f3n de contenido<\/li>\n<li>Esquemas de color y tipograf\u00eda totalmente personalizables<\/li>\n<li>Dise\u00f1o receptivo que se ve muy bien en todos los dispositivos<\/li>\n<li>Widgets y c\u00f3digos cortos incorporados para una funcionalidad adicional<\/li>\n<li>Integraci\u00f3n con complementos populares como WooCommerce y el Formulario de contacto 7<\/li>\n<li>Optimizaci\u00f3n de SEO incorporada para clasificaciones de motores de b\u00fasqueda m\u00e1s altos<\/li>\n<li>Compatible con la \u00faltima versi\u00f3n de WordPress y actualizado regularmente<\/li>\n<li>F\u00e1cil de usar y personalizar con una interfaz f\u00e1cil de usar<\/li>\n<li>Atenci\u00f3n al cliente dedicada para cualquier pregunta o problema.<\/li>\n<\/ul>\n","protected":false},"excerpt":{"rendered":"<p>Presentaci\u00f3n del tema de WordPress Struct de CSS Igniter, una herramienta poderosa y vers\u00e1til para su sitio web comercial. Este tema es ideal para empresas y profesionales que aprecian el dise\u00f1o limpio y la funcionalidad robusta. Con su elegante y moderno dise\u00f1o est\u00e9tico y receptivo, su sitio se ver\u00e1 impresionante en cualquier dispositivo. Struct ofrece dise\u00f1os \u00fanicos, opciones de color personalizables y caracter\u00edsticas amigables con SEO. Tambi\u00e9n proporciona compatibilidad con complementos populares, asegurando que su sitio web funcione sin problemas. Este tema de WordPress es incre\u00edblemente f\u00e1cil de usar, lo que le facilita administrar su sitio web. Con Struct, puede incorporar f\u00e1cilmente su marca y mostrar sus servicios de la manera m\u00e1s profesional. Adem\u00e1s, apreciar\u00e1 la atenci\u00f3n al cliente de primer nivel de CSS Igniter, si necesita ayuda. Elija el tema Struct WordPress para una presencia en l\u00ednea funcional, impresionante y efectiva.<\/p>\n","protected":false},"featured_media":165729,"comment_status":"open","ping_status":"open","template":"","meta":[],"product_brand":[2403],"product_cat":[1267,1237,1238],"product_tag":[2134],"class_list":{"0":"post-123311","1":"product","2":"type-product","3":"status-publish","4":"has-post-thumbnail","6":"product_brand-css-igniter","7":"product_cat-creativo","8":"product_cat-temas","9":"product_cat-wordpress-temas","10":"product_tag-css-igniter","11":"member-discount","12":"discount-restricted","14":"first","15":"instock","16":"sale","17":"downloadable","18":"virtual","19":"sold-individually","20":"purchasable","21":"product-type-simple"},"_links":{"self":[{"href":"https:\/\/gpl-love.com\/es\/wp-json\/wp\/v2\/product\/123311","targetHints":{"allow":["GET"]}}],"collection":[{"href":"https:\/\/gpl-love.com\/es\/wp-json\/wp\/v2\/product"}],"about":[{"href":"https:\/\/gpl-love.com\/es\/wp-json\/wp\/v2\/types\/product"}],"replies":[{"embeddable":true,"href":"https:\/\/gpl-love.com\/es\/wp-json\/wp\/v2\/comments?post=123311"}],"wp:featuredmedia":[{"embeddable":true,"href":"https:\/\/gpl-love.com\/es\/wp-json\/wp\/v2\/media\/165729"}],"wp:attachment":[{"href":"https:\/\/gpl-love.com\/es\/wp-json\/wp\/v2\/media?parent=123311"}],"wp:term":[{"taxonomy":"product_brand","embeddable":true,"href":"https:\/\/gpl-love.com\/es\/wp-json\/wp\/v2\/product_brand?post=123311"},{"taxonomy":"product_cat","embeddable":true,"href":"https:\/\/gpl-love.com\/es\/wp-json\/wp\/v2\/product_cat?post=123311"},{"taxonomy":"product_tag","embeddable":true,"href":"https:\/\/gpl-love.com\/es\/wp-json\/wp\/v2\/product_tag?post=123311"}],"curies":[{"name":"wp","href":"https:\/\/api.w.org\/{rel}","templated":true}]}}