{"id":123309,"date":"2025-09-24T00:00:00","date_gmt":"2025-09-24T05:00:00","guid":{"rendered":"https:\/\/gpl-love.com\/es\/producto\/css-igniter-spencer-wordpress-theme\/"},"modified":"2026-03-13T17:18:49","modified_gmt":"2026-03-13T22:18:49","slug":"css-igniter-spencer-wordpress-theme","status":"publish","type":"product","link":"https:\/\/gpl-love.com\/es\/producto\/css-igniter-spencer-wordpress-theme\/","title":{"rendered":"CSS Igniter Spencer WordPress Theme 1.3.4"},"content":{"rendered":"<h3>CSS Igniter Spencer WordPress Theme Caracteristicas<\/h3>\n<p>El tema CSS Igniter Spencer WordPress es un tema extraordinariamente elegante e incre\u00edblemente moderno que es excepcionalmente adecuado para una amplia gama de personas, incluidos, entre otros, bloggers, fot\u00f3grafos y dise\u00f1adores. Al integrar perfectamente un dise\u00f1o minimalista y un dise\u00f1o notablemente receptivo, Spencer presenta ingeniosamente su valioso contenido de una manera impecablemente limpia y notablemente organizada que es f\u00e1cil de leer y f\u00e1cil de leer sin esfuerzo. Adem\u00e1s, cuenta con una gran cantidad de opciones de dise\u00f1o personalizables, un panel de opciones de tema asombrosamente potente y una selecci\u00f3n expansiva de plantillas de p\u00e1gina predise\u00f1adas, todas las cuales se combinan para facilitar un proceso de configuraci\u00f3n significativamente m\u00e1s r\u00e1pido. Adem\u00e1s, este tema excepcionalmente vers\u00e1til ofrece un soporte total para una variedad de complementos inmensamente populares, incluidos, entre otros, WooCommerce, JetPack y Contact Form 7, proporcionando as\u00ed a los usuarios un nivel de funcionalidad ampliamente mejorado y ampliamente aumentado. En \u00faltima instancia, con Spencer a su disposici\u00f3n, posee la capacidad incomparable para elaborar un sitio web verdaderamente profesional que no solo muestre efectivamente su trabajo excepcionalmente impresionante, sino que tambi\u00e9n deja una impresi\u00f3n indeleble. visitantes.<\/p>\n<ul>\n<li>Dise\u00f1o elegante y moderno con una sensaci\u00f3n minimalista<\/li>\n<li>Totalmente receptivo y amigable para m\u00f3viles<\/li>\n<li>Incluye 12 dise\u00f1os de p\u00e1gina de inicio personalizables y m\u00faltiples plantillas de p\u00e1gina<\/li>\n<li>Constructor de p\u00e1gina de arrastre y suelto f\u00e1cil de usar<\/li>\n<li>Esquemas de color personalizables y opciones de tipograf\u00eda<\/li>\n<li>WooCommerce compatible para crear impresionantes tiendas en l\u00ednea<\/li>\n<li>Panel de opciones de temas avanzados para una f\u00e1cil personalizaci\u00f3n<\/li>\n<li>Incluye contenido de demostraci\u00f3n e instalaci\u00f3n de un solo clic<\/li>\n<li>Compatible con todos los principales navegadores<\/li>\n<li>Actualizaciones regulares y excelente atenci\u00f3n al cliente<\/li>\n<li>Traducci\u00f3n lista para audiencias globales<\/li>\n<li>SEO optimizado para clasificaciones m\u00e1s altas en los motores de b\u00fasqueda<\/li>\n<\/ul>\n","protected":false},"excerpt":{"rendered":"<p>Presentaci\u00f3n del tema CSS Igniter Spencer WordPress: una soluci\u00f3n ideal para blogueros, empresarios y empresas que buscan una impresionante presencia en l\u00ednea. Este tema de WordPress est\u00e1 construido con un enfoque en la versatilidad y la facilidad de uso, perfecto para aquellos que buscan mostrar su marca de una manera profesional y cautivadora. Presentado con un dise\u00f1o receptivo, el tema Spencer WordPress proporciona una excelente experiencia de usuario en cualquier dispositivo, asegurando que su sitio web se vea muy bien, ya sea que se vea en un escritorio, tableta o m\u00f3vil. El tema tambi\u00e9n viene con una gran cantidad de opciones personalizables, lo que le permite dise\u00f1ar su sitio para adaptarse a su identidad de marca \u00fanica. Con el tema CSS Igniter Spencer WordPress, tambi\u00e9n obtiene acceso a la atenci\u00f3n al cliente de primer nivel para ayudarlo con cualquier problema o consulta. Actualice su sitio web con el tema Spencer WordPress y disfrute de los beneficios de una plataforma en l\u00ednea premium, f\u00e1cil de usar y elegante.<\/p>\n","protected":false},"featured_media":165728,"comment_status":"open","ping_status":"open","template":"","meta":[],"product_brand":[2403],"product_cat":[1307,1237,1238],"product_tag":[2134],"class_list":{"0":"post-123309","1":"product","2":"type-product","3":"status-publish","4":"has-post-thumbnail","6":"product_brand-css-igniter","7":"product_cat-negocio-wordpress-temas","8":"product_cat-temas","9":"product_cat-wordpress-temas","10":"product_tag-css-igniter","11":"member-discount","12":"discount-restricted","14":"first","15":"instock","16":"sale","17":"downloadable","18":"virtual","19":"sold-individually","20":"purchasable","21":"product-type-simple"},"_links":{"self":[{"href":"https:\/\/gpl-love.com\/es\/wp-json\/wp\/v2\/product\/123309","targetHints":{"allow":["GET"]}}],"collection":[{"href":"https:\/\/gpl-love.com\/es\/wp-json\/wp\/v2\/product"}],"about":[{"href":"https:\/\/gpl-love.com\/es\/wp-json\/wp\/v2\/types\/product"}],"replies":[{"embeddable":true,"href":"https:\/\/gpl-love.com\/es\/wp-json\/wp\/v2\/comments?post=123309"}],"wp:featuredmedia":[{"embeddable":true,"href":"https:\/\/gpl-love.com\/es\/wp-json\/wp\/v2\/media\/165728"}],"wp:attachment":[{"href":"https:\/\/gpl-love.com\/es\/wp-json\/wp\/v2\/media?parent=123309"}],"wp:term":[{"taxonomy":"product_brand","embeddable":true,"href":"https:\/\/gpl-love.com\/es\/wp-json\/wp\/v2\/product_brand?post=123309"},{"taxonomy":"product_cat","embeddable":true,"href":"https:\/\/gpl-love.com\/es\/wp-json\/wp\/v2\/product_cat?post=123309"},{"taxonomy":"product_tag","embeddable":true,"href":"https:\/\/gpl-love.com\/es\/wp-json\/wp\/v2\/product_tag?post=123309"}],"curies":[{"name":"wp","href":"https:\/\/api.w.org\/{rel}","templated":true}]}}