{"id":123307,"date":"2025-09-24T00:00:00","date_gmt":"2025-09-24T05:00:00","guid":{"rendered":"https:\/\/gpl-love.com\/es\/producto\/css-igniter-specialty-wordpress-theme\/"},"modified":"2026-03-13T17:18:48","modified_gmt":"2026-03-13T22:18:48","slug":"css-igniter-specialty-wordpress-theme","status":"publish","type":"product","link":"https:\/\/gpl-love.com\/es\/producto\/css-igniter-specialty-wordpress-theme\/","title":{"rendered":"CSS Igniter Specialty WordPress Theme 1.2.3"},"content":{"rendered":"<h3>CSS Igniter Specialty WordPress Theme Caracteristicas<\/h3>\n<p>El tema de WordPress especializado de CSS Igniter es un tema de WordPress premium excepcional que ha sido meticulosamente elaborado para proporcionar a su sitio web una apariencia exquisita y sofisticada. Este notable tema ofrece una amplia gama de posibilidades de personalizaci\u00f3n, que le otorga la oportunidad de dise\u00f1ar un sitio web extraordinario y a medida que se alinee sin problemas con la esencia de su marca. Con un dise\u00f1o elegante y contempor\u00e1neo, este tema es el ep\u00edtome de la perfecci\u00f3n cuando se trata de mostrar su cartera, blog o negocio. Adem\u00e1s, es totalmente receptivo, lo que garantiza que su sitio web exude excelencia y encanto en todos los dispositivos. Independientemente de si posee un nivel de experiencia novato o avanzado en el desarrollo web, el tema especializado de WordPress de CSS Igniter es inequ\u00edvocamente la opci\u00f3n \u00f3ptima para dise\u00f1ar un sitio web cautivador e impresionante.<\/p>\n<ul>\n<li>Dise\u00f1o hermoso y moderno con muchas opciones de dise\u00f1o<\/li>\n<li>Totalmente receptivo, asegurando que su sitio se vea muy bien en cualquier dispositivo<\/li>\n<li>Widgets y c\u00f3digos cortos personalizados para su mayor funcionalidad y flexibilidad de dise\u00f1o<\/li>\n<li>M\u00faltiples esquemas de color y opciones de fuentes para que su sitio sea \u00fanico<\/li>\n<li>Panel de opciones f\u00e1cil de usar para una personalizaci\u00f3n y actualizaciones r\u00e1pidas<\/li>\n<li>Documentaci\u00f3n y soporte integral para la instalaci\u00f3n y uso de temas suaves<\/li>\n<li>Actualizaciones regulares y correcciones de errores para garantizar la compatibilidad continua con las actualizaciones de WordPress<\/li>\n<li>Optimizado para la velocidad y el SEO para un mejor rendimiento del sitio y visibilidad del motor de b\u00fasqueda<\/li>\n<li>Compatible con complementos populares como WooCommerce para una f\u00e1cil integraci\u00f3n de comercio electr\u00f3nico<\/li>\n<li>Plantillas de p\u00e1gina preconstruidas para una f\u00e1cil creaci\u00f3n de p\u00e1ginas esenciales como Acerca, contacto y precios.<\/li>\n<\/ul>\n","protected":false},"excerpt":{"rendered":"<p>Experimente el siguiente nivel en el dise\u00f1o del sitio web con el tema especializado de WordPress de CSS Igniter. Este tema innovador est\u00e1 dise\u00f1ado con bloggers, trabajadores independientes y propietarios de peque\u00f1as empresas en mente. Es un dise\u00f1o receptivo que se ve muy bien en cualquier dispositivo, asegurando que su sitio siempre se vea mejor. El tema especializado de CSS Igniter est\u00e1 lleno de caracter\u00edsticas \u00fatiles como optimizaci\u00f3n de SEO, interfaz f\u00e1cil de usar, configuraciones personalizables y rendimiento de alta velocidad. Adem\u00e1s, es compatible con Gutenberg, que le brinda la libertad de crear un sitio \u00fanico, atractivo y completamente funcional. Ya sea que sea un novato o veterano, el tema especializado de WordPress de CSS Igniter hace que la creaci\u00f3n del sitio web sea f\u00e1cil y divertida. Disfrute de los beneficios de la atenci\u00f3n al cliente premium, las actualizaciones regulares y un proceso de dise\u00f1o simplificado. Transforme su sitio web en una poderosa herramienta de marketing con el tema especializado de WordPress de CSS Igniter.<\/p>\n","protected":false},"featured_media":165727,"comment_status":"open","ping_status":"open","template":"","meta":[],"product_brand":[2403],"product_cat":[1267,1237,1238],"product_tag":[2134],"class_list":{"0":"post-123307","1":"product","2":"type-product","3":"status-publish","4":"has-post-thumbnail","6":"product_brand-css-igniter","7":"product_cat-creativo","8":"product_cat-temas","9":"product_cat-wordpress-temas","10":"product_tag-css-igniter","11":"member-discount","12":"discount-restricted","14":"first","15":"instock","16":"sale","17":"downloadable","18":"virtual","19":"sold-individually","20":"purchasable","21":"product-type-simple"},"_links":{"self":[{"href":"https:\/\/gpl-love.com\/es\/wp-json\/wp\/v2\/product\/123307","targetHints":{"allow":["GET"]}}],"collection":[{"href":"https:\/\/gpl-love.com\/es\/wp-json\/wp\/v2\/product"}],"about":[{"href":"https:\/\/gpl-love.com\/es\/wp-json\/wp\/v2\/types\/product"}],"replies":[{"embeddable":true,"href":"https:\/\/gpl-love.com\/es\/wp-json\/wp\/v2\/comments?post=123307"}],"wp:featuredmedia":[{"embeddable":true,"href":"https:\/\/gpl-love.com\/es\/wp-json\/wp\/v2\/media\/165727"}],"wp:attachment":[{"href":"https:\/\/gpl-love.com\/es\/wp-json\/wp\/v2\/media?parent=123307"}],"wp:term":[{"taxonomy":"product_brand","embeddable":true,"href":"https:\/\/gpl-love.com\/es\/wp-json\/wp\/v2\/product_brand?post=123307"},{"taxonomy":"product_cat","embeddable":true,"href":"https:\/\/gpl-love.com\/es\/wp-json\/wp\/v2\/product_cat?post=123307"},{"taxonomy":"product_tag","embeddable":true,"href":"https:\/\/gpl-love.com\/es\/wp-json\/wp\/v2\/product_tag?post=123307"}],"curies":[{"name":"wp","href":"https:\/\/api.w.org\/{rel}","templated":true}]}}