{"id":123305,"date":"2023-01-28T00:00:00","date_gmt":"2023-01-28T05:00:00","guid":{"rendered":"https:\/\/gpl-love.com\/es\/producto\/css-igniter-space9-wordpress-theme\/"},"modified":"2026-03-13T17:18:47","modified_gmt":"2026-03-13T22:18:47","slug":"css-igniter-space9-wordpress-theme","status":"publish","type":"product","link":"https:\/\/gpl-love.com\/es\/producto\/css-igniter-space9-wordpress-theme\/","title":{"rendered":"CSS Igniter Space9 WordPress Theme 2.5.3"},"content":{"rendered":"<h3>CSS Igniter Space9 WordPress Theme Caracteristicas<\/h3>\n<p>El tema de WordPress de CSS Igniter9, reconocido por su est\u00e9tica elegante y moderna, sirve como una plantilla impecable adaptada espec\u00edficamente para los profesionales creativos exigentes que anhelan exhibir su destreza art\u00edstica. Su dise\u00f1o minimalista efectivamente pone \u00e9nfasis en los elementos visuales, lo que permite la personalizaci\u00f3n perfecta a trav\u00e9s de la utilizaci\u00f3n de su constructor de p\u00e1ginas de arrastrar y soltar f\u00e1cilmente con usuarios. Adem\u00e1s, su capacidad de respuesta incomparable permite que el tema se adapte perfectamente a cualquier tama\u00f1o de pantalla, asegurando as\u00ed una experiencia de visualizaci\u00f3n \u00f3ptima en una mir\u00edada de dispositivos. Adem\u00e1s, el tema cuenta con una variedad de caracter\u00edsticas notables, que incluyen, entre otros, widgets personalizables, integraci\u00f3n perfecta con varias plataformas de redes sociales y una amplia selecci\u00f3n de opciones de dise\u00f1o. Ya sea que la pasi\u00f3n se encuentre en el \u00e1mbito de la fotograf\u00eda, el dise\u00f1o o incluso los blogs, el tema de WordPress CSS Igniter9 representa inequ\u00edvocamente la plataforma por excelencia para crear un sitio web magn\u00edficamente cautivador.<\/p>\n<ul>\n<li>Un tema de WordPress elegante y moderno dise\u00f1ado para una variedad de usos<\/li>\n<li>Construido con un dise\u00f1o receptivo, asegurando que su sitio web se vea muy bien en cualquier dispositivo<\/li>\n<li>M\u00faltiples plantillas de p\u00e1gina y opciones de dise\u00f1o permiten personalizaci\u00f3n y flexibilidad<\/li>\n<li>El panel de opciones de temas f\u00e1ciles de usar permite una personalizaci\u00f3n y control sin esfuerzo sobre la apariencia de su sitio<\/li>\n<li>Integraci\u00f3n con complementos y widgets populares de WordPress, como WooCommerce y el Formulario de contacto 7<\/li>\n<li>Dise\u00f1o listo para SEO con funciones de optimizaci\u00f3n incorporadas para ayudar a su sitio a clasificar m\u00e1s alto en los resultados del motor de b\u00fasqueda<\/li>\n<li>Lista de traducci\u00f3n con soporte para varios idiomas, haciendo que su sitio sea accesible para una audiencia global<\/li>\n<li>Actualizaciones regulares y soporte t\u00e9cnico del equipo CSS Igniter para garantizar que su sitio contin\u00fae funcionando sin problemas con el tiempo.<\/li>\n<li>Optimizaci\u00f3n r\u00e1pida de velocidad de carga de la p\u00e1gina, asegurando que los usuarios no tengan que esperar mucho para ver el contenido en el sitio.<\/li>\n<\/ul>\n","protected":false},"excerpt":{"rendered":"<p>Descubra el potencial de su presencia en l\u00ednea con el tema CSS Igniter Space9 WordPress. Dise\u00f1ado para empresas y profesionales creativos, este tema din\u00e1mico de WordPress est\u00e1 repleto de caracter\u00edsticas para elevar la est\u00e9tica y la funcionalidad de su sitio web.<\/p>\n<p>El tema Space9 presenta un dise\u00f1o robusto, perfecto para exhibir sus productos o servicios, acompa\u00f1ado de una p\u00e1gina de inicio widgetizada potente y totalmente personalizable. La interfaz f\u00e1cil de navegar garantiza una experiencia de usuario perfecta, mientras que el dise\u00f1o receptivo se adapta perfectamente a cualquier dispositivo, ofreciendo una visualizaci\u00f3n \u00f3ptima en las plataformas.<\/p>\n<p>El tema Space9 de CSS Igniter tambi\u00e9n incluye soporte para WooCommerce, lo que hace que sea muy f\u00e1cil configurar una tienda en l\u00ednea. Su estructura amigable con SEO significa una mejor visibilidad para su marca en los motores de b\u00fasqueda, lo que lleva a un aumento del tr\u00e1fico y los clientes potenciales.<\/p>\n<p>Con su dise\u00f1o limpio, caracter\u00edsticas personalizables y herramientas orientadas al negocio, el tema Space9 WordPress de CSS Igniter ofrece una soluci\u00f3n vers\u00e1til e integral para construir una presencia din\u00e1mica en l\u00ednea. No limite el potencial de su sitio web; Igl\u00edquelo con el tema CSS Igniter Space9 WordPress.<\/p>\n","protected":false},"featured_media":165726,"comment_status":"open","ping_status":"open","template":"","meta":[],"product_brand":[2403],"product_cat":[1307,1237,1238],"product_tag":[2134],"class_list":{"0":"post-123305","1":"product","2":"type-product","3":"status-publish","4":"has-post-thumbnail","6":"product_brand-css-igniter","7":"product_cat-negocio-wordpress-temas","8":"product_cat-temas","9":"product_cat-wordpress-temas","10":"product_tag-css-igniter","11":"member-discount","12":"discount-restricted","14":"first","15":"instock","16":"sale","17":"downloadable","18":"virtual","19":"sold-individually","20":"purchasable","21":"product-type-simple"},"_links":{"self":[{"href":"https:\/\/gpl-love.com\/es\/wp-json\/wp\/v2\/product\/123305","targetHints":{"allow":["GET"]}}],"collection":[{"href":"https:\/\/gpl-love.com\/es\/wp-json\/wp\/v2\/product"}],"about":[{"href":"https:\/\/gpl-love.com\/es\/wp-json\/wp\/v2\/types\/product"}],"replies":[{"embeddable":true,"href":"https:\/\/gpl-love.com\/es\/wp-json\/wp\/v2\/comments?post=123305"}],"wp:featuredmedia":[{"embeddable":true,"href":"https:\/\/gpl-love.com\/es\/wp-json\/wp\/v2\/media\/165726"}],"wp:attachment":[{"href":"https:\/\/gpl-love.com\/es\/wp-json\/wp\/v2\/media?parent=123305"}],"wp:term":[{"taxonomy":"product_brand","embeddable":true,"href":"https:\/\/gpl-love.com\/es\/wp-json\/wp\/v2\/product_brand?post=123305"},{"taxonomy":"product_cat","embeddable":true,"href":"https:\/\/gpl-love.com\/es\/wp-json\/wp\/v2\/product_cat?post=123305"},{"taxonomy":"product_tag","embeddable":true,"href":"https:\/\/gpl-love.com\/es\/wp-json\/wp\/v2\/product_tag?post=123305"}],"curies":[{"name":"wp","href":"https:\/\/api.w.org\/{rel}","templated":true}]}}