{"id":123303,"date":"2023-01-28T00:00:00","date_gmt":"2023-01-28T05:00:00","guid":{"rendered":"https:\/\/gpl-love.com\/es\/producto\/css-igniter-sessions-wordpress-theme\/"},"modified":"2026-03-13T17:18:46","modified_gmt":"2026-03-13T22:18:46","slug":"css-igniter-sessions-wordpress-theme","status":"publish","type":"product","link":"https:\/\/gpl-love.com\/es\/producto\/css-igniter-sessions-wordpress-theme\/","title":{"rendered":"CSS Igniter Sessions WordPress Theme 1.12.10"},"content":{"rendered":"<h3>CSS Igniter Sessions WordPress Theme Caracteristicas<\/h3>\n<p>El tema de WordPress de Sessions CSS Igniter, con su naturaleza impresionante y vers\u00e1til, ofrece a los usuarios la capacidad de crear un sitio web impresionante que sea visualmente atractivo y altamente funcional. Con un dise\u00f1o limpio y minimalista, este tema es ideal para personas o empresas que buscan mostrar sus blogs, carteras o fotograf\u00eda de una manera est\u00e9ticamente agradable. Una de sus caracter\u00edsticas destacadas es la p\u00e1gina de inicio personalizable, que permite a los usuarios mostrar su contenido de una manera visualmente cautivadora. Adem\u00e1s, este tema proporciona una mir\u00edada de opciones de personalizaci\u00f3n, como esquemas de color m\u00faltiples, widgets personalizados y un poderoso panel de opciones de temas, lo que permite a los usuarios adaptar su sitio web a sus preferencias y necesidades \u00fanicas. Adem\u00e1s, el dise\u00f1o receptivo garantiza que el sitio web mantenga su integridad visual en todos los dispositivos, sin importar el tama\u00f1o de la pantalla. Adem\u00e1s, la funci\u00f3n de optimizaci\u00f3n de SEO incorporada garantiza que el sitio web se pueda descubrir f\u00e1cilmente por los motores de b\u00fasqueda, lo que aumenta su visibilidad y alcance. En general, el tema de WordPress de WordPress de CSS Igniter es el ep\u00edtome de la excelencia, que combina caracter\u00edsticas excepcionales con la funcionalidad f\u00e1cil de usar, lo que lo convierte en una opci\u00f3n \u00f3ptima para las personas que buscan construir un sitio web profesional y visualmente cautivador.<\/p>\n<ul>\n<li>Dise\u00f1o totalmente receptivo que se ve muy bien en todos los dispositivos<\/li>\n<li>Opciones de encabezado y pie de p\u00e1gina incorporados para una f\u00e1cil personalizaci\u00f3n<\/li>\n<li>M\u00faltiples dise\u00f1os de p\u00e1gina de inicio para elegir<\/li>\n<li>Dise\u00f1os de blog personalizables<\/li>\n<li>Widgets y c\u00f3digos cortos personalizados para una funcionalidad adicional<\/li>\n<li>SEO optimizado para una mejor visibilidad en los motores de b\u00fasqueda<\/li>\n<li>Panel de opciones de tema f\u00e1cil de usar para una personalizaci\u00f3n r\u00e1pida<\/li>\n<li>Actualizaciones y soporte gratuitos por un a\u00f1o despu\u00e9s de la compra<\/li>\n<li>Compatible con complementos populares de WordPress como Forms de WooCommerce y Gravity<\/li>\n<li>Velocidades de carga r\u00e1pidas para mejorar la experiencia del usuario.<\/li>\n<\/ul>\n","protected":false},"excerpt":{"rendered":"<p>El tema de WordPress de CSS Igniter Sessions es un producto premium dise\u00f1ado con profesionales de la m\u00fasica en mente. Como un tema de WordPress de vanguardia, ofrece un dise\u00f1o elegante y receptivo que funciona bien en todos los dispositivos. Este tema es perfecto para m\u00fasicos, DJ, organizadores de eventos, clubes nocturnos y cualquier persona en la industria de la m\u00fasica que busque crear una presencia en l\u00ednea impresionante. Con un reproductor de audio robusto, puedes mostrar f\u00e1cilmente tus pistas de m\u00fasica, \u00e1lbumes y listas de reproducci\u00f3n. El tema tambi\u00e9n incluye una variedad de opciones de personalizaci\u00f3n, lo que le permite ajustar el dise\u00f1o para que coincida con su estilo \u00fanico y su identidad de marca. Otras caracter\u00edsticas clave incluyen un poderoso sistema de gesti\u00f3n de eventos, integraci\u00f3n de WooCommerce para vender mercanc\u00edas y optimizaci\u00f3n de SEO para ayudar a aumentar su visibilidad en l\u00ednea. Con el tema de WordPress de Sessions CSS Igniter, puede crear un sitio web profesional y impresionante que realmente resalte su m\u00fasica y se involucre con su audiencia.<\/p>\n","protected":false},"featured_media":165725,"comment_status":"open","ping_status":"open","template":"","meta":[],"product_brand":[2403],"product_cat":[1267,1237,1238],"product_tag":[2134],"class_list":{"0":"post-123303","1":"product","2":"type-product","3":"status-publish","4":"has-post-thumbnail","6":"product_brand-css-igniter","7":"product_cat-creativo","8":"product_cat-temas","9":"product_cat-wordpress-temas","10":"product_tag-css-igniter","11":"member-discount","12":"discount-restricted","14":"first","15":"instock","16":"sale","17":"downloadable","18":"virtual","19":"sold-individually","20":"purchasable","21":"product-type-simple"},"_links":{"self":[{"href":"https:\/\/gpl-love.com\/es\/wp-json\/wp\/v2\/product\/123303","targetHints":{"allow":["GET"]}}],"collection":[{"href":"https:\/\/gpl-love.com\/es\/wp-json\/wp\/v2\/product"}],"about":[{"href":"https:\/\/gpl-love.com\/es\/wp-json\/wp\/v2\/types\/product"}],"replies":[{"embeddable":true,"href":"https:\/\/gpl-love.com\/es\/wp-json\/wp\/v2\/comments?post=123303"}],"wp:featuredmedia":[{"embeddable":true,"href":"https:\/\/gpl-love.com\/es\/wp-json\/wp\/v2\/media\/165725"}],"wp:attachment":[{"href":"https:\/\/gpl-love.com\/es\/wp-json\/wp\/v2\/media?parent=123303"}],"wp:term":[{"taxonomy":"product_brand","embeddable":true,"href":"https:\/\/gpl-love.com\/es\/wp-json\/wp\/v2\/product_brand?post=123303"},{"taxonomy":"product_cat","embeddable":true,"href":"https:\/\/gpl-love.com\/es\/wp-json\/wp\/v2\/product_cat?post=123303"},{"taxonomy":"product_tag","embeddable":true,"href":"https:\/\/gpl-love.com\/es\/wp-json\/wp\/v2\/product_tag?post=123303"}],"curies":[{"name":"wp","href":"https:\/\/api.w.org\/{rel}","templated":true}]}}