{"id":123274,"date":"2022-02-11T00:00:00","date_gmt":"2022-02-11T05:00:00","guid":{"rendered":"https:\/\/gpl-love.com\/es\/producto\/mythemeshop-risen-wordpress-theme\/"},"modified":"2026-04-10T11:18:19","modified_gmt":"2026-04-10T16:18:19","slug":"mythemeshop-risen-wordpress-theme","status":"publish","type":"product","link":"https:\/\/gpl-love.com\/es\/producto\/mythemeshop-risen-wordpress-theme\/","title":{"rendered":"MyThemeShop Risen WordPress Theme 1.1.3"},"content":{"rendered":"<h3>MyThemeShop Risen WordPress Theme Caracteristicas<\/h3>\n<p>El tema Risen WordPress, desarrollado por Mythemeshop, es un tema altamente vers\u00e1til y contempor\u00e1neo que ha sido meticulosamente dise\u00f1ado para satisfacer las necesidades de blogueros, sitios web de noticias y revistas en l\u00ednea por igual. Este notable tema cuenta con una extensa variedad de opciones de personalizaci\u00f3n que sin duda cautivar\u00e1 incluso a los usuarios m\u00e1s exigentes. Entre sus muchas caracter\u00edsticas notables se encuentran los esquemas de color ilimitados, las diversas opciones de dise\u00f1o y los widgets que pueden personalizarse de acuerdo con las preferencias de uno. Adem\u00e1s, el dise\u00f1o receptivo del tema asegura que la apariencia del sitio web siga siendo impecable en todos los dispositivos, mientras que su integraci\u00f3n perfecta con varias plataformas de redes sociales facilita el intercambio sin esfuerzo de contenido. Adem\u00e1s, la inclusi\u00f3n de un panel de opciones potente, una multitud de widgets personalizados y una variedad de c\u00f3digos cortos colaboran armoniosamente para permitir la creaci\u00f3n de un sitio web distintivo y cautivador. En consecuencia, ya sea que uno se est\u00e9 embarcando en una nueva empresa de blogs o que busque mejorar una presencia en l\u00ednea existente, el tema de WordPress resucitado sin duda es una elecci\u00f3n excepcional capaz de otorgar el estilo y la funcionalidad en cualquier sitio web de WordPress.<\/p>\n<ul>\n<li>Dise\u00f1o totalmente receptivo, asegurando una gran experiencia en todos los dispositivos.<\/li>\n<li>Optimizado para SEO, ayudando a su sitio a clasificar m\u00e1s alto en los motores de b\u00fasqueda<\/li>\n<li>Una variedad de opciones de personalizaci\u00f3n, lo que le permite hacer que su sitio sea \u00fanico<\/li>\n<li>Panel de opciones de tema potentes, que proporciona un f\u00e1cil control sobre la apariencia y la funcionalidad de su sitio.<\/li>\n<li>WooCommerce listo, lo que facilita la configuraci\u00f3n de una tienda en l\u00ednea<\/li>\n<li>Incluye una gama de widgets personalizables, como publicaciones populares e \u00edconos de redes sociales, lo que le permite agregar f\u00e1cilmente contenido a su sitio.<\/li>\n<li>R\u00e1pido y liviano, asegurando un sitio web r\u00e1pido que no ralentice a sus visitantes<\/li>\n<li>Actualizaciones regulares y excelente apoyo, lo que le brinda tranquilidad sabiendo que tiene acceso para ayudar cuando sea necesario.<\/li>\n<\/ul>\n","protected":false},"excerpt":{"rendered":"<p>El tema Risen WordPress, desarrollado por Mythemeshop, cuenta con la notable capacidad de facilitar sin esfuerzo la creaci\u00f3n de un sitio web visualmente espl\u00e9ndido y extremadamente funcional. Abundantemente equipado con una variedad de caracter\u00edsticas personalizables y elementos de dise\u00f1o, este tema le otorga la capacidad incomparable para mostrar su contenido de una manera que realmente resuena con su p\u00fablico objetivo. Independientemente de si se identifica como blogger, comercializador o empresario, resucita sin esfuerzo sus necesidades al otorgarle el invaluable regalo de flexibilidad y control, lo que le permite animar su sitio web, respirando la vida en \u00e9l. En virtud de su c\u00f3digo inmaculado y tiempos de carga expeditos, puede exigir en el conocimiento de que su sitio web exhibir\u00e1 perpetuamente el rendimiento m\u00e1ximo. Optar por Risen es sin\u00f3nimo de elevar su presencia en l\u00ednea y impulsar su sitio web a alturas hasta ahora sin atribuci\u00f3n.<\/p>\n","protected":false},"featured_media":166927,"comment_status":"open","ping_status":"open","template":"","meta":[],"product_brand":[2505],"product_cat":[1267,1237,1238],"product_tag":[1334],"class_list":{"0":"post-123274","1":"product","2":"type-product","3":"status-publish","4":"has-post-thumbnail","6":"product_brand-my-theme-shop","7":"product_cat-creativo","8":"product_cat-temas","9":"product_cat-wordpress-temas","10":"product_tag-my-theme-shop","11":"member-discount","12":"discount-restricted","14":"first","15":"instock","16":"sale","17":"downloadable","18":"virtual","19":"sold-individually","20":"purchasable","21":"product-type-simple"},"_links":{"self":[{"href":"https:\/\/gpl-love.com\/es\/wp-json\/wp\/v2\/product\/123274","targetHints":{"allow":["GET"]}}],"collection":[{"href":"https:\/\/gpl-love.com\/es\/wp-json\/wp\/v2\/product"}],"about":[{"href":"https:\/\/gpl-love.com\/es\/wp-json\/wp\/v2\/types\/product"}],"replies":[{"embeddable":true,"href":"https:\/\/gpl-love.com\/es\/wp-json\/wp\/v2\/comments?post=123274"}],"wp:featuredmedia":[{"embeddable":true,"href":"https:\/\/gpl-love.com\/es\/wp-json\/wp\/v2\/media\/166927"}],"wp:attachment":[{"href":"https:\/\/gpl-love.com\/es\/wp-json\/wp\/v2\/media?parent=123274"}],"wp:term":[{"taxonomy":"product_brand","embeddable":true,"href":"https:\/\/gpl-love.com\/es\/wp-json\/wp\/v2\/product_brand?post=123274"},{"taxonomy":"product_cat","embeddable":true,"href":"https:\/\/gpl-love.com\/es\/wp-json\/wp\/v2\/product_cat?post=123274"},{"taxonomy":"product_tag","embeddable":true,"href":"https:\/\/gpl-love.com\/es\/wp-json\/wp\/v2\/product_tag?post=123274"}],"curies":[{"name":"wp","href":"https:\/\/api.w.org\/{rel}","templated":true}]}}