{"id":123180,"date":"2025-09-19T00:00:00","date_gmt":"2025-09-19T05:00:00","guid":{"rendered":"https:\/\/gpl-love.com\/es\/producto\/css-igniter-salon-wordpress-theme\/"},"modified":"2026-03-13T17:18:46","modified_gmt":"2026-03-13T22:18:46","slug":"css-igniter-salon-wordpress-theme","status":"publish","type":"product","link":"https:\/\/gpl-love.com\/es\/producto\/css-igniter-salon-wordpress-theme\/","title":{"rendered":"CSS Igniter Salon WordPress Theme 1.1.3"},"content":{"rendered":"<h3>CSS Igniter Salon WordPress Theme Caracteristicas<\/h3>\n<p>El tema de WordPress del sal\u00f3n CSS Igniter es un tema excepcionalmente vers\u00e1til y contempor\u00e1neo, a la perfecci\u00f3n para satisfacer las necesidades y requisitos \u00fanicos de los salones de cabello, salones de masaje, spas de belleza y otras empresas asociadas. Con su capacidad de respuesta inherente y sus opciones de personalizaci\u00f3n ilimitada, este tema le permite dise\u00f1ar un sitio web sin esfuerzo que se alinee perfectamente con su identidad de marca y sus sensibilidades de estilo. Adem\u00e1s, cuenta con una gran cantidad de funcionalidades integradas, a saber, una secci\u00f3n de servicios integrales, una tabla de precios informativa y un sistema de reserva eficiente, que colectivamente facilitan a su clientela en las citas en l\u00ednea de manera r\u00e1pida y conveniente. Al exudar un aura de profesionalismo inmaculado, el tema de WordPress del sal\u00f3n CSS Igniter se presenta inequ\u00edvocamente como la soluci\u00f3n por excelencia para cualquier negocio que anhela establecer una presencia formidable en l\u00ednea y atraer una nueva afluencia de clientes.<\/p>\n<ul>\n<li>Exuda sofisticaci\u00f3n y elegancia, perfecta para cualquier negocio de belleza o bienestar<\/li>\n<li>El dise\u00f1o totalmente receptivo garantiza una experiencia perfecta en todos los dispositivos.<\/li>\n<li>Plantillas de p\u00e1gina incorporadas para servicios, blog, equipo y contacto facilitan comenzar<\/li>\n<li>Esquemas de color personalizables para una marca f\u00e1cil<\/li>\n<li>Integrado con complementos populares como WooCommerce para reservas y citas en l\u00ednea<\/li>\n<li>Constructor de p\u00e1gina de arrastre y suelto f\u00e1cil de usar para una personalizaci\u00f3n sin esfuerzo<\/li>\n<li>SEO optimizado para una mejor visibilidad y clasificaci\u00f3n de motores de b\u00fasqueda<\/li>\n<li>Ofrece una amplia documentaci\u00f3n y soporte dedicado para una configuraci\u00f3n y uso sin problemas<\/li>\n<li>Las actualizaciones regulares con nuevas caracter\u00edsticas y correcciones de errores aseguran la compatibilidad con las actualizaciones de WordPress.<\/li>\n<\/ul>\n","protected":false},"excerpt":{"rendered":"<p>Experimente la flexibilidad y el dise\u00f1o elegante del tema de WordPress del sal\u00f3n CSS Igniter. Ideal para salones de belleza, peluqueros o centros de bienestar, este tema ofrece una combinaci\u00f3n \u00fanica de elegancia y funcionalidad. Con su dise\u00f1o receptivo, su sitio web se ver\u00e1 perfecto en cualquier dispositivo, asegurando una experiencia de usuario \u00f3ptima. El tema incorpora un poderoso sistema de reserva, que permite a sus clientes reservar citas con facilidad. Aproveche el poder de las herramientas integradas de intercambio de redes sociales para amplificar su presencia en l\u00ednea. El tema de WordPress del sal\u00f3n CSS Igniter tambi\u00e9n presenta una paleta de colores y tipograf\u00eda totalmente personalizables, lo que le permite alinear el tema con la identidad de su marca. Disfrute de la conveniencia del panel de opciones de tema en profundidad y obtenga el control total sobre la apariencia y la funcionalidad de su sitio. Este tema de WordPress tambi\u00e9n est\u00e1 optimizado por SEO, asegurando la visibilidad de su sitio en los resultados del motor de b\u00fasqueda. Con el tema de WordPress del sal\u00f3n CSS Igniter, crear un sitio web impresionante y f\u00e1cil de usar nunca ha sido m\u00e1s f\u00e1cil.<\/p>\n","protected":false},"featured_media":165724,"comment_status":"open","ping_status":"open","template":"","meta":[],"product_brand":[2403],"product_cat":[1307,1237,1238],"product_tag":[2134],"class_list":{"0":"post-123180","1":"product","2":"type-product","3":"status-publish","4":"has-post-thumbnail","6":"product_brand-css-igniter","7":"product_cat-negocio-wordpress-temas","8":"product_cat-temas","9":"product_cat-wordpress-temas","10":"product_tag-css-igniter","11":"member-discount","12":"discount-restricted","14":"first","15":"instock","16":"sale","17":"downloadable","18":"virtual","19":"sold-individually","20":"purchasable","21":"product-type-simple"},"_links":{"self":[{"href":"https:\/\/gpl-love.com\/es\/wp-json\/wp\/v2\/product\/123180","targetHints":{"allow":["GET"]}}],"collection":[{"href":"https:\/\/gpl-love.com\/es\/wp-json\/wp\/v2\/product"}],"about":[{"href":"https:\/\/gpl-love.com\/es\/wp-json\/wp\/v2\/types\/product"}],"replies":[{"embeddable":true,"href":"https:\/\/gpl-love.com\/es\/wp-json\/wp\/v2\/comments?post=123180"}],"wp:featuredmedia":[{"embeddable":true,"href":"https:\/\/gpl-love.com\/es\/wp-json\/wp\/v2\/media\/165724"}],"wp:attachment":[{"href":"https:\/\/gpl-love.com\/es\/wp-json\/wp\/v2\/media?parent=123180"}],"wp:term":[{"taxonomy":"product_brand","embeddable":true,"href":"https:\/\/gpl-love.com\/es\/wp-json\/wp\/v2\/product_brand?post=123180"},{"taxonomy":"product_cat","embeddable":true,"href":"https:\/\/gpl-love.com\/es\/wp-json\/wp\/v2\/product_cat?post=123180"},{"taxonomy":"product_tag","embeddable":true,"href":"https:\/\/gpl-love.com\/es\/wp-json\/wp\/v2\/product_tag?post=123180"}],"curies":[{"name":"wp","href":"https:\/\/api.w.org\/{rel}","templated":true}]}}