{"id":123179,"date":"2025-09-24T00:00:00","date_gmt":"2025-09-24T05:00:00","guid":{"rendered":"https:\/\/gpl-love.com\/es\/producto\/css-igniter-roxima-wordpress-theme\/"},"modified":"2026-03-13T17:18:45","modified_gmt":"2026-03-13T22:18:45","slug":"css-igniter-roxima-wordpress-theme","status":"publish","type":"product","link":"https:\/\/gpl-love.com\/es\/producto\/css-igniter-roxima-wordpress-theme\/","title":{"rendered":"CSS Igniter Roxima WordPress Theme 1.1.5"},"content":{"rendered":"<h3>CSS Igniter Roxima WordPress Theme Caracteristicas<\/h3>\n<p>El tema CSS Igniter Roxima WordPress es un tema excepcionalmente moderno y vers\u00e1til atento a las necesidades de los bloggers, creativos y negocios por igual. Este notable tema cuenta con una amplia gama de caracter\u00edsticas que facultan a los usuarios para crear un sitio web verdaderamente distintivo y profesional. Adem\u00e1s, el tema ofrece una gran cantidad de plantillas predise\u00f1adas meticulosamente seleccionadas para adaptarse a varios estilos y preferencias, todas las cuales pueden personalizarse sin esfuerzo para reflejar la esencia de su marca. Adem\u00e1s, el tema CSS Igniter Roxima WordPress cuenta con total capacidad de respuesta, asegurando as\u00ed una apariencia est\u00e9ticamente agradable en cualquier tama\u00f1o o dispositivo de pantalla. El tema tambi\u00e9n cuenta con la optimizaci\u00f3n de motores de b\u00fasqueda, elevando la visibilidad de su sitio web y posteriormente reforzando su posici\u00f3n en las clasificaciones de motores de b\u00fasqueda. Con su dise\u00f1o intuitivo y f\u00e1cil de usar, junto con su conjunto integral de caracter\u00edsticas, el tema de WordPress de WordPress de CSS Igniter Roxima, sin duda, surge como una opci\u00f3n excepcional para las personas que buscan desarrollar una presencia en l\u00ednea extraordinaria y cautivadora.<\/p>\n<ul>\n<li>Tema de WordPress dise\u00f1ado profesionalmente<\/li>\n<li>Altamente receptivo y amigable para m\u00f3viles<\/li>\n<li>Esquemas de color personalizables<\/li>\n<li>Incluye el complemento Slider de Revolution<\/li>\n<li>Opciones de dise\u00f1o m\u00faltiples para p\u00e1ginas y publicaciones<\/li>\n<li>Compatible con complementos populares de WordPress<\/li>\n<li>Secciones de cartera y testimonios incorporados<\/li>\n<li>Funci\u00f3n de importaci\u00f3n de demostraci\u00f3n de un solo clic<\/li>\n<li>Atenci\u00f3n al cliente dedicada y actualizaciones regulares<\/li>\n<li>Traducci\u00f3n lista con soporte del complemento WPML.<\/li>\n<\/ul>\n","protected":false},"excerpt":{"rendered":"<p>Experimente la potencia y la flexibilidad del tema Roxima de WordPress de CSS Igniter. Dise\u00f1ado espec\u00edficamente para empresas, este tema ofrece una gran cantidad de caracter\u00edsticas que se pueden adaptar a sus necesidades espec\u00edficas. Tiene un constructor simple, pero efectivo, de arrastrar y soltar, lo que permite que incluso aquellos sin conocimientos de conocimientos creen un sitio web de aspecto profesional. El tema es totalmente receptivo, asegurando que su sitio se vea impresionante en todos los dispositivos. Roxima tambi\u00e9n viene con widgets personalizados para una funcionalidad adicional y infinitas posibilidades de dise\u00f1o. El tema incorpora la optimizaci\u00f3n de SEO para mejorar su visibilidad en l\u00ednea. Adem\u00e1s, Roxima se jacta de tiempos de carga r\u00e1pidos, ofreciendo una experiencia de navegaci\u00f3n suave para sus visitantes. Con su servicio de soporte premium 24\/7, cualquier problema encontrado puede resolverse r\u00e1pidamente. El tema CSS Igniter Roxima WordPress es su soluci\u00f3n \u00fanica para un sitio web comercial elegante, eficiente y de alto rendimiento.<\/p>\n","protected":false},"featured_media":165723,"comment_status":"open","ping_status":"open","template":"","meta":[],"product_brand":[2403],"product_cat":[1307,1237,1238],"product_tag":[2134],"class_list":{"0":"post-123179","1":"product","2":"type-product","3":"status-publish","4":"has-post-thumbnail","6":"product_brand-css-igniter","7":"product_cat-negocio-wordpress-temas","8":"product_cat-temas","9":"product_cat-wordpress-temas","10":"product_tag-css-igniter","11":"member-discount","12":"discount-restricted","14":"first","15":"instock","16":"sale","17":"downloadable","18":"virtual","19":"sold-individually","20":"purchasable","21":"product-type-simple"},"_links":{"self":[{"href":"https:\/\/gpl-love.com\/es\/wp-json\/wp\/v2\/product\/123179","targetHints":{"allow":["GET"]}}],"collection":[{"href":"https:\/\/gpl-love.com\/es\/wp-json\/wp\/v2\/product"}],"about":[{"href":"https:\/\/gpl-love.com\/es\/wp-json\/wp\/v2\/types\/product"}],"replies":[{"embeddable":true,"href":"https:\/\/gpl-love.com\/es\/wp-json\/wp\/v2\/comments?post=123179"}],"wp:featuredmedia":[{"embeddable":true,"href":"https:\/\/gpl-love.com\/es\/wp-json\/wp\/v2\/media\/165723"}],"wp:attachment":[{"href":"https:\/\/gpl-love.com\/es\/wp-json\/wp\/v2\/media?parent=123179"}],"wp:term":[{"taxonomy":"product_brand","embeddable":true,"href":"https:\/\/gpl-love.com\/es\/wp-json\/wp\/v2\/product_brand?post=123179"},{"taxonomy":"product_cat","embeddable":true,"href":"https:\/\/gpl-love.com\/es\/wp-json\/wp\/v2\/product_cat?post=123179"},{"taxonomy":"product_tag","embeddable":true,"href":"https:\/\/gpl-love.com\/es\/wp-json\/wp\/v2\/product_tag?post=123179"}],"curies":[{"name":"wp","href":"https:\/\/api.w.org\/{rel}","templated":true}]}}