{"id":123178,"date":"2025-09-24T00:00:00","date_gmt":"2025-09-24T05:00:00","guid":{"rendered":"https:\/\/gpl-love.com\/es\/producto\/css-igniter-public-opinion-wordpress-theme\/"},"modified":"2026-03-13T17:18:44","modified_gmt":"2026-03-13T22:18:44","slug":"css-igniter-public-opinion-wordpress-theme","status":"publish","type":"product","link":"https:\/\/gpl-love.com\/es\/producto\/css-igniter-public-opinion-wordpress-theme\/","title":{"rendered":"CSS Igniter Public Opinion WordPress Theme 1.3.3"},"content":{"rendered":"<h3>CSS Igniter Public Opinion WordPress Theme Caracteristicas<\/h3>\n<p>El tema de WordPress de la opini\u00f3n p\u00fablica de CSS Igniter, dise\u00f1ado espec\u00edficamente para blogueros y periodistas, ofrece una plataforma multifuncional y sofisticada para la creaci\u00f3n de sitios web cautivadores e esclarecedores. Su dise\u00f1o elegante y contempor\u00e1neo, junto con su interfaz f\u00e1cil de usar y caracter\u00edsticas personalizables, facilita la presentaci\u00f3n perfecta de su contenido y amplifica su presencia en l\u00ednea. Adem\u00e1s de su abundante selecci\u00f3n de plantillas predise\u00f1adas, widgets y complementos, este tema le permite crear dise\u00f1os visualmente llamativos, integrar sin problemas las plataformas de redes sociales y optimizar su sitio web para la visibilidad del motor de b\u00fasqueda. Adem\u00e1s, su dise\u00f1o totalmente receptivo garantiza que su sitio web se ver\u00e1 exquisito en varios dispositivos, incluidos escritorios, tabletas y tel\u00e9fonos inteligentes. Ya sea que sea un blogger veterano o un novato, el tema de WordPress de opini\u00f3n p\u00fablica ofrece un conjunto de herramientas que abarca todo para establecer una plataforma en l\u00ednea consumada y pr\u00f3spera.<\/p>\n<ul>\n<li>Dise\u00f1o hermoso y moderno, perfecto para revistas y sitios web de noticias<\/li>\n<li>Dise\u00f1o de la p\u00e1gina de inicio personalizable con widgets de arrastre y ca\u00edda<\/li>\n<li>El dise\u00f1o receptivo garantiza una experiencia perfecta en todos los dispositivos<\/li>\n<li>M\u00faltiples opciones de dise\u00f1o posterior, incluidos los dise\u00f1os de mamposter\u00eda y columna<\/li>\n<li>Personalizaci\u00f3n f\u00e1cil de fuentes, colores y fondos<\/li>\n<li>Integraci\u00f3n con complementos populares, incluidos WooCommerce y Jetpack<\/li>\n<li>SEO optimizado para una mejor clasificaci\u00f3n de motores de b\u00fasqueda<\/li>\n<li>Traducci\u00f3n lista para llegar a un p\u00fablico m\u00e1s amplio<\/li>\n<li>Excelente servicio al cliente y documentaci\u00f3n proporcionada por CSS Igniter<\/li>\n<li>Las actualizaciones regulares aseguran la compatibilidad con la \u00faltima versi\u00f3n y complementos de WordPress<\/li>\n<\/ul>\n","protected":false},"excerpt":{"rendered":"<p>Presentaci\u00f3n del tema de WordPress de la opini\u00f3n p\u00fablica CSS Igniter, una soluci\u00f3n innovadora y f\u00e1cil de usar para las necesidades de dise\u00f1o de su sitio web. Este tema de WordPress est\u00e1 dise\u00f1ado con un enfoque de opini\u00f3n p\u00fablica, lo que lo hace perfecto para sitios de noticias, revistas o cualquier otro sitio web de contenido editorial. Ofrece un dise\u00f1o moderno y receptivo que es totalmente personalizable y f\u00e1cil de usar. El tema de WordPress de la opini\u00f3n p\u00fablica de CSS Igniter viene con una selecci\u00f3n de plantillas predise\u00f1adas para comenzar, y con el poderoso CSS Igniter, puede modificar f\u00e1cilmente cualquier aspecto del dise\u00f1o de su sitio. Beneficiarse de su dise\u00f1o amigable con el SEO, asegurando que su contenido est\u00e9 optimizado para los motores de b\u00fasqueda. Experimente la diferencia con CSS Igniter Public Opinion WordPress Tema: una soluci\u00f3n integral para su presencia en l\u00ednea.<\/p>\n","protected":false},"featured_media":165722,"comment_status":"open","ping_status":"open","template":"","meta":[],"product_brand":[2403],"product_cat":[1267,1237,1238],"product_tag":[2134],"class_list":{"0":"post-123178","1":"product","2":"type-product","3":"status-publish","4":"has-post-thumbnail","6":"product_brand-css-igniter","7":"product_cat-creativo","8":"product_cat-temas","9":"product_cat-wordpress-temas","10":"product_tag-css-igniter","11":"member-discount","12":"discount-restricted","14":"first","15":"instock","16":"sale","17":"downloadable","18":"virtual","19":"sold-individually","20":"purchasable","21":"product-type-simple"},"_links":{"self":[{"href":"https:\/\/gpl-love.com\/es\/wp-json\/wp\/v2\/product\/123178","targetHints":{"allow":["GET"]}}],"collection":[{"href":"https:\/\/gpl-love.com\/es\/wp-json\/wp\/v2\/product"}],"about":[{"href":"https:\/\/gpl-love.com\/es\/wp-json\/wp\/v2\/types\/product"}],"replies":[{"embeddable":true,"href":"https:\/\/gpl-love.com\/es\/wp-json\/wp\/v2\/comments?post=123178"}],"wp:featuredmedia":[{"embeddable":true,"href":"https:\/\/gpl-love.com\/es\/wp-json\/wp\/v2\/media\/165722"}],"wp:attachment":[{"href":"https:\/\/gpl-love.com\/es\/wp-json\/wp\/v2\/media?parent=123178"}],"wp:term":[{"taxonomy":"product_brand","embeddable":true,"href":"https:\/\/gpl-love.com\/es\/wp-json\/wp\/v2\/product_brand?post=123178"},{"taxonomy":"product_cat","embeddable":true,"href":"https:\/\/gpl-love.com\/es\/wp-json\/wp\/v2\/product_cat?post=123178"},{"taxonomy":"product_tag","embeddable":true,"href":"https:\/\/gpl-love.com\/es\/wp-json\/wp\/v2\/product_tag?post=123178"}],"curies":[{"name":"wp","href":"https:\/\/api.w.org\/{rel}","templated":true}]}}