{"id":123177,"date":"2025-09-24T00:00:00","date_gmt":"2025-09-24T05:00:00","guid":{"rendered":"https:\/\/gpl-love.com\/es\/producto\/css-igniter-potenza-wordpress-theme\/"},"modified":"2026-03-13T17:18:41","modified_gmt":"2026-03-13T22:18:41","slug":"css-igniter-potenza-wordpress-theme","status":"publish","type":"product","link":"https:\/\/gpl-love.com\/es\/producto\/css-igniter-potenza-wordpress-theme\/","title":{"rendered":"CSS Igniter Potenza WordPress Theme 1.2.3"},"content":{"rendered":"<h3>CSS Igniter Potenza WordPress Theme Caracteristicas<\/h3>\n<p>El tema de WordPress de CSS Igniter Potenza, que es una plantilla de sitio web sin coincidir con un sitio web sin conmovimientos y extremadamente personalizables, es una soluci\u00f3n absolutamente ideal para una variedad de individuos y empresas, desde empresas y aut\u00f3nomos hasta blogueros y cualquier persona que busque una presencia en l\u00ednea contempor\u00e1nea y cautivadora. Este notable tema cuenta con un dise\u00f1o elegante y moderno, junto con una amplia variedad de opciones de personalizaci\u00f3n avanzada que le otorgan la libertad de crear meticulosamente la apariencia y el ambiente de su sitio web para alinearse perfectamente con su marca y mensajes \u00fanicos. Adem\u00e1s, este tema excepcional est\u00e1 equipado con un constructor intuitivo de p\u00e1gina de arrastrar y soltar, lo que le permite engendrar sin esfuerzo dise\u00f1os y p\u00e1ginas inspiradoras que exudan la sofisticaci\u00f3n. Adem\u00e1s, la adaptabilidad inherente del tema garantiza que su sitio web se vea absolutamente espl\u00e9ndido en todos los dispositivos. En consecuencia, ya sea que aspira a exhibir una cartera fascinante, ofrece productos para la venta en el \u00e1mbito digital, o simplemente transmitir su mensaje a su preciada audiencia, el tema CSS Potenza WordPress se mantiene inequ\u00edvocamente como una elecci\u00f3n ejemplar que no superar\u00e1 sus expectativas indubinablemente.<\/p>\n<ul>\n<li>Tema de WordPress altamente personalizable con un dise\u00f1o limpio y moderno<\/li>\n<li>Impulsado por la \u00faltima versi\u00f3n de WordPress y construido en el marco de Bootstrap confiable<\/li>\n<li>Viene con esquemas de color predefinidos y un conjunto de dise\u00f1os vers\u00e1tiles<\/li>\n<li>Builder de p\u00e1gina de arrastrar y soltar f\u00e1ciles de usar para una personalizaci\u00f3n a\u00fan m\u00e1s<\/li>\n<li>Integrado con WooCommerce para la funcionalidad de la tienda en l\u00ednea<\/li>\n<li>Admite m\u00faltiples formatos de publicaci\u00f3n que incluyen video, galer\u00eda y audio<\/li>\n<li>SEO optimizado para ayudar a aumentar la visibilidad del sitio web<\/li>\n<li>Incluye la importaci\u00f3n de demostraci\u00f3n de un clic para comenzar r\u00e1pidamente<\/li>\n<li>Proporciona una excelente atenci\u00f3n al cliente y documentaci\u00f3n detallada<\/li>\n<\/ul>\n","protected":false},"excerpt":{"rendered":"<p>Latar el poder de su sitio web con el tema CSS Igniter Potenza WordPress. Este tema de una sola p\u00e1gina, receptiva y optimizada SEO es perfecta para empresas de todos los tipos y tama\u00f1os. Cuenta con un constructor de arrastrar y soltar que garantiza una f\u00e1cil personalizaci\u00f3n, incluso para principiantes. Tambi\u00e9n viene con widgets, c\u00f3digos cortos y fondos personalizados que le permiten dise\u00f1ar su sitio a sus preferencias exactas. El tema tambi\u00e9n incluye un poderoso control deslizante que puede resaltar su contenido m\u00e1s importante.<\/p>\n<p>Adem\u00e1s, el tema CSS Igniter Potenza WordPress ofrece un rendimiento de alta velocidad y est\u00e1 listo para la retina, lo que significa que su sitio se ver\u00e1 agudo y se cargar\u00e1 r\u00e1pidamente en cualquier dispositivo. Tambi\u00e9n es totalmente compatible con complementos populares como WooCommerce, lo que hace que sea muy f\u00e1cil configurar una tienda en l\u00ednea. Para colmo, este tema viene con soporte dedicado y actualizaciones regulares, asegurando que su sitio web se mantenga fresco y funcional. Experimente el verdadero potencial de su sitio web con el tema CSS Igniter Potenza WordPress.<\/p>\n","protected":false},"featured_media":165719,"comment_status":"open","ping_status":"open","template":"","meta":[],"product_brand":[2403],"product_cat":[1267,1237,1238],"product_tag":[2134],"class_list":{"0":"post-123177","1":"product","2":"type-product","3":"status-publish","4":"has-post-thumbnail","6":"product_brand-css-igniter","7":"product_cat-creativo","8":"product_cat-temas","9":"product_cat-wordpress-temas","10":"product_tag-css-igniter","11":"member-discount","12":"discount-restricted","14":"first","15":"instock","16":"sale","17":"downloadable","18":"virtual","19":"sold-individually","20":"purchasable","21":"product-type-simple"},"_links":{"self":[{"href":"https:\/\/gpl-love.com\/es\/wp-json\/wp\/v2\/product\/123177","targetHints":{"allow":["GET"]}}],"collection":[{"href":"https:\/\/gpl-love.com\/es\/wp-json\/wp\/v2\/product"}],"about":[{"href":"https:\/\/gpl-love.com\/es\/wp-json\/wp\/v2\/types\/product"}],"replies":[{"embeddable":true,"href":"https:\/\/gpl-love.com\/es\/wp-json\/wp\/v2\/comments?post=123177"}],"wp:featuredmedia":[{"embeddable":true,"href":"https:\/\/gpl-love.com\/es\/wp-json\/wp\/v2\/media\/165719"}],"wp:attachment":[{"href":"https:\/\/gpl-love.com\/es\/wp-json\/wp\/v2\/media?parent=123177"}],"wp:term":[{"taxonomy":"product_brand","embeddable":true,"href":"https:\/\/gpl-love.com\/es\/wp-json\/wp\/v2\/product_brand?post=123177"},{"taxonomy":"product_cat","embeddable":true,"href":"https:\/\/gpl-love.com\/es\/wp-json\/wp\/v2\/product_cat?post=123177"},{"taxonomy":"product_tag","embeddable":true,"href":"https:\/\/gpl-love.com\/es\/wp-json\/wp\/v2\/product_tag?post=123177"}],"curies":[{"name":"wp","href":"https:\/\/api.w.org\/{rel}","templated":true}]}}