{"id":123176,"date":"2021-02-09T00:00:00","date_gmt":"2021-02-09T05:00:00","guid":{"rendered":"https:\/\/gpl-love.com\/es\/producto\/css-igniter-pinmaister-wordpress-theme\/"},"modified":"2026-03-13T17:18:41","modified_gmt":"2026-03-13T22:18:41","slug":"css-igniter-pinmaister-wordpress-theme","status":"publish","type":"product","link":"https:\/\/gpl-love.com\/es\/producto\/css-igniter-pinmaister-wordpress-theme\/","title":{"rendered":"CSS Igniter Pinmaister WordPress Theme 1.2.1"},"content":{"rendered":"<h3>CSS Igniter Pinmaister WordPress Theme Caracteristicas<\/h3>\n<p>El tema de WordPress de CSS Igniter Pinmaister, que cuenta con una naturaleza altamente personalizable y receptiva, es un tema excepcional hecho a medida para elaborar un sitio web visualmente cautivador y contempor\u00e1neo. Exhibiendo un dise\u00f1o pr\u00edstino y una tipograf\u00eda exquisita, el tema de Pinmaister demuestra ser el ep\u00edtome de la perfecci\u00f3n para blogueros, fot\u00f3grafos y otros expertos ingeniosos que anhelan exhibir su contenido de la manera m\u00e1s elegante imaginable. Al abarcar una mir\u00edada de opciones y caracter\u00edsticas de personalizaci\u00f3n, este tema garantiza un proceso sin esfuerzo de fabricar un sitio web distintivo y pulido, uno que se destaca sin esfuerzo en medio de las masas. Ya sea que la intenci\u00f3n en cuesti\u00f3n es concebir un blog personal o un sitio de cartera profesional, el tema CSS Igniter Pinmaister WordPress se destaca como una elecci\u00f3n incomparable que combina armoniosamente tanto el toque como la funcionalidad.<\/p>\n<ul>\n<li>Hermoso dise\u00f1o de estilo Pinterest para su sitio web de WordPress<\/li>\n<li>Opciones de dise\u00f1o de cuadr\u00edcula o mamposter\u00eda personalizables para sus publicaciones<\/li>\n<li>Admite un desplazamiento infinito para una navegaci\u00f3n sin problemas<\/li>\n<li>Incluye widgets incorporados como un control deslizante, carrusel e \u00edconos de redes sociales<\/li>\n<li>Dise\u00f1o totalmente receptivo que se ve muy bien en todos los dispositivos<\/li>\n<li>Panel de opciones de temas f\u00e1ciles de usar para personalizar la apariencia de su sitio web<\/li>\n<li>SEO amigable con metaetiquetas personalizables y marcado de esquema.org<\/li>\n<li>Importaci\u00f3n de demostraci\u00f3n de un solo clic para que su sitio web se ejecute r\u00e1pidamente<\/li>\n<li>Equipo de apoyo dedicado para ayudar con cualquier problema o pregunta que pueda tener<\/li>\n<li>Actualizaciones y compatibilidad regulares con las \u00faltimas versiones y complementos de WordPress.<\/li>\n<\/ul>\n","protected":false},"excerpt":{"rendered":"<p>Experimente lo mejor del dise\u00f1o de estilo Pinterest con el tema CSS Igniter Pinmaister WordPress. Este tema de WordPress de vanguardia es perfecto para blogueros, dise\u00f1adores y entusiastas creativos que desean mostrar su trabajo en un entorno limpio, moderno e interactivo. El tema de Pinmaister cuenta con un dise\u00f1o totalmente receptivo, asegurando que su sitio se vea impresionante en cualquier dispositivo. Cuenta con un sistema de env\u00edo de front-end, lo que permite a los usuarios enviar su contenido directamente a su sitio. Con esquemas de color ilimitados, widgets personalizados y un poderoso panel de opciones, puede personalizar f\u00e1cilmente su sitio para que coincida con su marca. Adem\u00e1s, el tema admite varios formatos de publicaci\u00f3n que incluyen imagen, video y audio, proporcionando flexibilidad en la forma en que presenta su contenido. El tema de PinMaister tambi\u00e9n est\u00e1 optimizado por SEO y est\u00e1 listo para la traducci\u00f3n, asegurando que su contenido llegue a un p\u00fablico m\u00e1s amplio. Experimente un dise\u00f1o perfecto y f\u00e1cil de usar con el tema CSS Igniter Pinmaister WordPress.<\/p>\n","protected":false},"featured_media":165718,"comment_status":"open","ping_status":"open","template":"","meta":[],"product_brand":[2403],"product_cat":[1267,1237,1238],"product_tag":[2134],"class_list":{"0":"post-123176","1":"product","2":"type-product","3":"status-publish","4":"has-post-thumbnail","6":"product_brand-css-igniter","7":"product_cat-creativo","8":"product_cat-temas","9":"product_cat-wordpress-temas","10":"product_tag-css-igniter","11":"member-discount","12":"discount-restricted","14":"first","15":"instock","16":"sale","17":"downloadable","18":"virtual","19":"sold-individually","20":"purchasable","21":"product-type-simple"},"_links":{"self":[{"href":"https:\/\/gpl-love.com\/es\/wp-json\/wp\/v2\/product\/123176","targetHints":{"allow":["GET"]}}],"collection":[{"href":"https:\/\/gpl-love.com\/es\/wp-json\/wp\/v2\/product"}],"about":[{"href":"https:\/\/gpl-love.com\/es\/wp-json\/wp\/v2\/types\/product"}],"replies":[{"embeddable":true,"href":"https:\/\/gpl-love.com\/es\/wp-json\/wp\/v2\/comments?post=123176"}],"wp:featuredmedia":[{"embeddable":true,"href":"https:\/\/gpl-love.com\/es\/wp-json\/wp\/v2\/media\/165718"}],"wp:attachment":[{"href":"https:\/\/gpl-love.com\/es\/wp-json\/wp\/v2\/media?parent=123176"}],"wp:term":[{"taxonomy":"product_brand","embeddable":true,"href":"https:\/\/gpl-love.com\/es\/wp-json\/wp\/v2\/product_brand?post=123176"},{"taxonomy":"product_cat","embeddable":true,"href":"https:\/\/gpl-love.com\/es\/wp-json\/wp\/v2\/product_cat?post=123176"},{"taxonomy":"product_tag","embeddable":true,"href":"https:\/\/gpl-love.com\/es\/wp-json\/wp\/v2\/product_tag?post=123176"}],"curies":[{"name":"wp","href":"https:\/\/api.w.org\/{rel}","templated":true}]}}