{"id":123175,"date":"2024-01-19T00:00:00","date_gmt":"2024-01-19T05:00:00","guid":{"rendered":"https:\/\/gpl-love.com\/es\/producto\/css-igniter-pinfinity-wordpress-theme\/"},"modified":"2026-03-13T17:18:40","modified_gmt":"2026-03-13T22:18:40","slug":"css-igniter-pinfinity-wordpress-theme","status":"publish","type":"product","link":"https:\/\/gpl-love.com\/es\/producto\/css-igniter-pinfinity-wordpress-theme\/","title":{"rendered":"CSS Igniter Pinfinity WordPress Theme 1.1.0"},"content":{"rendered":"<h3>CSS Igniter Pinfinity WordPress Theme Caracteristicas<\/h3>\n<p>El tema CSS Igniter Pinfinity WordPress cuenta con un dise\u00f1o exquisito y contempor\u00e1neo, lo que lo convierte en una opci\u00f3n ideal para las personas que se identifican como bloggers, fot\u00f3grafos y creadores de contenido. Su notable atributo se encuentra en su dise\u00f1o \u00fanico al estilo de Pinterest, lo que le permite presentar su contenido de manera visualmente cautivadora. Adem\u00e1s, este tema ofrece un alto nivel de personalizaci\u00f3n y una variedad de caracter\u00edsticas, como m\u00faltiples dise\u00f1os de p\u00e1gina de inicio, widgets personalizados y un dise\u00f1o receptivo que garantiza una exhibici\u00f3n impecable de su sitio web en todos los dispositivos. Ya sea que busque embarcarse en un viaje de blogs o mejorar la est\u00e9tica de su sitio web existente, el tema CSS Igniter Pinfinity WordPress surge como una opci\u00f3n excepcional digna de consideraci\u00f3n.<\/p>\n<ul>\n<li>Dise\u00f1o moderno y elegante para blogs, revistas y sitios web de cartera<\/li>\n<li>Dise\u00f1o totalmente receptivo para una visualizaci\u00f3n perfecta en todos los dispositivos<\/li>\n<li>M\u00faltiples dise\u00f1os de p\u00e1gina de inicio para elegir<\/li>\n<li>Opciones personalizables de encabezado y pie de p\u00e1gina<\/li>\n<li>Varios formatos de publicaci\u00f3n que incluyen est\u00e1ndar, imagen, video y galer\u00eda<\/li>\n<li>Integraci\u00f3n de las redes sociales para compartir f\u00e1cilmente el contenido<\/li>\n<li>Compatible con complementos populares como WooCommerce y el Formulario de contacto 7<\/li>\n<li>Panel de opciones de tema f\u00e1cil de usar para la personalizaci\u00f3n<\/li>\n<li>Importaci\u00f3n de demostraci\u00f3n de un solo clic para una f\u00e1cil configuraci\u00f3n<\/li>\n<li>Actualizaciones regulares y soporte continuo del equipo CSS Igniter.<\/li>\n<\/ul>\n","protected":false},"excerpt":{"rendered":"<p>El tema de WordPress de CSS Igniter Pinfinity est\u00e1 dise\u00f1ado para personas creativas que buscan mostrar su trabajo de una manera visualmente atractiva e intuitiva. Este innovador tema de WordPress est\u00e1 inspirado en Pinterest, que combina un dise\u00f1o basado en la cuadr\u00edcula est\u00e9ticamente agradable con la funcionalidad robusta de una plataforma de blogs. El tema de Pinfinity es perfecto para fot\u00f3grafos, artistas, blogueros y dise\u00f1adores, que ofrece una forma \u00fanica de presentar su contenido de una manera visualmente atractiva. Su dise\u00f1o receptivo garantiza que su sitio web se vea genial en todos los dispositivos, desde escritorio hasta dispositivos m\u00f3viles. Con el tema de Pinfinity WordPress, puede personalizar y administrar f\u00e1cilmente su sitio web para reflejar su estilo y marca. Este tema tambi\u00e9n admite varios formatos de publicaci\u00f3n como galer\u00eda, video, audio y m\u00e1s, lo que le permite compartir una amplia gama de contenido con su audiencia. Adem\u00e1s, el tema CSS Igniter Pinfinity WordPress le brinda la ventaja del dise\u00f1o amigable con SEO, que mejora la visibilidad de su sitio web en los motores de b\u00fasqueda. Experimente la integraci\u00f3n perfecta del estilo, la funcionalidad y la facilidad de uso con Pinfinity WordPress<\/p>\n","protected":false},"featured_media":165717,"comment_status":"open","ping_status":"open","template":"","meta":[],"product_brand":[2403],"product_cat":[1267,1237,1238],"product_tag":[2134],"class_list":{"0":"post-123175","1":"product","2":"type-product","3":"status-publish","4":"has-post-thumbnail","6":"product_brand-css-igniter","7":"product_cat-creativo","8":"product_cat-temas","9":"product_cat-wordpress-temas","10":"product_tag-css-igniter","11":"member-discount","12":"discount-restricted","14":"first","15":"instock","16":"sale","17":"downloadable","18":"virtual","19":"sold-individually","20":"purchasable","21":"product-type-simple"},"_links":{"self":[{"href":"https:\/\/gpl-love.com\/es\/wp-json\/wp\/v2\/product\/123175","targetHints":{"allow":["GET"]}}],"collection":[{"href":"https:\/\/gpl-love.com\/es\/wp-json\/wp\/v2\/product"}],"about":[{"href":"https:\/\/gpl-love.com\/es\/wp-json\/wp\/v2\/types\/product"}],"replies":[{"embeddable":true,"href":"https:\/\/gpl-love.com\/es\/wp-json\/wp\/v2\/comments?post=123175"}],"wp:featuredmedia":[{"embeddable":true,"href":"https:\/\/gpl-love.com\/es\/wp-json\/wp\/v2\/media\/165717"}],"wp:attachment":[{"href":"https:\/\/gpl-love.com\/es\/wp-json\/wp\/v2\/media?parent=123175"}],"wp:term":[{"taxonomy":"product_brand","embeddable":true,"href":"https:\/\/gpl-love.com\/es\/wp-json\/wp\/v2\/product_brand?post=123175"},{"taxonomy":"product_cat","embeddable":true,"href":"https:\/\/gpl-love.com\/es\/wp-json\/wp\/v2\/product_cat?post=123175"},{"taxonomy":"product_tag","embeddable":true,"href":"https:\/\/gpl-love.com\/es\/wp-json\/wp\/v2\/product_tag?post=123175"}],"curies":[{"name":"wp","href":"https:\/\/api.w.org\/{rel}","templated":true}]}}