{"id":123174,"date":"2024-09-11T00:00:00","date_gmt":"2024-09-11T05:00:00","guid":{"rendered":"https:\/\/gpl-love.com\/es\/producto\/css-igniter-paperbag-wordpress-theme\/"},"modified":"2026-03-13T17:18:39","modified_gmt":"2026-03-13T22:18:39","slug":"css-igniter-paperbag-wordpress-theme","status":"publish","type":"product","link":"https:\/\/gpl-love.com\/es\/producto\/css-igniter-paperbag-wordpress-theme\/","title":{"rendered":"CSS Igniter Paperbag WordPress Theme 1.5.3"},"content":{"rendered":"<h3>CSS Igniter Paperbag WordPress Theme Caracteristicas<\/h3>\n<p>El tema de WordPress de Paperbag de CSS Igniter, conocido por su alto nivel de personalizaci\u00f3n y apariencia visualmente llamativa, se ha creado espec\u00edficamente para satisfacer las necesidades de blogueros y profesionales creativos. Su dise\u00f1o limpio y contempor\u00e1neo se presta perfectamente a la tarea de mostrar su contenido y establecer una presencia en l\u00ednea formidable. Este tema excepcional ofrece una variedad de opciones personalizables, que van desde la capacidad de elegir entre m\u00faltiples dise\u00f1os posteriores, hasta la inclusi\u00f3n de widgets personalizados e integraci\u00f3n perfecta con plataformas de redes sociales. Adem\u00e1s, el tema de Paperbag cuenta con una capacidad de respuesta completa y est\u00e1 optimizado para la optimizaci\u00f3n de motores de b\u00fasqueda (SEO), lo que garantiza que su sitio web no solo se vea impecable en todos los dispositivos, sino que tambi\u00e9n se clasifica de manera prominente en los resultados de los motores de b\u00fasqueda. Adem\u00e1s de estas caracter\u00edsticas impresionantes, el tema de Paperbag tambi\u00e9n cuenta con una selecci\u00f3n diversa de plantillas preconstruidas, que facilitan un proceso de creaci\u00f3n de sitios web sin problemas y eficientes, lo que le permite establecer una plataforma en l\u00ednea notablemente profesional en un per\u00edodo de tiempo notablemente corto.<\/p>\n<ul>\n<li>Dise\u00f1o moderno y limpio, perfecto para mostrar su contenido<\/li>\n<li>Opciones de personalizaci\u00f3n de temas incorporados para personalizar f\u00e1cilmente su sitio<\/li>\n<li>Totalmente receptivo y amigable con los dispositivos m\u00f3viles, asegurando que su sitio se vea muy bien en cualquier dispositivo<\/li>\n<li>Compatible con complementos populares como WooCommerce y WPForms para una funcionalidad adicional<\/li>\n<li>Numerosas opciones de dise\u00f1o para elegir, incluidos los dise\u00f1os de ancho completo y en caja<\/li>\n<li>Incluye m\u00faltiples plantillas de p\u00e1gina, como p\u00e1ginas de archivo y de ancho completo<\/li>\n<li>Pie de p\u00e1gina personalizable con m\u00faltiples \u00e1reas de widgets<\/li>\n<li>SEO optimizado para una mejor clasificaci\u00f3n de motores de b\u00fasqueda<\/li>\n<li>La importaci\u00f3n de demostraci\u00f3n de un solo clic para configurar r\u00e1pidamente su sitio para parecerse a la demostraci\u00f3n del tema<\/li>\n<li>Apoyo r\u00e1pido y amigable del equipo CSS Igniter.<\/li>\n<\/ul>\n","protected":false},"excerpt":{"rendered":"<p>Experimente la simplicidad y elegancia del tema de WordPress de Paperbag CSS Igniter. Desata su creatividad con nuestro tema altamente personalizable, dise\u00f1ado para ofrecer una experiencia perfecta tanto para principiantes como para desarrolladores experimentados. Con su dise\u00f1o limpio, Paperbag le permite resaltar su contenido de manera atractiva.<\/p>\n<p>Ya sea que sea un blogger, un profesional creativo o propietario de un negocio, la flexibilidad de Paperbag lo convierte en una opci\u00f3n ideal para cualquier presencia en l\u00ednea. El tema es incre\u00edblemente receptivo, asegurando que su sitio web se vea impresionante en cualquier dispositivo. Tambi\u00e9n admite m\u00faltiples formatos de publicaci\u00f3n, lo que le permite expresar sus ideas de varias maneras.<\/p>\n<p>La funci\u00f3n de personalizaci\u00f3n en vivo le permite ajustar la aparici\u00f3n del tema en tiempo real. Puede cambiar los colores, las fuentes y los dise\u00f1os, y ver los resultados al instante. Adem\u00e1s, Paperbag es compatible con WooCommerce, lo que le permite configurar una tienda en l\u00ednea con facilidad.<\/p>\n<p>Con una amplia documentaci\u00f3n y soporte dedicado, comenzar con Paperbag es muy f\u00e1cil. Su dise\u00f1o optimizado de SEO garantiza que su sitio web se encuentre con un alto rango en los resultados de b\u00fasqueda, aumentando<\/p>\n","protected":false},"featured_media":165716,"comment_status":"open","ping_status":"open","template":"","meta":[],"product_brand":[2403],"product_cat":[1245,1237,1238],"product_tag":[2134],"class_list":{"0":"post-123174","1":"product","2":"type-product","3":"status-publish","4":"has-post-thumbnail","6":"product_brand-css-igniter","7":"product_cat-blog-revista","8":"product_cat-temas","9":"product_cat-wordpress-temas","10":"product_tag-css-igniter","11":"member-discount","12":"discount-restricted","14":"first","15":"instock","16":"sale","17":"downloadable","18":"virtual","19":"sold-individually","20":"purchasable","21":"product-type-simple"},"_links":{"self":[{"href":"https:\/\/gpl-love.com\/es\/wp-json\/wp\/v2\/product\/123174","targetHints":{"allow":["GET"]}}],"collection":[{"href":"https:\/\/gpl-love.com\/es\/wp-json\/wp\/v2\/product"}],"about":[{"href":"https:\/\/gpl-love.com\/es\/wp-json\/wp\/v2\/types\/product"}],"replies":[{"embeddable":true,"href":"https:\/\/gpl-love.com\/es\/wp-json\/wp\/v2\/comments?post=123174"}],"wp:featuredmedia":[{"embeddable":true,"href":"https:\/\/gpl-love.com\/es\/wp-json\/wp\/v2\/media\/165716"}],"wp:attachment":[{"href":"https:\/\/gpl-love.com\/es\/wp-json\/wp\/v2\/media?parent=123174"}],"wp:term":[{"taxonomy":"product_brand","embeddable":true,"href":"https:\/\/gpl-love.com\/es\/wp-json\/wp\/v2\/product_brand?post=123174"},{"taxonomy":"product_cat","embeddable":true,"href":"https:\/\/gpl-love.com\/es\/wp-json\/wp\/v2\/product_cat?post=123174"},{"taxonomy":"product_tag","embeddable":true,"href":"https:\/\/gpl-love.com\/es\/wp-json\/wp\/v2\/product_tag?post=123174"}],"curies":[{"name":"wp","href":"https:\/\/api.w.org\/{rel}","templated":true}]}}