{"id":123173,"date":"2022-02-10T00:00:00","date_gmt":"2022-02-10T05:00:00","guid":{"rendered":"https:\/\/gpl-love.com\/es\/producto\/css-igniter-oscillator-wordpress-theme\/"},"modified":"2026-03-13T17:18:37","modified_gmt":"2026-03-13T22:18:37","slug":"css-igniter-oscillator-wordpress-theme","status":"publish","type":"product","link":"https:\/\/gpl-love.com\/es\/producto\/css-igniter-oscillator-wordpress-theme\/","title":{"rendered":"CSS Igniter Oscillator WordPress Theme 1.5.2"},"content":{"rendered":"<h3>CSS Igniter Oscillator WordPress Theme Caracteristicas<\/h3>\n<p>El tema de WordPress de WordPress de CSS Igniter es una plantilla de dise\u00f1o altamente sofisticada y de vanguardia que permite a los usuarios crear sin esfuerzo un sitio web que exuda profesionalismo. En virtud de sus opciones de personalizaci\u00f3n f\u00e1cil de usar, a las personas se les otorga la capacidad de adaptar el dise\u00f1o, el esquema de color y las fuentes para alinearse con la personalidad \u00fanica de su marca. Adem\u00e1s, este tema cuenta con una capacidad de respuesta completa, asegurando as\u00ed una compatibilidad perfecta en todos los dispositivos. Adem\u00e1s, proporciona una extensa variedad de plantillas predise\u00f1adas para p\u00e1ginas cruciales como el hogar, el acercamiento y la cartera. Con un \u00e9nfasis firme en la optimizaci\u00f3n para los motores de b\u00fasqueda, el tema del oscilador garantiza que su sitio web asegurar\u00e1 una ubicaci\u00f3n encomiable en los resultados de b\u00fasqueda. Por lo tanto, este producto rico en caracter\u00edsticas y vers\u00e1til sirve como la mejor soluci\u00f3n para due\u00f1os de negocios, blogueros y creativos en busca de una presencia en l\u00ednea impecablemente refinada y pulida.<\/p>\n<ul>\n<li>Un tema de WordPress elegante y moderno que es perfecto para exhibir el trabajo creativo<\/li>\n<li>Opciones de color vibrantes y audaces que se pueden personalizar completamente para que coincidan con su marca o estilo personal<\/li>\n<li>Im\u00e1genes de fondo de pantalla completa llamativa que agregan profundidad e inter\u00e9s visual a su sitio<\/li>\n<li>Opciones de personalizaci\u00f3n simples e intuitivas, que incluyen un creador de p\u00e1ginas de inicio de arrastrar y soltar y un panel de opciones de temas f\u00e1ciles de usar<\/li>\n<li>Dise\u00f1o receptivo que se ve muy bien en todos los dispositivos, desde grandes pantallas de escritorio hasta peque\u00f1os dispositivos m\u00f3viles<\/li>\n<li>Integraci\u00f3n con complementos populares de WordPress, incluido WooCommerce para crear una tienda en l\u00ednea y formularios de gravedad para una f\u00e1cil creaci\u00f3n de formularios<\/li>\n<li>Actualizaciones regulares y soporte continuo de CSS Igniter, asegurando que su sitio se mantenga actualizado y funcionando sin problemas<\/li>\n<li>Importaci\u00f3n de demostraci\u00f3n de un solo clic para poner en funcionamiento r\u00e1pidamente su sitio web con el contenido de demostraci\u00f3n previamente construido para una f\u00e1cil personalizaci\u00f3n<\/li>\n<li>C\u00f3digo r\u00e1pido y liviano para mejorar la velocidad y el rendimiento del sitio web.<\/li>\n<\/ul>\n","protected":false},"excerpt":{"rendered":"<p>Introducir el tema de WordPress del oscilador por CSS Igniter. Este tema orientado a la m\u00fasica es perfecto para m\u00fasicos, DJ, organizadores de eventos y clubes nocturnos. El tema Oscillator WordPress ofrece un reproductor de audio de transmisi\u00f3n, asegurando que su audiencia nunca pierda un ritmo. Con su dise\u00f1o elegante y moderno, este tema garantiza una impresionante presencia en l\u00ednea. Tiene una p\u00e1gina de inicio de arrastrar y soltar, lo que hace que sea f\u00e1cil personalizar y adaptarse a su marca. Otras caracter\u00edsticas incluyen gesti\u00f3n de discograf\u00eda, programa de espect\u00e1culos y widgets personalizados. El tema Oscillator WordPress tambi\u00e9n es totalmente receptivo, asegurando que su contenido se vea genial en todos los dispositivos. Adem\u00e1s, est\u00e1 optimizado para mejorar la clasificaci\u00f3n de su motor de b\u00fasqueda. Este poderoso tema de WordPress lo ayudar\u00e1 a destacar en la industria de la m\u00fasica.<\/p>\n","protected":false},"featured_media":165714,"comment_status":"open","ping_status":"open","template":"","meta":[],"product_brand":[2403],"product_cat":[1267,1237,1238],"product_tag":[2134],"class_list":{"0":"post-123173","1":"product","2":"type-product","3":"status-publish","4":"has-post-thumbnail","6":"product_brand-css-igniter","7":"product_cat-creativo","8":"product_cat-temas","9":"product_cat-wordpress-temas","10":"product_tag-css-igniter","11":"member-discount","12":"discount-restricted","14":"first","15":"instock","16":"sale","17":"downloadable","18":"virtual","19":"sold-individually","20":"purchasable","21":"product-type-simple"},"_links":{"self":[{"href":"https:\/\/gpl-love.com\/es\/wp-json\/wp\/v2\/product\/123173","targetHints":{"allow":["GET"]}}],"collection":[{"href":"https:\/\/gpl-love.com\/es\/wp-json\/wp\/v2\/product"}],"about":[{"href":"https:\/\/gpl-love.com\/es\/wp-json\/wp\/v2\/types\/product"}],"replies":[{"embeddable":true,"href":"https:\/\/gpl-love.com\/es\/wp-json\/wp\/v2\/comments?post=123173"}],"wp:featuredmedia":[{"embeddable":true,"href":"https:\/\/gpl-love.com\/es\/wp-json\/wp\/v2\/media\/165714"}],"wp:attachment":[{"href":"https:\/\/gpl-love.com\/es\/wp-json\/wp\/v2\/media?parent=123173"}],"wp:term":[{"taxonomy":"product_brand","embeddable":true,"href":"https:\/\/gpl-love.com\/es\/wp-json\/wp\/v2\/product_brand?post=123173"},{"taxonomy":"product_cat","embeddable":true,"href":"https:\/\/gpl-love.com\/es\/wp-json\/wp\/v2\/product_cat?post=123173"},{"taxonomy":"product_tag","embeddable":true,"href":"https:\/\/gpl-love.com\/es\/wp-json\/wp\/v2\/product_tag?post=123173"}],"curies":[{"name":"wp","href":"https:\/\/api.w.org\/{rel}","templated":true}]}}