{"id":123172,"date":"2023-01-30T00:00:00","date_gmt":"2023-01-30T05:00:00","guid":{"rendered":"https:\/\/gpl-love.com\/es\/producto\/css-igniter-olympus-inn-hotel-motel-wordpress-theme\/"},"modified":"2026-03-13T17:18:36","modified_gmt":"2026-03-13T22:18:36","slug":"css-igniter-olympus-inn-hotel-motel-wordpress-theme","status":"publish","type":"product","link":"https:\/\/gpl-love.com\/es\/producto\/css-igniter-olympus-inn-hotel-motel-wordpress-theme\/","title":{"rendered":"CSS Igniter Olympus Inn Hotel Motel WordPress Theme 1.8.1"},"content":{"rendered":"<h3>CSS Igniter Olympus Inn Hotel Motel WordPress Theme Caracteristicas<\/h3>\n<p>El tema de WordPress de CSS Igniter Olympus Inn Hotel WordPress es un tema incre\u00edblemente impresionante que ha sido dise\u00f1ado espec\u00edficamente para atender a hoteles, moteles y varias opciones de alojamiento. Cuenta con un dise\u00f1o impresionantemente bien elaborado, que se complementa con su variedad de caracter\u00edsticas avanzadas, lo que permite a los usuarios crear un sitio web absolutamente excepcional para sus esfuerzos comerciales. Este tema est\u00e1 equipado con un formulario de reserva conveniente, un calendario de disponibilidad de habitaciones incre\u00edblemente \u00fatil y una variedad de plantillas personalizables que est\u00e1n perfectamente adaptadas para cumplir con una amplia gama de requisitos del sitio web. Adem\u00e1s, su naturaleza f\u00e1cil de usar y su capacidad de respuesta completa garantizan que su sitio web ser\u00e1 f\u00e1cilmente accesible en todos y cada uno de los dispositivos. Adem\u00e1s, el tema de WordPress de Motel Olympus Inn Hotel es el motor de b\u00fasqueda optimizado, lo que significa que mejora significativamente la visibilidad de su sitio web en los resultados de b\u00fasqueda, lo que finalmente conduce a una mayor exposici\u00f3n y un mayor tr\u00e1fico. Adem\u00e1s, el equipo de soporte de CSS Igniter est\u00e1 disponible para proporcionar asistencia integral, asegurando que los usuarios puedan aprovechar completamente el potencial de este tema. En conclusi\u00f3n, est\u00e1 muy claro que el tema de WordPress de WordPress de CSS Igniter Olympus Inn Hotel es una opci\u00f3n verdaderamente impecable para cualquier negocio de hotel o motel que busque establecer un sitio web incre\u00edblemente profesional y muy f\u00e1cil de usar.<\/p>\n<ul>\n<li>Dise\u00f1o totalmente receptivo y amigable para los dispositivos m\u00f3viles para que los hu\u00e9spedes accedan f\u00e1cilmente a su sitio web de hotel o motel desde cualquier dispositivo<\/li>\n<li>Dise\u00f1os y servicios de habitaci\u00f3n personalizables para opciones de alojamiento a medida<\/li>\n<li>Integraci\u00f3n con complementos de reserva populares para la gesti\u00f3n de reservas simplificadas<\/li>\n<li>P\u00e1ginas bellamente dise\u00f1adas para exhibir las comodidades, servicios y ubicaci\u00f3n de su hotel<\/li>\n<li>Constructor de p\u00e1gina incorporado f\u00e1cil de usar para personalizar su sitio web sin codificar el conocimiento<\/li>\n<li>Integraci\u00f3n de redes sociales para promoci\u00f3n sin esfuerzo y compartir en plataformas como Facebook e Instagram<\/li>\n<li>Estructura optimizada de SEO para impulsar la visibilidad de su sitio web en motores de b\u00fasqueda como Google<\/li>\n<li>Documentaci\u00f3n integral y atenci\u00f3n al cliente para cualquier consulta o problema t\u00e9cnico.<\/li>\n<\/ul>\n","protected":false},"excerpt":{"rendered":"<p>Descubra el tema de WordPress del motel Olympus Inn Hotel de CSS Igniter. Este tema innovador es perfecto para hoteles, moteles, resorts o cualquier otro servicio de alojamiento. Est\u00e1 dise\u00f1ado para proporcionar una experiencia f\u00e1cil de usar, con su dise\u00f1o altamente personalizable y receptivo. El tema ofrece un sistema de reserva que simplifica el proceso de reserva para sus clientes. Tambi\u00e9n incluye una colecci\u00f3n de widgets personalizados, lo que le facilita agregar funcionalidad adicional a su sitio web. El tema Olympus Inn es amigable con SEO, asegurando que su sitio est\u00e9 optimizado para los motores de b\u00fasqueda. Tambi\u00e9n admite m\u00faltiples idiomas, lo que lo hace ideal para establecimientos que sirven a la clientela internacional. Este tema de WordPress tambi\u00e9n es compatible con complementos populares, lo que le permite extender la funcionalidad de su sitio. Con sus rasgos robustos y su dise\u00f1o sofisticado, el tema de WordPress de Motel Olympus Inn Hotel lleva su negocio al siguiente nivel.<\/p>\n","protected":false},"featured_media":165713,"comment_status":"open","ping_status":"open","template":"","meta":[],"product_brand":[2403],"product_cat":[1548,1237,1238],"product_tag":[2134],"class_list":{"0":"post-123172","1":"product","2":"type-product","3":"status-publish","4":"has-post-thumbnail","6":"product_brand-css-igniter","7":"product_cat-resort-hotel","8":"product_cat-temas","9":"product_cat-wordpress-temas","10":"product_tag-css-igniter","11":"member-discount","12":"discount-restricted","14":"first","15":"instock","16":"sale","17":"downloadable","18":"virtual","19":"sold-individually","20":"purchasable","21":"product-type-simple"},"_links":{"self":[{"href":"https:\/\/gpl-love.com\/es\/wp-json\/wp\/v2\/product\/123172","targetHints":{"allow":["GET"]}}],"collection":[{"href":"https:\/\/gpl-love.com\/es\/wp-json\/wp\/v2\/product"}],"about":[{"href":"https:\/\/gpl-love.com\/es\/wp-json\/wp\/v2\/types\/product"}],"replies":[{"embeddable":true,"href":"https:\/\/gpl-love.com\/es\/wp-json\/wp\/v2\/comments?post=123172"}],"wp:featuredmedia":[{"embeddable":true,"href":"https:\/\/gpl-love.com\/es\/wp-json\/wp\/v2\/media\/165713"}],"wp:attachment":[{"href":"https:\/\/gpl-love.com\/es\/wp-json\/wp\/v2\/media?parent=123172"}],"wp:term":[{"taxonomy":"product_brand","embeddable":true,"href":"https:\/\/gpl-love.com\/es\/wp-json\/wp\/v2\/product_brand?post=123172"},{"taxonomy":"product_cat","embeddable":true,"href":"https:\/\/gpl-love.com\/es\/wp-json\/wp\/v2\/product_cat?post=123172"},{"taxonomy":"product_tag","embeddable":true,"href":"https:\/\/gpl-love.com\/es\/wp-json\/wp\/v2\/product_tag?post=123172"}],"curies":[{"name":"wp","href":"https:\/\/api.w.org\/{rel}","templated":true}]}}