{"id":123171,"date":"2025-09-19T00:00:00","date_gmt":"2025-09-19T05:00:00","guid":{"rendered":"https:\/\/gpl-love.com\/es\/producto\/css-igniter-nozama-woocommerce-theme\/"},"modified":"2026-03-13T17:18:34","modified_gmt":"2026-03-13T22:18:34","slug":"css-igniter-nozama-woocommerce-theme","status":"publish","type":"product","link":"https:\/\/gpl-love.com\/es\/producto\/css-igniter-nozama-woocommerce-theme\/","title":{"rendered":"CSS Igniter Nozama WooCommerce Theme 1.4.6"},"content":{"rendered":"<h3>CSS Igniter Nozama WooCommerce Theme Caracteristicas<\/h3>\n<p>El tema de Nozama WooCommerce, desarrollado por CSS Igniter, es un tema premium de comercio electr\u00f3nico que ofrece una oportunidad excepcional para que las personas que aspiran establecer una tienda en l\u00ednea con una apariencia profesional. Este tema cuenta con un dise\u00f1o elegante y contempor\u00e1neo que puede ser completamente personalizado, lo que permite a los usuarios personalizar la apariencia y el ambiente de su tienda para alinearse con su identidad de marca espec\u00edfica. Adem\u00e1s, este tema ha sido estrat\u00e9gicamente optimizado para WooCommerce, lo que hace que sea f\u00e1cil que los usuarios vendan sin esfuerzo productos tanto f\u00edsicos como digitales, administrar eficientemente su inventario y establecer preferencias de env\u00edo e impuestos adecuadas. Adem\u00e1s, una mir\u00edada de caracter\u00edsticas convincentes se integran dentro de este tema, que abarca una variedad de dise\u00f1os de p\u00e1ginas de inicio, p\u00e1ginas de productos y categor\u00edas, as\u00ed como un pie de p\u00e1gina totalmente personalizable, entre otros atributos notables. Al aprovechar el poder del tema CSS Igniter Nozama WooCommerce, los usuarios pueden elaborar sin problemas una tienda en l\u00ednea que posee una mezcla extraordinaria de encanto est\u00e9tico y excelencia funcional, mejorando significativamente su capacidad para cautivar y convertir una base de clientes m\u00e1s grande.<\/p>\n<ul>\n<li>Un tema de comercio electr\u00f3nico elegante y moderno para WordPress<\/li>\n<li>Construido con el popular complemento de WooCommerce para una f\u00e1cil gesti\u00f3n de ventas en l\u00ednea e inventario<\/li>\n<li>P\u00e1gina de inicio personalizable con m\u00faltiples dise\u00f1os para exhibir productos y promociones<\/li>\n<li>La funci\u00f3n de vista r\u00e1pida para que los clientes vean f\u00e1cilmente los detalles del producto sin salir de la p\u00e1gina de inicio<\/li>\n<li>Builder de la p\u00e1gina de arrastrar y soltar para una f\u00e1cil personalizaci\u00f3n de p\u00e1ginas de productos individuales<\/li>\n<li>Opciones de filtrado y clasificaci\u00f3n de productos incorporados para mejorar la experiencia del usuario<\/li>\n<li>Dise\u00f1o receptivo para una visualizaci\u00f3n perfecta en dispositivos m\u00f3viles<\/li>\n<li>Integraci\u00f3n con plataformas de redes sociales populares para compartir f\u00e1cilmente y aumentar la conciencia de la marca<\/li>\n<li>SEO optimizado para mejorar la clasificaci\u00f3n de los motores de b\u00fasqueda y una mayor visibilidad en l\u00ednea<\/li>\n<li>Actualizaciones de temas regulares y soporte dedicado del equipo CSS Igniter<\/li>\n<\/ul>\n","protected":false},"excerpt":{"rendered":"<p>Experimente el poder y la flexibilidad del tema de Nozama WooCommerce de CSS Igniter. Este tema espec\u00edfico de comercio electr\u00f3nico est\u00e1 dise\u00f1ado para proporcionar una experiencia de compra \u00f3ptima para sus clientes. Nozama est\u00e1 totalmente integrado con WooCommerce, el principal complemento de comercio electr\u00f3nico, lo que lo convierte en una opci\u00f3n ideal para cualquier minorista en l\u00ednea. El tema viene con una gama de caracter\u00edsticas personalizables, lo que le permite dise\u00f1ar una tienda en l\u00ednea \u00fanica y atractiva. El dise\u00f1o receptivo garantiza que su sitio web se vea genial en cualquier dispositivo, lo que aumenta la accesibilidad para sus clientes. El tema tambi\u00e9n se beneficia de la optimizaci\u00f3n de SEO, mejorando la visibilidad de su sitio en los motores de b\u00fasqueda populares y conduciendo m\u00e1s tr\u00e1fico a su tienda. El dise\u00f1o limpio y moderno de Nozama, junto con su funcionalidad, lo convierte en una opci\u00f3n popular para los minoristas en l\u00ednea. Con el tema de Nozama WooCommerce de CSS Igniter, tiene la libertad de crear una tienda en l\u00ednea que realmente refleje la identidad de su marca.<\/p>\n","protected":false},"featured_media":165710,"comment_status":"open","ping_status":"open","template":"","meta":[],"product_brand":[2403],"product_cat":[1263,1264,1237],"product_tag":[2134],"class_list":{"0":"post-123171","1":"product","2":"type-product","3":"status-publish","4":"has-post-thumbnail","6":"product_brand-css-igniter","7":"product_cat-comercio-electronico-temas","8":"product_cat-negocio","9":"product_cat-temas","10":"product_tag-css-igniter","11":"member-discount","12":"discount-restricted","14":"first","15":"instock","16":"sale","17":"downloadable","18":"virtual","19":"sold-individually","20":"purchasable","21":"product-type-simple"},"_links":{"self":[{"href":"https:\/\/gpl-love.com\/es\/wp-json\/wp\/v2\/product\/123171","targetHints":{"allow":["GET"]}}],"collection":[{"href":"https:\/\/gpl-love.com\/es\/wp-json\/wp\/v2\/product"}],"about":[{"href":"https:\/\/gpl-love.com\/es\/wp-json\/wp\/v2\/types\/product"}],"replies":[{"embeddable":true,"href":"https:\/\/gpl-love.com\/es\/wp-json\/wp\/v2\/comments?post=123171"}],"wp:featuredmedia":[{"embeddable":true,"href":"https:\/\/gpl-love.com\/es\/wp-json\/wp\/v2\/media\/165710"}],"wp:attachment":[{"href":"https:\/\/gpl-love.com\/es\/wp-json\/wp\/v2\/media?parent=123171"}],"wp:term":[{"taxonomy":"product_brand","embeddable":true,"href":"https:\/\/gpl-love.com\/es\/wp-json\/wp\/v2\/product_brand?post=123171"},{"taxonomy":"product_cat","embeddable":true,"href":"https:\/\/gpl-love.com\/es\/wp-json\/wp\/v2\/product_cat?post=123171"},{"taxonomy":"product_tag","embeddable":true,"href":"https:\/\/gpl-love.com\/es\/wp-json\/wp\/v2\/product_tag?post=123171"}],"curies":[{"name":"wp","href":"https:\/\/api.w.org\/{rel}","templated":true}]}}