{"id":123170,"date":"2023-01-24T00:00:00","date_gmt":"2023-01-24T05:00:00","guid":{"rendered":"https:\/\/gpl-love.com\/es\/producto\/css-igniter-noozbeat-wordpress-theme\/"},"modified":"2026-03-13T17:18:33","modified_gmt":"2026-03-13T22:18:33","slug":"css-igniter-noozbeat-wordpress-theme","status":"publish","type":"product","link":"https:\/\/gpl-love.com\/es\/producto\/css-igniter-noozbeat-wordpress-theme\/","title":{"rendered":"CSS Igniter Noozbeat WordPress Theme 1.3.3"},"content":{"rendered":"<h3>CSS Igniter Noozbeat WordPress Theme Caracteristicas<\/h3>\n<p>El tema de WordPress de CSS Igniter NoozBeat demuestra ser la mejor soluci\u00f3n para las personas que buscan establecer un sitio web de noticias o revistas altamente profesionales. Este tema excepcional ofrece una gran cantidad de opciones de personalizaci\u00f3n, lo que brinda a los usuarios la oportunidad de adaptar meticulosamente el dise\u00f1o, los colores y las fuentes para alinearse sin problemas con sus respectivas identidades de marca. Adem\u00e1s, NozBeat garantiza una interfaz totalmente receptiva, asegurando un atractivo visual y una funcionalidad \u00f3ptimas en una amplia gama de dispositivos. Este tema notable no solo cuenta con una extensa gama de caracter\u00edsticas, que incluyen widgets personalizados, integraci\u00f3n de redes sociales y un panel de opciones de temas robustos, sino que tambi\u00e9n se destaca en la presentaci\u00f3n de contenido de una manera sin esfuerzo clara y visualmente cautivadora, facilitando as\u00ed una navegabilidad mejorada y mejorada experiencia de usuario. A fin de cuentas, el tema de WordPress de WordPress de CSS Igniter Noozbeat representa sin duda una opci\u00f3n ideal para las personas que aspiran a establecer un sitio web de noticias o revistas de primer nivel.<\/p>\n<ul>\n<li>Dise\u00f1o moderno y elegante que es perfecto para sitios web de noticias y revistas<\/li>\n<li>Dise\u00f1o totalmente receptivo que garantiza un gran rendimiento en todos los dispositivos<\/li>\n<li>M\u00faltiples dise\u00f1os de la p\u00e1gina de inicio para elegir, brind\u00e1ndole la flexibilidad de crear un aspecto \u00fanico<\/li>\n<li>Soporte incorporado para Google Fonts, lo que le permite dise\u00f1ar su contenido con facilidad<\/li>\n<li>Un poderoso panel de opciones de tema que le brinda un control completo sobre la apariencia de su sitio.<\/li>\n<li>Integraci\u00f3n con complementos de constructor de p\u00e1ginas populares como Elementor y Beaver Builder<\/li>\n<li>Bundido con una variedad de widgets personalizados, incluidos \u00edconos de redes sociales, publicaciones recientes y m\u00e1s<\/li>\n<li>C\u00f3digo optimizado de SEO para darle a su sitio un impulso en la clasificaci\u00f3n de motores de b\u00fasqueda<\/li>\n<li>Compatible con todos los principales complementos de WordPress, incluidos Yoast SEO, WPFORMS y m\u00e1s<\/li>\n<li>Documentaci\u00f3n integral y soporte confiable para guiarlo a trav\u00e9s de la configuraci\u00f3n y la personalizaci\u00f3n.<\/li>\n<\/ul>\n","protected":false},"excerpt":{"rendered":"<p>El tema de NozBeat WordPress de CSS Igniter es un tema din\u00e1mico y receptivo dise\u00f1ado espec\u00edficamente para sitios web de noticias y revistas. Con su dise\u00f1o elegante y su interfaz f\u00e1cil de usar, NoozBeat ofrece una experiencia de usuario perfecta tanto para administradores como lectores. El tema est\u00e1 repleto de caracter\u00edsticas como dise\u00f1os personalizables, esquemas de color y m\u00faltiples plantillas de categor\u00eda, lo que le brinda un control completo sobre la apariencia y la sensaci\u00f3n de su sitio web. El dise\u00f1o amigable con el SEO garantiza la visibilidad de su sitio, mientras que las opciones de intercambio social incorporadas facilitan a sus lectores compartir su contenido. Con el tema de WordPress NoozBeat de CSS Igniter, puede crear un sitio web de noticias visualmente atractivo y rico en funciones que se destaca entre la multitud.<\/p>\n","protected":false},"featured_media":165709,"comment_status":"open","ping_status":"open","template":"","meta":[],"product_brand":[2403],"product_cat":[1245,1237,1238],"product_tag":[2134],"class_list":{"0":"post-123170","1":"product","2":"type-product","3":"status-publish","4":"has-post-thumbnail","6":"product_brand-css-igniter","7":"product_cat-blog-revista","8":"product_cat-temas","9":"product_cat-wordpress-temas","10":"product_tag-css-igniter","11":"member-discount","12":"discount-restricted","14":"first","15":"instock","16":"sale","17":"downloadable","18":"virtual","19":"sold-individually","20":"purchasable","21":"product-type-simple"},"_links":{"self":[{"href":"https:\/\/gpl-love.com\/es\/wp-json\/wp\/v2\/product\/123170","targetHints":{"allow":["GET"]}}],"collection":[{"href":"https:\/\/gpl-love.com\/es\/wp-json\/wp\/v2\/product"}],"about":[{"href":"https:\/\/gpl-love.com\/es\/wp-json\/wp\/v2\/types\/product"}],"replies":[{"embeddable":true,"href":"https:\/\/gpl-love.com\/es\/wp-json\/wp\/v2\/comments?post=123170"}],"wp:featuredmedia":[{"embeddable":true,"href":"https:\/\/gpl-love.com\/es\/wp-json\/wp\/v2\/media\/165709"}],"wp:attachment":[{"href":"https:\/\/gpl-love.com\/es\/wp-json\/wp\/v2\/media?parent=123170"}],"wp:term":[{"taxonomy":"product_brand","embeddable":true,"href":"https:\/\/gpl-love.com\/es\/wp-json\/wp\/v2\/product_brand?post=123170"},{"taxonomy":"product_cat","embeddable":true,"href":"https:\/\/gpl-love.com\/es\/wp-json\/wp\/v2\/product_cat?post=123170"},{"taxonomy":"product_tag","embeddable":true,"href":"https:\/\/gpl-love.com\/es\/wp-json\/wp\/v2\/product_tag?post=123170"}],"curies":[{"name":"wp","href":"https:\/\/api.w.org\/{rel}","templated":true}]}}