{"id":123169,"date":"2022-02-10T00:00:00","date_gmt":"2022-02-10T05:00:00","guid":{"rendered":"https:\/\/gpl-love.com\/es\/producto\/advanced-custom-fields-repeater-field-addon\/"},"modified":"2026-03-09T07:16:31","modified_gmt":"2026-03-09T12:16:31","slug":"advanced-custom-fields-repeater-field-addon","status":"publish","type":"product","link":"https:\/\/gpl-love.com\/es\/producto\/advanced-custom-fields-repeater-field-addon\/","title":{"rendered":"Advanced Custom Fields Repeater Field Addon 1.1.1"},"content":{"rendered":"<h3>Advanced Custom Fields Repeater Field Addon Caracteristicas<\/h3>\n<p>El Advanced Custom Fields Repeater Field Field Addon es una herramienta incre\u00edblemente robusta e influyente que satisface las necesidades de los usuarios de WordPress que desean construir sitios web intrincados y en constante cambio. Este notable complemento proporciona a los usuarios la capacidad de generar campos que se pueden repetir dentro de sus tipos de publicaci\u00f3n personalizados, simplificando as\u00ed la tarea de incorporar y administrar diversas formas de datos como im\u00e1genes, videos y texto. Con una interfaz incre\u00edblemente f\u00e1cil de usar y una variedad de opciones flexibles, el complemento de campo repetidor optimiza efectivamente el arduo proceso de construir p\u00e1ginas y dise\u00f1os personalizados, lo que finalmente resulta en ahorros de tiempo y esfuerzo significativos. Ya sea que sea un desarrollador profesional experimentado o un propietario de un sitio web autosuficiente que prefiera el enfoque de bricolaje, este complemento ejemplar sin duda sirve como una herramienta realmente irremplazable dentro de su arsenal.<\/p>\n<ul>\n<li>Permite a los usuarios crear y administrar f\u00e1cilmente los campos de repetidores en campos personalizados avanzados<\/li>\n<li>Proporciona una interfaz de usuario altamente intuitiva para agregar nuevas filas de repetici\u00f3n y editar las existentes<\/li>\n<li>Ofrece una gama de opciones personalizables, incluidos los l\u00edmites m\u00e1ximos de fila y las asociaciones de grupos de campo<\/li>\n<li>Almacena y recupera eficientemente los datos del repetidor, optimizando el rendimiento y la reducci\u00f3n de los tiempos de carga del sitio<\/li>\n<li>Permite a los usuarios mostrar datos de campo de repetidor de varias maneras, a trav\u00e9s de plantillas, fragmentos de c\u00f3digo o constructores de p\u00e1ginas<\/li>\n<li>Se integra a la perfecci\u00f3n con otras extensiones de campos personalizados avanzados y complementos, lo que permite a los usuarios mejorar a\u00fan m\u00e1s sus capacidades de gesti\u00f3n de datos<\/li>\n<li>Ofrece atenci\u00f3n al cliente dedicada y actualizaciones peri\u00f3dicas para garantizar la m\u00e1xima funcionalidad y compatibilidad con las \u00faltimas versiones de WordPress y ACF.<\/li>\n<\/ul>\n","protected":false},"excerpt":{"rendered":"<p>La funcionalidad avanzada del complemento de campos personalizados ofrece numerosos beneficios para los desarrolladores, dise\u00f1adores y creadores de contenido. Permite administrar estructuras de datos intrincadas en WordPress con facilidad. Una de sus caracter\u00edsticas m\u00e1s importantes es el complemento de campo de repetidor de campos personalizados avanzados, que proporciona mejoras a la funcionalidad b\u00e1sica al permitir la repetici\u00f3n eficiente y la organizaci\u00f3n de los campos.<\/p>\n<p>Este complemento ha sido dise\u00f1ado espec\u00edficamente para optimizar la creaci\u00f3n avanzada de campo personalizado, lo que hace que el proceso de creaci\u00f3n de contenido sea m\u00e1s simple y eficiente. Ofrece configuraciones de configuraci\u00f3n f\u00e1cil de usar para FieldSets, lo que le permite generar un FieldSet de repetici\u00f3n en WordPress sin esfuerzo.<\/p>\n<p>Adem\u00e1s, tambi\u00e9n proporciona herramientas para manipular campos dentro del campos, como suma, eliminaci\u00f3n y reordenamiento. Esta flexibilidad facilita la creaci\u00f3n de contenido adaptable y din\u00e1mico en WordPress, dando a los usuarios un mayor control sobre su gesti\u00f3n de contenido.<\/p>\n<p>Una ventaja clave del complemento de campo de repetidor de campos personalizados avanzados es que contribuye a una organizaci\u00f3n de contenido superior en WordPress. La facilidad de gesti\u00f3n con el complemento avanzado de campos personalizados es una bendici\u00f3n para aquellos que buscan una gesti\u00f3n eficiente de sitios web de WordPress.<\/p>\n<p>En<\/p>\n","protected":false},"featured_media":165300,"comment_status":"open","ping_status":"open","template":"","meta":[],"product_brand":[2352],"product_cat":[1214,1206,1211],"product_tag":[1219],"class_list":{"0":"post-123169","1":"product","2":"type-product","3":"status-publish","4":"has-post-thumbnail","6":"product_brand-advanced-custom-fields","7":"product_cat-personalizacion","8":"product_cat-plugins","9":"product_cat-wordpress-plugins","10":"product_tag-advanced-custom-fields","11":"member-discount","12":"discount-restricted","14":"first","15":"instock","16":"sale","17":"downloadable","18":"virtual","19":"sold-individually","20":"purchasable","21":"product-type-simple"},"_links":{"self":[{"href":"https:\/\/gpl-love.com\/es\/wp-json\/wp\/v2\/product\/123169","targetHints":{"allow":["GET"]}}],"collection":[{"href":"https:\/\/gpl-love.com\/es\/wp-json\/wp\/v2\/product"}],"about":[{"href":"https:\/\/gpl-love.com\/es\/wp-json\/wp\/v2\/types\/product"}],"replies":[{"embeddable":true,"href":"https:\/\/gpl-love.com\/es\/wp-json\/wp\/v2\/comments?post=123169"}],"wp:featuredmedia":[{"embeddable":true,"href":"https:\/\/gpl-love.com\/es\/wp-json\/wp\/v2\/media\/165300"}],"wp:attachment":[{"href":"https:\/\/gpl-love.com\/es\/wp-json\/wp\/v2\/media?parent=123169"}],"wp:term":[{"taxonomy":"product_brand","embeddable":true,"href":"https:\/\/gpl-love.com\/es\/wp-json\/wp\/v2\/product_brand?post=123169"},{"taxonomy":"product_cat","embeddable":true,"href":"https:\/\/gpl-love.com\/es\/wp-json\/wp\/v2\/product_cat?post=123169"},{"taxonomy":"product_tag","embeddable":true,"href":"https:\/\/gpl-love.com\/es\/wp-json\/wp\/v2\/product_tag?post=123169"}],"curies":[{"name":"wp","href":"https:\/\/api.w.org\/{rel}","templated":true}]}}