{"id":123168,"date":"2022-02-10T00:00:00","date_gmt":"2022-02-10T05:00:00","guid":{"rendered":"https:\/\/gpl-love.com\/es\/producto\/advanced-custom-fields-options-page-addon\/"},"modified":"2026-03-09T07:16:29","modified_gmt":"2026-03-09T12:16:29","slug":"advanced-custom-fields-options-page-addon","status":"publish","type":"product","link":"https:\/\/gpl-love.com\/es\/producto\/advanced-custom-fields-options-page-addon\/","title":{"rendered":"Advanced Custom Fields Options Page Addon 1.2"},"content":{"rendered":"<h3>Advanced Custom Fields Options Page Addon Caracteristicas<\/h3>\n<p>El complemento de la p\u00e1gina de opciones de campos personalizados avanzados es una herramienta indispensablemente vital que es absolutamente crucial para los desarrolladores de WordPress que necesitan un mayor grado de opciones de flexibilidad y personalizaci\u00f3n. Esta notable herramienta no solo amplifica las capacidades ya formidables del complemento avanzado de campos personalizados, sino que tambi\u00e9n faculta a los usuarios crear y administrar sin esfuerzo campos personalizados. Al integrar sin problemas con cualquier p\u00e1gina de opciones en su sitio de WordPress, este complemento permite a los usuarios ejercer una autoridad completa y personalizar cada aspecto del dise\u00f1o y la funcionalidad de su sitio. Con su interfaz notablemente intuitiva y una extensa variedad de caracter\u00edsticas robustas, el complemento de la p\u00e1gina de opciones de campos personalizados avanzados es, sin duda, una opci\u00f3n excepcional para cualquier persona que busque elevar su competencia en el desarrollo de WordPress.<\/p>\n<ul>\n<li>Agrega un nuevo elemento de men\u00fa al tablero de WordPress para administrar todas las p\u00e1ginas de opciones de ACF en un solo lugar<\/li>\n<li>Capacidad para crear, editar y eliminar f\u00e1cilmente p\u00e1ginas de opciones de ACF sin tocar ning\u00fan c\u00f3digo<\/li>\n<li>Proporciona una interfaz f\u00e1cil de usar para agregar campos, grupos y dise\u00f1os a p\u00e1ginas de opciones<\/li>\n<li>Habilita opciones de personalizaci\u00f3n avanzada, como l\u00f3gica y repetidores condicionales<\/li>\n<li>Hace que sea f\u00e1cil exportar e importar la configuraci\u00f3n de la p\u00e1gina de opciones ACF entre diferentes entornos<\/li>\n<li>Se integra completamente con el complemento avanzado de campos personalizados para una funcionalidad perfecta<\/li>\n<li>Ahorra tiempo y aumenta la productividad al racionalizar el proceso de gesti\u00f3n de p\u00e1ginas de opciones ACF<\/li>\n<li>Perfecto para desarrolladores, dise\u00f1adores y propietarios de sitios que desean tener m\u00e1s control sobre sus sitios de WordPress con campos personalizados avanzados.<\/li>\n<\/ul>\n","protected":false},"excerpt":{"rendered":"<p>El complemento de la p\u00e1gina de opciones de campos personalizados avanzados, una herramienta potente para el complemento avanzado de campos personalizados, atiende los requisitos de los desarrolladores y propietarios de sitios web. Este complemento permite la creaci\u00f3n de una p\u00e1gina de opciones dedicadas para campos personalizados, impulsar la funcionalidad del sitio web y proporcionar un mayor dominio sobre la visualizaci\u00f3n y la gesti\u00f3n de contenido. Con el complemento avanzado de campos personalizados, se facilita la administraci\u00f3n de meta cajas personalizadas y la creaci\u00f3n sin esfuerzo de taxonom\u00edas.<\/p>\n<p>Las caracter\u00edsticas avanzadas del complemento de la p\u00e1gina de opciones de campos personalizados avanzados se consolidan dentro de una sola localidad para facilitar la gesti\u00f3n de funciones. Por lo tanto, ya sea la creaci\u00f3n del sitio web con el complemento avanzado de campos personalizados o la b\u00fasqueda de m\u00e1s control sobre el contenido de uno, este complemento es una adici\u00f3n indispensable a cualquier kit de herramientas de desarrollo web.<\/p>\n","protected":false},"featured_media":165299,"comment_status":"open","ping_status":"open","template":"","meta":[],"product_brand":[2352],"product_cat":[1214,1206,1211],"product_tag":[1219],"class_list":{"0":"post-123168","1":"product","2":"type-product","3":"status-publish","4":"has-post-thumbnail","6":"product_brand-advanced-custom-fields","7":"product_cat-personalizacion","8":"product_cat-plugins","9":"product_cat-wordpress-plugins","10":"product_tag-advanced-custom-fields","11":"member-discount","12":"discount-restricted","14":"first","15":"instock","16":"sale","17":"downloadable","18":"virtual","19":"sold-individually","20":"purchasable","21":"product-type-simple"},"_links":{"self":[{"href":"https:\/\/gpl-love.com\/es\/wp-json\/wp\/v2\/product\/123168","targetHints":{"allow":["GET"]}}],"collection":[{"href":"https:\/\/gpl-love.com\/es\/wp-json\/wp\/v2\/product"}],"about":[{"href":"https:\/\/gpl-love.com\/es\/wp-json\/wp\/v2\/types\/product"}],"replies":[{"embeddable":true,"href":"https:\/\/gpl-love.com\/es\/wp-json\/wp\/v2\/comments?post=123168"}],"wp:featuredmedia":[{"embeddable":true,"href":"https:\/\/gpl-love.com\/es\/wp-json\/wp\/v2\/media\/165299"}],"wp:attachment":[{"href":"https:\/\/gpl-love.com\/es\/wp-json\/wp\/v2\/media?parent=123168"}],"wp:term":[{"taxonomy":"product_brand","embeddable":true,"href":"https:\/\/gpl-love.com\/es\/wp-json\/wp\/v2\/product_brand?post=123168"},{"taxonomy":"product_cat","embeddable":true,"href":"https:\/\/gpl-love.com\/es\/wp-json\/wp\/v2\/product_cat?post=123168"},{"taxonomy":"product_tag","embeddable":true,"href":"https:\/\/gpl-love.com\/es\/wp-json\/wp\/v2\/product_tag?post=123168"}],"curies":[{"name":"wp","href":"https:\/\/api.w.org\/{rel}","templated":true}]}}