{"id":123167,"date":"2022-02-10T00:00:00","date_gmt":"2022-02-10T05:00:00","guid":{"rendered":"https:\/\/gpl-love.com\/es\/producto\/advanced-custom-fields-gallery-field-addon\/"},"modified":"2026-03-09T07:16:27","modified_gmt":"2026-03-09T12:16:27","slug":"advanced-custom-fields-gallery-field-addon","status":"publish","type":"product","link":"https:\/\/gpl-love.com\/es\/producto\/advanced-custom-fields-gallery-field-addon\/","title":{"rendered":"Advanced Custom Fields Gallery Field Addon 1.1.1"},"content":{"rendered":"<h3>Advanced Custom Fields Gallery Field Addon Caracteristicas<\/h3>\n<p>El Advanced Custom Fields Gallery Field Addon sirve como una herramienta indispensable para los desarrolladores de sitios web que tienen como objetivo crear galer\u00edas de im\u00e1genes visualmente cautivadoras visualmente. Al utilizar este complemento, los usuarios est\u00e1n facultados para generar galer\u00edas de im\u00e1genes personalizadas sin esfuerzo, insertar im\u00e1genes sin problemas y adaptar el dise\u00f1o y el dise\u00f1o para alinearse perfectamente con la est\u00e9tica de su sitio web. Adem\u00e1s, el campo de la galer\u00eda proporciona un mecanismo conveniente para administrar im\u00e1genes, simplificando el proceso de agregar o eliminar im\u00e1genes seg\u00fan sea necesario. Al aumentar la funcionalidad del complemento avanzado de campos personalizados, este potente complemento se convierte en un activo esencial para cualquier propietario del sitio web que se esfuerce por la moda en las galer\u00edas visualmente llamativas en su plataforma en l\u00ednea.<\/p>\n<ul>\n<li>Permite a los usuarios crear campos de galer\u00eda personalizados en campos personalizados avanzados<\/li>\n<li>Admite m\u00faltiples cargas de im\u00e1genes para galer\u00edas<\/li>\n<li>Permite a los usuarios personalizar el dise\u00f1o y el estilo de sus galer\u00edas<\/li>\n<li>Se integra a la perfecci\u00f3n con WordPress Media Library para una f\u00e1cil gesti\u00f3n de im\u00e1genes<\/li>\n<li>Compatible con temas y complementos populares de WordPress<\/li>\n<li>Proporciona documentaci\u00f3n detallada y soporte para la implementaci\u00f3n y soluci\u00f3n de problemas<\/li>\n<li>Ahorra tiempo y esfuerzo simplificando el proceso de creaci\u00f3n y gesti\u00f3n de galer\u00edas en un sitio de WordPress.<\/li>\n<\/ul>\n","protected":false},"excerpt":{"rendered":"<p>El Advanced Custom Fields Gallery Field Addon es una herramienta robusta para galer\u00edas de im\u00e1genes, dise\u00f1ada para permitir a los usuarios generar galer\u00edas de im\u00e1genes visualmente cautivadoras sin esfuerzo en sus sitios web. Este poderoso complemento le permite integrar galer\u00edas de im\u00e1genes en las publicaciones, p\u00e1ginas o tipos de publicaciones personalizados de su sitio web utilizando una interfaz incre\u00edblemente flexible y f\u00e1cil de usar.<\/p>\n<p>Con soporte para m\u00faltiples cargas de im\u00e1genes, puede llenar convenientemente sus galer\u00edas e incluso reordenar im\u00e1genes sin esfuerzo para adaptarse a sus preferencias. Los tiempos de carga r\u00e1pidos para las galer\u00edas de im\u00e1genes aseguran que sus visitantes tengan una experiencia de navegaci\u00f3n perfecta.<\/p>\n<p>Adem\u00e1s, el complemento viene con tama\u00f1os de imagen personalizables, lo que le brinda control total sobre c\u00f3mo aparecen sus im\u00e1genes. La funci\u00f3n de cambio de tama\u00f1o de imagen receptiva garantiza que sus galer\u00edas se vean muy bien en cualquier dispositivo, mientras que el soporte integral para las herramientas de edici\u00f3n de im\u00e1genes de WordPress le permite refinar sus im\u00e1genes a la perfecci\u00f3n.<\/p>\n<p>Ya sea que est\u00e9 construyendo una cartera con campos personalizados avanzados, estableciendo una galer\u00eda de im\u00e1genes o simplemente integrando im\u00e1genes en su blog, el complemento de campo de la galer\u00eda de campos avanzado avanzado es una herramienta indispensable. Te faculta fabricar<\/p>\n","protected":false},"featured_media":165297,"comment_status":"open","ping_status":"open","template":"","meta":[],"product_brand":[2352],"product_cat":[1214,1206,1211],"product_tag":[1219],"class_list":{"0":"post-123167","1":"product","2":"type-product","3":"status-publish","4":"has-post-thumbnail","6":"product_brand-advanced-custom-fields","7":"product_cat-personalizacion","8":"product_cat-plugins","9":"product_cat-wordpress-plugins","10":"product_tag-advanced-custom-fields","11":"member-discount","12":"discount-restricted","14":"first","15":"instock","16":"sale","17":"downloadable","18":"virtual","19":"sold-individually","20":"purchasable","21":"product-type-simple"},"_links":{"self":[{"href":"https:\/\/gpl-love.com\/es\/wp-json\/wp\/v2\/product\/123167","targetHints":{"allow":["GET"]}}],"collection":[{"href":"https:\/\/gpl-love.com\/es\/wp-json\/wp\/v2\/product"}],"about":[{"href":"https:\/\/gpl-love.com\/es\/wp-json\/wp\/v2\/types\/product"}],"replies":[{"embeddable":true,"href":"https:\/\/gpl-love.com\/es\/wp-json\/wp\/v2\/comments?post=123167"}],"wp:featuredmedia":[{"embeddable":true,"href":"https:\/\/gpl-love.com\/es\/wp-json\/wp\/v2\/media\/165297"}],"wp:attachment":[{"href":"https:\/\/gpl-love.com\/es\/wp-json\/wp\/v2\/media?parent=123167"}],"wp:term":[{"taxonomy":"product_brand","embeddable":true,"href":"https:\/\/gpl-love.com\/es\/wp-json\/wp\/v2\/product_brand?post=123167"},{"taxonomy":"product_cat","embeddable":true,"href":"https:\/\/gpl-love.com\/es\/wp-json\/wp\/v2\/product_cat?post=123167"},{"taxonomy":"product_tag","embeddable":true,"href":"https:\/\/gpl-love.com\/es\/wp-json\/wp\/v2\/product_tag?post=123167"}],"curies":[{"name":"wp","href":"https:\/\/api.w.org\/{rel}","templated":true}]}}