{"id":123166,"date":"2022-02-10T00:00:00","date_gmt":"2022-02-10T05:00:00","guid":{"rendered":"https:\/\/gpl-love.com\/es\/producto\/advanced-custom-fields-flexible-content-addon\/"},"modified":"2026-03-09T07:16:25","modified_gmt":"2026-03-09T12:16:25","slug":"advanced-custom-fields-flexible-content-addon","status":"publish","type":"product","link":"https:\/\/gpl-love.com\/es\/producto\/advanced-custom-fields-flexible-content-addon\/","title":{"rendered":"Advanced Custom Fields Flexible Content Addon 1.1.0"},"content":{"rendered":"<h3>Advanced Custom Fields Flexible Content Addon Caracteristicas<\/h3>\n<p>El complemento de contenido flexible de los campos personalizados avanzados, una herramienta robusta, posee la capacidad de capacitar a los usuarios en su creaci\u00f3n de campos personalizados, integr\u00e1ndolos posteriormente en sus sitios web de WordPress. Al emplear este complemento indispensable, las empresas pueden desarrollar dise\u00f1os distintivos y din\u00e1micos que se adaptan espec\u00edficamente a su marca y los requisitos de su clientela. Este complemento proporciona a los usuarios la capacidad perfecta para incorporar una variedad de tipos de contenido diversos, abarcando, pero no se limita a im\u00e1genes, videos y texto. La flexibilidad inigualable ofrecida por este complemento lo convierte en un activo invaluable para las empresas en busca de adaptar una experiencia a medida para su p\u00fablico objetivo. Adem\u00e1s, el complemento de contenido flexible de los campos personalizados avanzados se presenta como f\u00e1cil de usar y se integra sin problemas con varios complementos y caracter\u00edsticas, amplificando as\u00ed la funcionalidad general de cualquier sitio web determinado. Para resumir, el complemento de contenido flexible de los campos personalizados avanzados emerge como una herramienta indispensable, preparada para empoderar a las empresas que buscan elaborar un sitio web que sea din\u00e1mico y adaptado exclusivamente a sus necesidades espec\u00edficas.<\/p>\n<ul>\n<li>Proporciona una soluci\u00f3n poderosa para crear dise\u00f1os de contenido flexibles y din\u00e1micos en su sitio web<\/li>\n<li>Compatible con campos personalizados avanzados, el complemento l\u00edder de WordPress para la gesti\u00f3n de campos personalizados<\/li>\n<li>Ofrece una interfaz de arrastrar y soltar para construir estructuras de contenido complejas, sin requeridos las habilidades de codificaci\u00f3n<\/li>\n<li>Le permite crear dise\u00f1os repetibles, grupales o basados \u200b\u200ben pesta\u00f1as, y agregar o eliminar f\u00e1cilmente los campos seg\u00fan sea necesario<\/li>\n<li>Proporciona una variedad de tipos de campo, que incluyen texto, imagen, galer\u00eda, video, cotizaci\u00f3n y m\u00e1s, para enriquecer su contenido.<\/li>\n<li>Le permite crear una l\u00f3gica condicional para campos y grupos, y establecer reglas para mostrarlas u ocultarlas en funci\u00f3n de la entrada del usuario u otras variables<\/li>\n<li>Incluye configuraciones de estilo para cada campo, lo que le permite personalizar el aspecto de sus bloques de contenido<\/li>\n<li>Se integra con otros complementos populares como WooCommerce, Formularios de gravedad, Formulario de contacto 7 y m\u00e1s, para una funcionalidad mejorada<\/li>\n<li>Ofrece una amplia documentaci\u00f3n y soporte, que incluye una base de conocimiento f\u00e1cil de usar, un foro comunitario y un sistema de boletos.<\/li>\n<\/ul>\n","protected":false},"excerpt":{"rendered":"<p>El complemento de contenido flexible de los campos personalizados avanzados es una herramienta vers\u00e1til para mejorar el sitio web. Ha sido cuidadosamente dise\u00f1ado para optimizar la funcionalidad del sitio web y proporcionarle la capacidad de crear dise\u00f1os de contenido din\u00e1mico. Esta herramienta es excepcional en su provisi\u00f3n de dise\u00f1os de contenido a medida para WordPress, lo que le permite personalizar su sitio seg\u00fan sus requisitos \u00fanicos.<\/p>\n<p>Generar campos a medida para publicaciones y p\u00e1ginas de WordPress es muy f\u00e1cil con este complemento. Le brinda la libertad de incluir una amplia variedad de tipos de contenido, desde texto sin formato hasta im\u00e1genes y videos atractivos. Se trata de incorporar tipos de contenido extensos para crear un sitio cautivador y visualmente atractivo.<\/p>\n<p>La integraci\u00f3n del sitio web con el complemento avanzado de campos personalizados conduce a un dise\u00f1o de sitio web eficiente con el complemento de contenido flexible. Tiene el poder de capturar y cautivar a su p\u00fablico objetivo. El atractivo visual con avanzados campos personalizados es innegable, lo que hace que su sitio web se destaque entre la multitud.<\/p>\n<p>Si est\u00e1 interesado en elevar la calidad de su sitio web con campos personalizados avanzados, este complemento es la soluci\u00f3n perfecta para la optimizaci\u00f3n del sitio web.<\/p>\n","protected":false},"featured_media":165295,"comment_status":"open","ping_status":"open","template":"","meta":[],"product_brand":[2352],"product_cat":[1214,1206,1211],"product_tag":[1219],"class_list":{"0":"post-123166","1":"product","2":"type-product","3":"status-publish","4":"has-post-thumbnail","6":"product_brand-advanced-custom-fields","7":"product_cat-personalizacion","8":"product_cat-plugins","9":"product_cat-wordpress-plugins","10":"product_tag-advanced-custom-fields","11":"member-discount","12":"discount-restricted","14":"first","15":"instock","16":"sale","17":"downloadable","18":"virtual","19":"sold-individually","20":"purchasable","21":"product-type-simple"},"_links":{"self":[{"href":"https:\/\/gpl-love.com\/es\/wp-json\/wp\/v2\/product\/123166","targetHints":{"allow":["GET"]}}],"collection":[{"href":"https:\/\/gpl-love.com\/es\/wp-json\/wp\/v2\/product"}],"about":[{"href":"https:\/\/gpl-love.com\/es\/wp-json\/wp\/v2\/types\/product"}],"replies":[{"embeddable":true,"href":"https:\/\/gpl-love.com\/es\/wp-json\/wp\/v2\/comments?post=123166"}],"wp:featuredmedia":[{"embeddable":true,"href":"https:\/\/gpl-love.com\/es\/wp-json\/wp\/v2\/media\/165295"}],"wp:attachment":[{"href":"https:\/\/gpl-love.com\/es\/wp-json\/wp\/v2\/media?parent=123166"}],"wp:term":[{"taxonomy":"product_brand","embeddable":true,"href":"https:\/\/gpl-love.com\/es\/wp-json\/wp\/v2\/product_brand?post=123166"},{"taxonomy":"product_cat","embeddable":true,"href":"https:\/\/gpl-love.com\/es\/wp-json\/wp\/v2\/product_cat?post=123166"},{"taxonomy":"product_tag","embeddable":true,"href":"https:\/\/gpl-love.com\/es\/wp-json\/wp\/v2\/product_tag?post=123166"}],"curies":[{"name":"wp","href":"https:\/\/api.w.org\/{rel}","templated":true}]}}