{"id":123140,"date":"2025-10-23T00:00:00","date_gmt":"2025-10-23T05:00:00","guid":{"rendered":"https:\/\/gpl-love.com\/es\/producto\/wpforms-zapier\/"},"modified":"2026-03-09T08:31:30","modified_gmt":"2026-03-09T13:31:30","slug":"wpforms-zapier","status":"publish","type":"product","link":"https:\/\/gpl-love.com\/es\/producto\/wpforms-zapier\/","title":{"rendered":"WPForms Zapier 1.8.0"},"content":{"rendered":"<h3>WPForms Zapier Caracteristicas<\/h3>\n<p>WPForms Zapier es una herramienta de integraci\u00f3n incre\u00edblemente robusta que ofrece una amplia gama de capacidades, lo que le permite vincular sin esfuerzo sus env\u00edos de formulario WPFORMS con m\u00e1s de 2,000 aplicaciones web diferentes. Al aprovechar el poder de WPFORMS ZAPIER, puede automatizar y optimizar perfectamente todos sus flujos de trabajo, racionalizando efectivamente sus procesos generales y, en \u00faltima instancia, ahorr\u00e1ndose una cantidad invaluable de tiempo y esfuerzo. Independientemente de si est\u00e1 buscando integrarse con plataformas de marketing por correo electr\u00f3nico altamente populares y ampliamente utilizadas, herramientas de gesti\u00f3n de proyectos de vanguardia o sistemas CRM de \u00faltima generaci\u00f3n, WPForms Zapier est\u00e1 inequ\u00edvocamente equipado para satisfacer todas sus necesidades y requisitos. . Adem\u00e1s, la facilidad con la que puede configurar esta extraordinaria herramienta junto con su interfaz intuitivamente dise\u00f1ada asegura que puede comenzar de manera expedente y eficiente la automatizaci\u00f3n de sus env\u00edos WPFORMS con solo unos pocos clics. Por lo tanto, si est\u00e1 anhelando mejorar sus niveles de productividad y impulsar su negocio a alturas sin precedentes, que se sepa que WPForms Zapier es inequ\u00edvocamente la herramienta final que ha estado buscando fervientemente.<\/p>\n<ul>\n<li>WPForms Zapier conecta a la perfecci\u00f3n su cuenta WPForms con m\u00e1s de 2,000 aplicaciones.<\/li>\n<li>Esta integraci\u00f3n le permite automatizar tareas repetitivas y optimizar su flujo de trabajo.<\/li>\n<li>Cree f\u00e1cilmente flujos de trabajo personalizados que activen acciones espec\u00edficas cuando se env\u00eda un formulario en WPFORMS.<\/li>\n<li>Env\u00ede los datos del formulario a las hojas de Google, cree clientes potenciales Zoho CRM o incluso env\u00ede mensajes de holgura personalizados cuando se env\u00ede un formulario.<\/li>\n<li>Ahorre tiempo y reduzca los errores con la transferencia de datos automatizada entre WPForms y sus otras aplicaciones comerciales.<\/li>\n<li>No se requiere codificaci\u00f3n: configurar la integraci\u00f3n es r\u00e1pida y f\u00e1cil de usar.<\/li>\n<li>WPForms Zapier es una herramienta poderosa para empresas de todos los tama\u00f1os que buscan mejorar su automatizaci\u00f3n y productividad.<\/li>\n<\/ul>\n","protected":false},"excerpt":{"rendered":"<p>Al hacer uso de Zapier, WPForms puede integrarse sin problemas con un n\u00famero asombroso de m\u00e1s de 2.000 aplicaciones y servicios diversos. Esta notable caracter\u00edstica le permite ahorrar tiempo y mejorar eficientemente la suavidad de su flujo de trabajo mediante la automatizaci\u00f3n del proceso de env\u00edo de sus formularios utilizando esta herramienta f\u00e1cil de usar. Con WPForms Zapier a su disposici\u00f3n, establecer conexiones entre sus formularios y sus herramientas preferidas, como Google Sheets, Salesforce, MailChimp y muchas otras, es una brisa absoluta. No pierda tiempo y se embarque en su viaje con WPForms Zapier de inmediato, \u00a1garantizando que nunca se pierda ning\u00fan detalle crucial!<\/p>\n","protected":false},"featured_media":168519,"comment_status":"open","ping_status":"open","template":"","meta":[],"product_brand":[2628],"product_cat":[1214,1206,1211],"product_tag":[1440],"class_list":{"0":"post-123140","1":"product","2":"type-product","3":"status-publish","4":"has-post-thumbnail","6":"product_brand-wp-forms","7":"product_cat-personalizacion","8":"product_cat-plugins","9":"product_cat-wordpress-plugins","10":"product_tag-wp-forms","11":"member-discount","12":"discount-restricted","14":"first","15":"instock","16":"sale","17":"downloadable","18":"virtual","19":"sold-individually","20":"purchasable","21":"product-type-simple"},"_links":{"self":[{"href":"https:\/\/gpl-love.com\/es\/wp-json\/wp\/v2\/product\/123140","targetHints":{"allow":["GET"]}}],"collection":[{"href":"https:\/\/gpl-love.com\/es\/wp-json\/wp\/v2\/product"}],"about":[{"href":"https:\/\/gpl-love.com\/es\/wp-json\/wp\/v2\/types\/product"}],"replies":[{"embeddable":true,"href":"https:\/\/gpl-love.com\/es\/wp-json\/wp\/v2\/comments?post=123140"}],"wp:featuredmedia":[{"embeddable":true,"href":"https:\/\/gpl-love.com\/es\/wp-json\/wp\/v2\/media\/168519"}],"wp:attachment":[{"href":"https:\/\/gpl-love.com\/es\/wp-json\/wp\/v2\/media?parent=123140"}],"wp:term":[{"taxonomy":"product_brand","embeddable":true,"href":"https:\/\/gpl-love.com\/es\/wp-json\/wp\/v2\/product_brand?post=123140"},{"taxonomy":"product_cat","embeddable":true,"href":"https:\/\/gpl-love.com\/es\/wp-json\/wp\/v2\/product_cat?post=123140"},{"taxonomy":"product_tag","embeddable":true,"href":"https:\/\/gpl-love.com\/es\/wp-json\/wp\/v2\/product_tag?post=123140"}],"curies":[{"name":"wp","href":"https:\/\/api.w.org\/{rel}","templated":true}]}}