{"id":123138,"date":"2025-11-14T00:00:00","date_gmt":"2025-11-14T05:00:00","guid":{"rendered":"https:\/\/gpl-love.com\/es\/producto\/wpforms-surveys-y-polls\/"},"modified":"2026-03-09T08:31:25","modified_gmt":"2026-03-09T13:31:25","slug":"wpforms-surveys-y-polls","status":"publish","type":"product","link":"https:\/\/gpl-love.com\/es\/producto\/wpforms-surveys-y-polls\/","title":{"rendered":"WPForms Surveys y Polls 1.16.0"},"content":{"rendered":"<h3>WPForms Surveys y Polls Caracteristicas<\/h3>\n<p>Las encuestas y encuestas de WPFORMS es una herramienta muy robusta y eficiente que ha sido meticulosamente dise\u00f1ada para ayudar a las empresas en la creaci\u00f3n y ejecuci\u00f3n de encuestas y encuestas de manera perfecta. Al emplear una interfaz de arrastre y ca\u00edda extremadamente f\u00e1cil de usar, las personas est\u00e1n facultadas para elaborar formas, encuestas y encuestas personalizadas, lo que les permite acumular cantidades significativas de datos vitales, comentarios y opiniones de una variedad de fuentes, incluida su estimada clientela , empleados dedicados, o incluso sus estimados visitantes del sitio web. Esta herramienta extraordinaria cuenta con una impresionante variedad de caracter\u00edsticas, que incluye, entre otros, una extensa gama de plantillas preconstruidas, la incorporaci\u00f3n de la l\u00f3gica condicional, la provisi\u00f3n de an\u00e1lisis avanzados y funcionalidades de informes, as\u00ed como una integraci\u00f3n sin interrupciones con el popular marketing de correo electr\u00f3nico. y herramientas de gesti\u00f3n de relaciones con el cliente (CRM). Las encuestas y encuestas de WPForms es el ep\u00edtome de la perfecci\u00f3n para las empresas que est\u00e1n interesadas en aumentar los esfuerzos de participaci\u00f3n de sus clientes, recopilar ideas invaluables y tomar decisiones bien informadas basadas en datos irrefutables. Sin lugar a dudas, con la ayuda de encuestas y encuestas de WPFORMS, las empresas podr\u00e1n generar encuestas y encuestas de manera r\u00e1pida y sin esfuerzo, lo que les permitir\u00e1 obtener la informaci\u00f3n indispensable que se requiere para su crecimiento general y su prosperidad posterior.<\/p>\n<ul>\n<li>Cree encuestas y encuestas hermosas y atractivas con un constructor de arrastre y salpicaduras f\u00e1ciles de usar<\/li>\n<li>Personalice sus encuestas y encuestas con varios tipos de preguntas, temas y opciones de estilo<\/li>\n<li>Recopilar y analizar respuestas en tiempo real, con informes detallados y an\u00e1lisis<\/li>\n<li>Llegue a un p\u00fablico m\u00e1s amplio integrando encuestas y encuestas en su sitio web, blog o redes sociales<\/li>\n<li>Agilice su flujo de trabajo con opciones de automatizaci\u00f3n e integraci\u00f3n, incluidas notificaciones por correo electr\u00f3nico, Zapier y m\u00e1s<\/li>\n<li>Aumentar la participaci\u00f3n del usuario y las conversiones mediante el uso de encuestas y encuestas para recopilar comentarios, mejorar la experiencia del cliente y aumentar las ventas<\/li>\n<\/ul>\n","protected":false},"excerpt":{"rendered":"<p>Las encuestas y encuestas de WPFORMS es una herramienta incre\u00edblemente robusta y efectiva que le otorga la capacidad de generar y realizar encuestas y encuestas sin esfuerzo directamente en su sitio web. En virtud de su interfaz notablemente f\u00e1cil de usar, puede moda y adaptar r\u00e1pidamente las encuestas y encuestas que se alinean perfectamente con sus requisitos distintos e individuales. Esta herramienta invaluable le presenta un sistema de informes altamente sofisticado que muestra con expertos resultados de una manera integral y sin esfuerzo comprensible. Adem\u00e1s, tiene la invaluable oportunidad de obtener una visi\u00f3n profunda de su p\u00fablico objetivo, obteniendo as\u00ed una comprensi\u00f3n m\u00e1s profunda de sus preferencias y, posteriormente, tomando decisiones juiciosas que se basan firmemente en los datos, por lo tanto, mejoran y aumentan significativamente su negocio. En consecuencia, no hay tiempo como el presente para comprometerse activamente con su audiencia a trav\u00e9s de la implementaci\u00f3n de la herramienta WPForms Sucuries and Polls.<\/p>\n","protected":false},"featured_media":168516,"comment_status":"open","ping_status":"open","template":"","meta":[],"product_brand":[2628],"product_cat":[1216,1206,1211],"product_tag":[1440],"class_list":{"0":"post-123138","1":"product","2":"type-product","3":"status-publish","4":"has-post-thumbnail","6":"product_brand-wp-forms","7":"product_cat-formas","8":"product_cat-plugins","9":"product_cat-wordpress-plugins","10":"product_tag-wp-forms","11":"member-discount","12":"discount-restricted","14":"first","15":"instock","16":"sale","17":"downloadable","18":"virtual","19":"sold-individually","20":"purchasable","21":"product-type-simple"},"_links":{"self":[{"href":"https:\/\/gpl-love.com\/es\/wp-json\/wp\/v2\/product\/123138","targetHints":{"allow":["GET"]}}],"collection":[{"href":"https:\/\/gpl-love.com\/es\/wp-json\/wp\/v2\/product"}],"about":[{"href":"https:\/\/gpl-love.com\/es\/wp-json\/wp\/v2\/types\/product"}],"replies":[{"embeddable":true,"href":"https:\/\/gpl-love.com\/es\/wp-json\/wp\/v2\/comments?post=123138"}],"wp:featuredmedia":[{"embeddable":true,"href":"https:\/\/gpl-love.com\/es\/wp-json\/wp\/v2\/media\/168516"}],"wp:attachment":[{"href":"https:\/\/gpl-love.com\/es\/wp-json\/wp\/v2\/media?parent=123138"}],"wp:term":[{"taxonomy":"product_brand","embeddable":true,"href":"https:\/\/gpl-love.com\/es\/wp-json\/wp\/v2\/product_brand?post=123138"},{"taxonomy":"product_cat","embeddable":true,"href":"https:\/\/gpl-love.com\/es\/wp-json\/wp\/v2\/product_cat?post=123138"},{"taxonomy":"product_tag","embeddable":true,"href":"https:\/\/gpl-love.com\/es\/wp-json\/wp\/v2\/product_tag?post=123138"}],"curies":[{"name":"wp","href":"https:\/\/api.w.org\/{rel}","templated":true}]}}