{"id":123136,"date":"2025-04-28T00:00:00","date_gmt":"2025-04-28T05:00:00","guid":{"rendered":"https:\/\/gpl-love.com\/es\/producto\/wpforms-stripe\/"},"modified":"2026-03-09T08:31:23","modified_gmt":"2026-03-09T13:31:23","slug":"wpforms-stripe","status":"publish","type":"product","link":"https:\/\/gpl-love.com\/es\/producto\/wpforms-stripe\/","title":{"rendered":"WPForms Stripe 3.5.0"},"content":{"rendered":"<h3>WPForms Stripe Caracteristicas<\/h3>\n<p>WPFORMS Stripe, una s\u00f3lida herramienta de integraci\u00f3n de pagos, ha sido dise\u00f1ada espec\u00edficamente para simplificar y optimizar el proceso de realizar transacciones en l\u00ednea. A la medida de las empresas y las personas, este producto excepcional se integra sin esfuerzo con el complemento WPFORMS para establecer una pasarela de pago segura y confiable. Los usuarios de WPForms Stripe disfrutan de la conveniencia de aceptar los pagos sin esfuerzo, administrar efectivamente suscripciones y personalizar sus formularios de pago para alinearse con sus requisitos individualizados. Adem\u00e1s de estos beneficios fundamentales, esta notable herramienta tambi\u00e9n cuenta con funcionalidades avanzadas como la protecci\u00f3n de fraude, la capacidad de personalizar los campos de pago y el soporte para pagos recurrentes. Independientemente de si usted es propietario de una peque\u00f1a empresa o una gran corporaci\u00f3n, WPFORMS Stripe se destaca como la herramienta de integraci\u00f3n de pagos por excelencia que elimina efectivamente las complejidades t\u00edpicamente asociadas con las transacciones en l\u00ednea.<\/p>\n<ul>\n<li>Integre sin esfuerzo el procesamiento de pagos de rayas en WPFORMS<\/li>\n<li>Acepte los pagos de los clientes de manera conveniente y segura<\/li>\n<li>Disfrute de una experiencia de pago sin problemas para sus clientes<\/li>\n<li>Configurar pagos \u00fanicos o recurrentes f\u00e1cilmente<\/li>\n<li>Monitorear las transacciones y los ingresos directamente desde su cuenta WPFORMS<\/li>\n<li>Personalice los formularios de pago para adaptarse a su marca con campos y temas f\u00e1ciles de usar<\/li>\n<li>Simplificar los procesos de facturaci\u00f3n y mejorar las tasas de conversi\u00f3n<\/li>\n<li>Generar confianza con los clientes con protocolos de seguridad l\u00edderes en la industria en su lugar<\/li>\n<li>Mantenerse competitivo en una econom\u00eda digital de ritmo r\u00e1pido con una soluci\u00f3n de pago simplificada<\/li>\n<li>Acceso a soporte y recursos 24\/7 para optimizar su flujo de trabajo de pago.<\/li>\n<\/ul>\n","protected":false},"excerpt":{"rendered":"<p>WPForms Stripe es un complemento robusto y altamente seguro que mejora las capacidades de procesamiento de pagos de los usuarios al facilitar la integraci\u00f3n perfecta de las opciones de pago de Stripe dentro de sus formularios de WordPress. Al aprovechar el poder de WPForms Stripe, los usuarios est\u00e1n facultados para reunir sin esfuerzo pagos, donaciones y suscripciones al tiempo que garantizan la mayor seguridad y eficiencia. El complemento ofrece una flexibilidad incomparable a trav\u00e9s de sus opciones integrales de personalizaci\u00f3n, lo que permite a los usuarios adaptar su proceso de recolecci\u00f3n de pagos de acuerdo con sus requisitos \u00fanicos. Adem\u00e1s, WPFORMS Stripe cuenta con funciones de pago avanzadas que incluyen pagos de suscripci\u00f3n, captura de pagos y correos electr\u00f3nicos de confirmaci\u00f3n de pagos, aumentando as\u00ed la experiencia general de procesamiento de pagos. Adem\u00e1s de simplificar el panorama de procesamiento de pagos, WPForms Stripe tambi\u00e9n equipa a los usuarios con informaci\u00f3n invaluable sobre sus datos de pago, lo que les permite tomar decisiones informadas y optimizar sus operaciones financieras. Independientemente del tama\u00f1o de la organizaci\u00f3n, ya sea una peque\u00f1a empresa o una gran empresa, WPFORMS Stripe emerge como una herramienta indispensable que faculta a las organizaciones a racionalizar y acelerar su proceso de recolecci\u00f3n de pagos.<\/p>\n","protected":false},"featured_media":168515,"comment_status":"open","ping_status":"open","template":"","meta":[],"product_brand":[2628],"product_cat":[1278,1206,1211],"product_tag":[1440],"class_list":{"0":"post-123136","1":"product","2":"type-product","3":"status-publish","4":"has-post-thumbnail","6":"product_brand-wp-forms","7":"product_cat-pago","8":"product_cat-plugins","9":"product_cat-wordpress-plugins","10":"product_tag-wp-forms","11":"member-discount","12":"discount-restricted","14":"first","15":"instock","16":"sale","17":"downloadable","18":"virtual","19":"sold-individually","20":"purchasable","21":"product-type-simple"},"_links":{"self":[{"href":"https:\/\/gpl-love.com\/es\/wp-json\/wp\/v2\/product\/123136","targetHints":{"allow":["GET"]}}],"collection":[{"href":"https:\/\/gpl-love.com\/es\/wp-json\/wp\/v2\/product"}],"about":[{"href":"https:\/\/gpl-love.com\/es\/wp-json\/wp\/v2\/types\/product"}],"replies":[{"embeddable":true,"href":"https:\/\/gpl-love.com\/es\/wp-json\/wp\/v2\/comments?post=123136"}],"wp:featuredmedia":[{"embeddable":true,"href":"https:\/\/gpl-love.com\/es\/wp-json\/wp\/v2\/media\/168515"}],"wp:attachment":[{"href":"https:\/\/gpl-love.com\/es\/wp-json\/wp\/v2\/media?parent=123136"}],"wp:term":[{"taxonomy":"product_brand","embeddable":true,"href":"https:\/\/gpl-love.com\/es\/wp-json\/wp\/v2\/product_brand?post=123136"},{"taxonomy":"product_cat","embeddable":true,"href":"https:\/\/gpl-love.com\/es\/wp-json\/wp\/v2\/product_cat?post=123136"},{"taxonomy":"product_tag","embeddable":true,"href":"https:\/\/gpl-love.com\/es\/wp-json\/wp\/v2\/product_tag?post=123136"}],"curies":[{"name":"wp","href":"https:\/\/api.w.org\/{rel}","templated":true}]}}