{"id":123134,"date":"2025-09-16T00:00:00","date_gmt":"2025-09-16T05:00:00","guid":{"rendered":"https:\/\/gpl-love.com\/es\/producto\/wpforms-signatures\/"},"modified":"2026-03-09T08:31:21","modified_gmt":"2026-03-09T13:31:21","slug":"wpforms-signatures","status":"publish","type":"product","link":"https:\/\/gpl-love.com\/es\/producto\/wpforms-signatures\/","title":{"rendered":"WPForms Signatures 1.13.0"},"content":{"rendered":"<h3>WPForms Signatures Caracteristicas<\/h3>\n<p>Las firmas de WPForms, un complemento impresionante para WPFORMS, otorga a los usuarios la capacidad de incorporar sin esfuerzo campos de firma en sus formas digitales. La presencia de esta caracter\u00edstica permite a los usuarios obtener firmas escritas a mano directamente de los visitantes de su sitio web, lo que lo convierte en una soluci\u00f3n impecable para las necesidades de firma en l\u00ednea que abarcan contratos, acuerdos y recortes de permisos. Las firmas de WPFORMS complementan a\u00fan m\u00e1s esta funcionalidad al ofrecer una experiencia perfecta y centrada en el usuario, facilitando las firmas de los visitantes a trav\u00e9s de la utilizaci\u00f3n de un mouse o un dispositivo con pantalla t\u00e1ctil. Adem\u00e1s, los usuarios poseen la capacidad de adaptar el campo de la firma para alinearse con sus componentes de marca al tiempo que incorporan tambi\u00e9n reglas de validaci\u00f3n para garantizar la precisi\u00f3n de la firma renderizada. Las firmas de WPForms optimizan efectivamente el proceso de firma en l\u00ednea para los usuarios, eliminando complicaciones innecesarias y simplificando la tarea de adquirir firmantes desde cualquier ubicaci\u00f3n global.<\/p>\n<ul>\n<li>Permite a los usuarios agregar campos de firma a los formularios WPForms<\/li>\n<li>Captura firmas electr\u00f3nicamente y las guarda como archivos de imagen<\/li>\n<li>Interfaz de arrastrar y soltar f\u00e1cil de usar para agregar campos de firma a los formularios<\/li>\n<li>Compatible con servicios populares de marketing por correo electr\u00f3nico como MailChimp y Aweber<\/li>\n<li>Ofrece m\u00faltiples estilos de campo de firma para elegir para la personalizaci\u00f3n<\/li>\n<li>Proporciona una experiencia de firma suave y f\u00e1cil de usar para usuarios de formularios<\/li>\n<li>Asegura el cumplimiento legal al registrar autom\u00e1ticamente las sellos de fecha y hora para las firmas<\/li>\n<li>Ofrece opciones avanzadas para la validaci\u00f3n y verificaci\u00f3n de la firma<\/li>\n<li>Proporciona informes y an\u00e1lisis detallados sobre datos de firma para fines de seguimiento y an\u00e1lisis<\/li>\n<li>Se integra a la perfecci\u00f3n con otros complementos WPForms, como el procesamiento de pagos y las cargas de archivos.<\/li>\n<\/ul>\n","protected":false},"excerpt":{"rendered":"<p>El complemento de firmas WPForms para WPFORMS es una herramienta excepcionalmente robusta que ofrece la capacidad de capturar sin esfuerzo firmas digitales directamente en su sitio web. Atr\u00e1s quedaron los d\u00edas de papeleo tedioso y retrasos innecesarios, ya que las firmas de WPFORMS revolucionan el proceso al permitirle firmar documentos, contratos y acuerdos en l\u00ednea con la mayor facilidad y conveniencia. Este notable complemento cuenta con una interfaz f\u00e1cil de usar y una capacidad de respuesta m\u00f3vil perfecta, asegurando que pueda obtener sin esfuerzo firmas en cualquier dispositivo o navegador. Adem\u00e1s, WPForms Signaturs ofrece un nivel excepcional de personalizaci\u00f3n, lo que le permite personalizar sus campos y documentos de firma con sus propios elementos de marca \u00fanicos y logotipo de la empresa. Eleve su experiencia WPFORMS a nuevas alturas adoptando el poder y la versatilidad de las firmas WPFORMS sin demora.<\/p>\n","protected":false},"featured_media":168513,"comment_status":"open","ping_status":"open","template":"","meta":[],"product_brand":[2628],"product_cat":[1216,1206,1211],"product_tag":[1440],"class_list":{"0":"post-123134","1":"product","2":"type-product","3":"status-publish","4":"has-post-thumbnail","6":"product_brand-wp-forms","7":"product_cat-formas","8":"product_cat-plugins","9":"product_cat-wordpress-plugins","10":"product_tag-wp-forms","11":"member-discount","12":"discount-restricted","14":"first","15":"instock","16":"sale","17":"downloadable","18":"virtual","19":"sold-individually","20":"purchasable","21":"product-type-simple"},"_links":{"self":[{"href":"https:\/\/gpl-love.com\/es\/wp-json\/wp\/v2\/product\/123134","targetHints":{"allow":["GET"]}}],"collection":[{"href":"https:\/\/gpl-love.com\/es\/wp-json\/wp\/v2\/product"}],"about":[{"href":"https:\/\/gpl-love.com\/es\/wp-json\/wp\/v2\/types\/product"}],"replies":[{"embeddable":true,"href":"https:\/\/gpl-love.com\/es\/wp-json\/wp\/v2\/comments?post=123134"}],"wp:featuredmedia":[{"embeddable":true,"href":"https:\/\/gpl-love.com\/es\/wp-json\/wp\/v2\/media\/168513"}],"wp:attachment":[{"href":"https:\/\/gpl-love.com\/es\/wp-json\/wp\/v2\/media?parent=123134"}],"wp:term":[{"taxonomy":"product_brand","embeddable":true,"href":"https:\/\/gpl-love.com\/es\/wp-json\/wp\/v2\/product_brand?post=123134"},{"taxonomy":"product_cat","embeddable":true,"href":"https:\/\/gpl-love.com\/es\/wp-json\/wp\/v2\/product_cat?post=123134"},{"taxonomy":"product_tag","embeddable":true,"href":"https:\/\/gpl-love.com\/es\/wp-json\/wp\/v2\/product_tag?post=123134"}],"curies":[{"name":"wp","href":"https:\/\/api.w.org\/{rel}","templated":true}]}}