{"id":123132,"date":"2025-03-27T00:00:00","date_gmt":"2025-03-27T05:00:00","guid":{"rendered":"https:\/\/gpl-love.com\/es\/producto\/wpforms-post-submissions\/"},"modified":"2026-03-09T08:31:14","modified_gmt":"2026-03-09T13:31:14","slug":"wpforms-post-submissions","status":"publish","type":"product","link":"https:\/\/gpl-love.com\/es\/producto\/wpforms-post-submissions\/","title":{"rendered":"WPForms Post Submissions 1.8.0"},"content":{"rendered":"<h3>WPForms Post Submissions Caracteristicas<\/h3>\n<p>WPFORMS POST POSTS es una herramienta incre\u00edblemente robusta y eficiente que faculta a los usuarios dise\u00f1ar y establecer formularios para enviar una multitud de contenido diverso a sus queridos sitios web de WordPress. Al aprovechar WPFORMS, los usuarios pueden fabricar y personalizar sin esfuerzo formularios de manera altamente personalizada a trav\u00e9s de una interfaz intuitiva y perfecta de arrastrar y soltar, asegurando as\u00ed un nivel de conveniencia y facilidad sin precedentes. Adem\u00e1s, WPFORMS tambi\u00e9n ofrece a los usuarios la caracter\u00edstica invaluable de recibir notificaciones r\u00e1pidas cada vez que se env\u00eda con \u00e9xito un nuevo lote de contenido. El repertorio de funcionalidades avanzadas del complemento es impresionante, que abarca la capacidad de construir formas elaboradas imbuidas de l\u00f3gica condicional, una integraci\u00f3n perfecta con las plataformas de marketing de correo electr\u00f3nico l\u00edder, as\u00ed como el potencial incomparable para concentar y designar tipos de publicaci\u00f3n a medida para los tipos de publicaciones para los Contenido voluminoso que se env\u00eda constantemente. Los env\u00edos de WPForms Post realmente representan un verdadero cambio de juego en el \u00e1mbito de manejar y administrar efectivamente el contenido generado por el usuario en su apreciado sitio web de WordPress, solidificando firmemente su estado como un activo indispensable en cualquier arsenal de webmaster exigente.<\/p>\n<ul>\n<li>Agiliza el proceso de enviar publicaciones a su sitio web de WordPress con WPFORMS<\/li>\n<li>Permite a los usuarios enviar r\u00e1pida y f\u00e1cilmente publicaciones de blog, art\u00edculos u otro contenido de un formulario frontal f\u00e1cil de usar<\/li>\n<li>Ofrece campos de formulario personalizables para que los usuarios ingresen el t\u00edtulo, el contenido, el nombre del autor o la bio, la imagen destacada, las etiquetas y m\u00e1s<\/li>\n<li>Acepta cargas de archivos, incluidas im\u00e1genes y videos, para la creaci\u00f3n de contenido rico en medios<\/li>\n<li>Realiza una verificaci\u00f3n autom\u00e1tica de prevenci\u00f3n y presentaci\u00f3n de spam<\/li>\n<li>Permite a los administradores del sitio revisar, editar y aprobar publicaciones enviadas antes de publicar<\/li>\n<li>Evita la necesidad de que los usuarios tengan acceso al backend del tablero de WordPress, reduciendo el riesgo de cambios o errores accidentales del sitio<\/li>\n<li>Se integra a la perfecci\u00f3n con WPForms, un complemento de constructor de formulario popular y confiable para sitios de WordPress<\/li>\n<li>Proporciona una experiencia de usuario m\u00e1s suave tanto para los visitantes del sitio como para los creadores de contenido, lo que resulta en un mayor compromiso y productividad.<\/li>\n<\/ul>\n","protected":false},"excerpt":{"rendered":"<p>WPFORMS POST Publicaciones, un complemento muy robusto, ofrece a los usuarios la notable capacidad de enviar publicaciones sin esfuerzo a trav\u00e9s de WPFORMS. Mediante este complemento, tiene la oportunidad de acumular convenientemente el contenido de sus estimados usuarios y, posteriormente, revelarlo en su sitio web exquisitamente dise\u00f1ado. Adem\u00e1s, tambi\u00e9n tiene la capacidad de fabricar formas personalizadas que est\u00e9n perfectamente alineadas con sus requisitos \u00fanicos, facilitando efectivamente la gesti\u00f3n perfecta del contenido enviado. Adem\u00e1s, los env\u00edos de WPFORMS Post aseguran una experiencia de usuario incomparable debido a su naturaleza f\u00e1cil de usar, lo que le permite optimizar la eficiencia en la recopilaci\u00f3n de informaci\u00f3n fundamental y posteriormente publicarla en su sitio web visualmente atractivo.<\/p>\n","protected":false},"featured_media":168508,"comment_status":"open","ping_status":"open","template":"","meta":[],"product_brand":[2628],"product_cat":[1216,1206,1211],"product_tag":[1440],"class_list":{"0":"post-123132","1":"product","2":"type-product","3":"status-publish","4":"has-post-thumbnail","6":"product_brand-wp-forms","7":"product_cat-formas","8":"product_cat-plugins","9":"product_cat-wordpress-plugins","10":"product_tag-wp-forms","11":"member-discount","12":"discount-restricted","14":"first","15":"instock","16":"sale","17":"downloadable","18":"virtual","19":"sold-individually","20":"purchasable","21":"product-type-simple"},"_links":{"self":[{"href":"https:\/\/gpl-love.com\/es\/wp-json\/wp\/v2\/product\/123132","targetHints":{"allow":["GET"]}}],"collection":[{"href":"https:\/\/gpl-love.com\/es\/wp-json\/wp\/v2\/product"}],"about":[{"href":"https:\/\/gpl-love.com\/es\/wp-json\/wp\/v2\/types\/product"}],"replies":[{"embeddable":true,"href":"https:\/\/gpl-love.com\/es\/wp-json\/wp\/v2\/comments?post=123132"}],"wp:featuredmedia":[{"embeddable":true,"href":"https:\/\/gpl-love.com\/es\/wp-json\/wp\/v2\/media\/168508"}],"wp:attachment":[{"href":"https:\/\/gpl-love.com\/es\/wp-json\/wp\/v2\/media?parent=123132"}],"wp:term":[{"taxonomy":"product_brand","embeddable":true,"href":"https:\/\/gpl-love.com\/es\/wp-json\/wp\/v2\/product_brand?post=123132"},{"taxonomy":"product_cat","embeddable":true,"href":"https:\/\/gpl-love.com\/es\/wp-json\/wp\/v2\/product_cat?post=123132"},{"taxonomy":"product_tag","embeddable":true,"href":"https:\/\/gpl-love.com\/es\/wp-json\/wp\/v2\/product_tag?post=123132"}],"curies":[{"name":"wp","href":"https:\/\/api.w.org\/{rel}","templated":true}]}}