{"id":123130,"date":"2024-02-22T00:00:00","date_gmt":"2024-02-22T05:00:00","guid":{"rendered":"https:\/\/gpl-love.com\/es\/producto\/wpforms-paypal-standard\/"},"modified":"2026-03-09T08:31:12","modified_gmt":"2026-03-09T13:31:12","slug":"wpforms-paypal-standard","status":"publish","type":"product","link":"https:\/\/gpl-love.com\/es\/producto\/wpforms-paypal-standard\/","title":{"rendered":"WPForms PayPal Standard 1.10.0"},"content":{"rendered":"<h3>WPForms PayPal Standard Caracteristicas<\/h3>\n<p>WPForms PayPal Standard es un complemento notablemente robusto y potente que le otorga la conveniencia de integrar a la perfecci\u00f3n los pagos de PayPal en su sitio web de WordPress. Al utilizar este complemento excepcional, tiene la capacidad de crear formularios de pago personalizados sin esfuerzo en cuesti\u00f3n de minutos, lo que permite la aceptaci\u00f3n de los pagos de personas que abarcan el mundo. En particular, este complemento se enorgullece de su interfaz extremadamente f\u00e1cil de usar, lo que lo hace accesible para las personas que poseen un dominio t\u00e9cnico limitado, ya que pueden configurar sin esfuerzo sus formularios de pago con la mayor facilidad. WPForms PayPal Standard ofrece un notable grado de personalizaci\u00f3n, brindando la oportunidad de seleccionar entre una extensa gama de plantillas y adaptar la apariencia y la esencia de sus formas para alinearse sin problemas con la marca distintiva de su sitio web. Adem\u00e1s, este complemento est\u00e1 equipado con disposiciones de seguridad avanzadas, asegurando que todas las transacciones sean salvaguardadas y la informaci\u00f3n del usuario sigue siendo bien protegida. En general, WPForms PayPal Standard surge como una herramienta excepcional que permite a las empresas que buscan embarcarse en aceptar pagos en l\u00ednea.<\/p>\n<ul>\n<li>Integre f\u00e1cilmente los pagos de PayPal en sus WPForms<\/li>\n<li>Asegure pagos en l\u00ednea con PayPal<\/li>\n<li>Varias opciones de pago disponibles<\/li>\n<li>Proceso de configuraci\u00f3n simple<\/li>\n<li>No hay necesidad de codificaci\u00f3n o habilidades t\u00e9cnicas<\/li>\n<li>Rastrear los pagos y administrar las transacciones<\/li>\n<li>Atenci\u00f3n al cliente 24\/7 disponible<\/li>\n<li>Confiado por miles de empresas<\/li>\n<li>Compatible con todos los planes WPForms<\/li>\n<\/ul>\n","protected":false},"excerpt":{"rendered":"<p>WPForms PayPal Standard es un complemento incre\u00edblemente eficiente dise\u00f1ado espec\u00edficamente para el complemento WPForms, destinado a racionalizar y simplificar el proceso bastante complicado de aceptar pagos en su sitio web. Esta notable herramienta ofrece una integraci\u00f3n segura y perfecta de los pagos de PayPal directamente en sus formularios, asegurando transacciones en l\u00ednea r\u00e1pidas y sin esfuerzo. Despedirse de los procedimientos de pago desconcertantes e intrincados, y adopta un sistema de pago sin problemas y sin problemas que seguramente obtendr\u00e1 la adoraci\u00f3n de sus estimados clientes. Ya sea que su objetivo sea vender productos o reunir donaciones, WPFORMS PayPal Standard facilita sin esfuerzo la recepci\u00f3n de pago r\u00e1pida y segura.<\/p>\n","protected":false},"featured_media":168507,"comment_status":"open","ping_status":"open","template":"","meta":[],"product_brand":[2628],"product_cat":[1278,1206,1211],"product_tag":[1440],"class_list":{"0":"post-123130","1":"product","2":"type-product","3":"status-publish","4":"has-post-thumbnail","6":"product_brand-wp-forms","7":"product_cat-pago","8":"product_cat-plugins","9":"product_cat-wordpress-plugins","10":"product_tag-wp-forms","11":"member-discount","12":"discount-restricted","14":"first","15":"instock","16":"sale","17":"downloadable","18":"virtual","19":"sold-individually","20":"purchasable","21":"product-type-simple"},"_links":{"self":[{"href":"https:\/\/gpl-love.com\/es\/wp-json\/wp\/v2\/product\/123130","targetHints":{"allow":["GET"]}}],"collection":[{"href":"https:\/\/gpl-love.com\/es\/wp-json\/wp\/v2\/product"}],"about":[{"href":"https:\/\/gpl-love.com\/es\/wp-json\/wp\/v2\/types\/product"}],"replies":[{"embeddable":true,"href":"https:\/\/gpl-love.com\/es\/wp-json\/wp\/v2\/comments?post=123130"}],"wp:featuredmedia":[{"embeddable":true,"href":"https:\/\/gpl-love.com\/es\/wp-json\/wp\/v2\/media\/168507"}],"wp:attachment":[{"href":"https:\/\/gpl-love.com\/es\/wp-json\/wp\/v2\/media?parent=123130"}],"wp:term":[{"taxonomy":"product_brand","embeddable":true,"href":"https:\/\/gpl-love.com\/es\/wp-json\/wp\/v2\/product_brand?post=123130"},{"taxonomy":"product_cat","embeddable":true,"href":"https:\/\/gpl-love.com\/es\/wp-json\/wp\/v2\/product_cat?post=123130"},{"taxonomy":"product_tag","embeddable":true,"href":"https:\/\/gpl-love.com\/es\/wp-json\/wp\/v2\/product_tag?post=123130"}],"curies":[{"name":"wp","href":"https:\/\/api.w.org\/{rel}","templated":true}]}}