{"id":123126,"date":"2025-10-18T00:00:00","date_gmt":"2025-10-18T05:00:00","guid":{"rendered":"https:\/\/gpl-love.com\/es\/producto\/wpforms-geolocation\/"},"modified":"2026-03-09T08:31:03","modified_gmt":"2026-03-09T13:31:03","slug":"wpforms-geolocation","status":"publish","type":"product","link":"https:\/\/gpl-love.com\/es\/producto\/wpforms-geolocation\/","title":{"rendered":"WPForms Geolocation 2.12.0"},"content":{"rendered":"<h3>WPForms Geolocation Caracteristicas<\/h3>\n<p>El complemento WPForms Geolocation es una caracter\u00edstica excepcionalmente robusta y formidable que permite a los usuarios adquirir y registrar sin esfuerzo el paradero preciso de las personas que visitan sus sitios web. A trav\u00e9s de la utilizaci\u00f3n de esta funcionalidad de vanguardia, los propietarios de los sitios web pueden monitorear sin problemas las ubicaciones geogr\u00e1ficas de sus estimados visitantes y, posteriormente, aprovechar esta informaci\u00f3n invaluable para hacer determinaciones comerciales informadas y juiciosas. En particular, uno puede apuntar con manera h\u00e1bil las regiones geogr\u00e1ficas espec\u00edficas para campa\u00f1as de marketing altamente efectivas o adaptar expertamente el contenido de acuerdo con la ubicaci\u00f3n geogr\u00e1fica del visitante. Este componente complementario ofrece un grado superlativo de precisi\u00f3n y confiabilidad en t\u00e9rminos de datos de geolocalizaci\u00f3n, lo que lo convierte en una herramienta indispensable para cualquier empresa basada en informaci\u00f3n basada en la ubicaci\u00f3n. Al aprovechar los innumerables beneficios conferidos por WPForms Geolocation, los usuarios pueden acumular y analizar eficazmente los datos enraizados en la ubicaci\u00f3n geogr\u00e1fica, perfeccionando y mejorando su presencia virtual y, en \u00faltima instancia, aumentar el flujo de tr\u00e1fico, reforzar las figuras de ventas y catalizar un aumento en las conversiones.<\/p>\n<ul>\n<li>Datos de geolocalizaci\u00f3n precisos y confiables para sus formularios<\/li>\n<li>Interfaz intuitiva y f\u00e1cil de usar para una f\u00e1cil personalizaci\u00f3n<\/li>\n<li>Potentes caracter\u00edsticas conscientes de la ubicaci\u00f3n, incluida la distancia de radio y los condicionales<\/li>\n<li>Integraci\u00f3n simple con su sitio de WordPress existente<\/li>\n<li>Perfecto para las empresas que necesitan recopilar datos espec\u00edficos de la ubicaci\u00f3n de los usuarios<\/li>\n<li>Funcionalidad avanzada, como soporte de varios idiomas y marcadores personalizados<\/li>\n<li>Integraci\u00f3n incorporada de Google Maps para una experiencia de usuario perfecta<\/li>\n<li>Actualizaciones regulares y soporte continuo del equipo de WPFORMS<\/li>\n<li>Cumplimiento de GDPR y garantiza la privacidad de los datos para los usuarios<\/li>\n<li>No se requiere codificaci\u00f3n, por lo que es accesible para los usuarios de todos los niveles de habilidad.<\/li>\n<\/ul>\n","protected":false},"excerpt":{"rendered":"<p>WPForms Geolocation, un complemento innovador, ofrece la capacidad de obtener datos de ubicaci\u00f3n sin esfuerzo de los visitantes de su sitio web. Al integrar a la perfecci\u00f3n los datos de geolocalizaci\u00f3n en sus formularios, esta potente herramienta le permite adquirir informaci\u00f3n valiosa sobre los comportamientos de sus usuarios. Independientemente de si opera un sitio web de comercio electr\u00f3nico, solicita comentarios de los clientes o realiza una investigaci\u00f3n de mercado, la utilizaci\u00f3n de la geolocaci\u00f3n WPFORMS puede mejorar enormemente su estrategia de marketing y facilitar la expansi\u00f3n comercial. Por lo tanto, \u00bfpor qu\u00e9 retrasar m\u00e1s? \u00a1Adquirir WPForms Geolocation hoy y comienza a aprovechar el potencial influyente de los datos basados \u200b\u200ben la ubicaci\u00f3n!<\/p>\n","protected":false},"featured_media":168500,"comment_status":"open","ping_status":"open","template":"","meta":[],"product_brand":[2628],"product_cat":[1214,1206,1211],"product_tag":[1440],"class_list":{"0":"post-123126","1":"product","2":"type-product","3":"status-publish","4":"has-post-thumbnail","6":"product_brand-wp-forms","7":"product_cat-personalizacion","8":"product_cat-plugins","9":"product_cat-wordpress-plugins","10":"product_tag-wp-forms","11":"member-discount","12":"discount-restricted","14":"first","15":"instock","16":"sale","17":"downloadable","18":"virtual","19":"sold-individually","20":"purchasable","21":"product-type-simple"},"_links":{"self":[{"href":"https:\/\/gpl-love.com\/es\/wp-json\/wp\/v2\/product\/123126","targetHints":{"allow":["GET"]}}],"collection":[{"href":"https:\/\/gpl-love.com\/es\/wp-json\/wp\/v2\/product"}],"about":[{"href":"https:\/\/gpl-love.com\/es\/wp-json\/wp\/v2\/types\/product"}],"replies":[{"embeddable":true,"href":"https:\/\/gpl-love.com\/es\/wp-json\/wp\/v2\/comments?post=123126"}],"wp:featuredmedia":[{"embeddable":true,"href":"https:\/\/gpl-love.com\/es\/wp-json\/wp\/v2\/media\/168500"}],"wp:attachment":[{"href":"https:\/\/gpl-love.com\/es\/wp-json\/wp\/v2\/media?parent=123126"}],"wp:term":[{"taxonomy":"product_brand","embeddable":true,"href":"https:\/\/gpl-love.com\/es\/wp-json\/wp\/v2\/product_brand?post=123126"},{"taxonomy":"product_cat","embeddable":true,"href":"https:\/\/gpl-love.com\/es\/wp-json\/wp\/v2\/product_cat?post=123126"},{"taxonomy":"product_tag","embeddable":true,"href":"https:\/\/gpl-love.com\/es\/wp-json\/wp\/v2\/product_tag?post=123126"}],"curies":[{"name":"wp","href":"https:\/\/api.w.org\/{rel}","templated":true}]}}